{"id":850,"date":"2017-04-12T15:44:08","date_gmt":"2017-04-12T14:44:08","guid":{"rendered":"http:\/\/dominicaineslangeac.fr\/?page_id=850"},"modified":"2017-04-19T09:21:03","modified_gmt":"2017-04-19T08:21:03","slug":"histoire-du-monastere","status":"publish","type":"page","link":"https:\/\/dominicaineslangeac.fr\/index.php\/regle-de-vie\/histoire-du-monastere\/","title":{"rendered":"Histoire du Monast\u00e8re"},"content":{"rendered":"<div id=\"attachment_730\" style=\"width: 340px\" class=\"wp-caption alignright\"><img data-recalc-dims=\"1\" loading=\"lazy\" decoding=\"async\" aria-describedby=\"caption-attachment-730\" data-attachment-id=\"730\" data-permalink=\"https:\/\/dominicaineslangeac.fr\/?attachment_id=730\" data-orig-file=\"https:\/\/i0.wp.com\/dominicaineslangeac.fr\/wp-content\/uploads\/2016\/10\/The_Perugia_Altarpiece_Side_Panel_Depicting_St._Dominic.jpg?fit=330%2C468&amp;ssl=1\" data-orig-size=\"330,468\" data-comments-opened=\"0\" data-image-meta=\"{&quot;aperture&quot;:&quot;0&quot;,&quot;credit&quot;:&quot;&quot;,&quot;camera&quot;:&quot;&quot;,&quot;caption&quot;:&quot;&quot;,&quot;created_timestamp&quot;:&quot;0&quot;,&quot;copyright&quot;:&quot;&quot;,&quot;focal_length&quot;:&quot;0&quot;,&quot;iso&quot;:&quot;0&quot;,&quot;shutter_speed&quot;:&quot;0&quot;,&quot;title&quot;:&quot;&quot;,&quot;orientation&quot;:&quot;0&quot;}\" data-image-title=\"St Dominique Perugia\" data-image-description=\"\" data-image-caption=\"\" data-large-file=\"https:\/\/i0.wp.com\/dominicaineslangeac.fr\/wp-content\/uploads\/2016\/10\/The_Perugia_Altarpiece_Side_Panel_Depicting_St._Dominic.jpg?fit=330%2C468&amp;ssl=1\" class=\"wp-image-730 size-full\" src=\"https:\/\/i0.wp.com\/dominicaineslangeac.fr\/wp-content\/uploads\/2016\/10\/The_Perugia_Altarpiece_Side_Panel_Depicting_St._Dominic.jpg?resize=330%2C468\" width=\"330\" height=\"468\" srcset=\"https:\/\/i0.wp.com\/dominicaineslangeac.fr\/wp-content\/uploads\/2016\/10\/The_Perugia_Altarpiece_Side_Panel_Depicting_St._Dominic.jpg?w=330&amp;ssl=1 330w, https:\/\/i0.wp.com\/dominicaineslangeac.fr\/wp-content\/uploads\/2016\/10\/The_Perugia_Altarpiece_Side_Panel_Depicting_St._Dominic.jpg?resize=212%2C300&amp;ssl=1 212w\" sizes=\"auto, (max-width: 330px) 100vw, 330px\" \/><p id=\"caption-attachment-730\" class=\"wp-caption-text\">Saint Dominique par Fra Angelico, Perugia.<\/p><\/div>\n<p>La fondation du monast\u00e8re et son histoire se placent sous l\u2019angle du renouveau dominicain de la premi\u00e8re moiti\u00e9 du XVII<sup>e<\/sup> si\u00e8cle en France.<br \/>\nTrente-deux fondations voient le jour \u00e0 partir de deux souches, les monast\u00e8res de Sainte Catherine de Sienne de Toulouse et de Sainte Prax\u00e8de d\u2019Avignon.<\/p>\n<p>C\u2019est ce dernier monast\u00e8re qui retrouvant une pleine ferveur dans les ann\u00e9es 1578-1600 sous l\u2019influence du P\u00e8re S\u00e9bastien Micha\u00eblis, est \u00e0 l\u2019origine du monast\u00e8re du Puy en Velay qui lui-m\u00eame fondera Langeac.<\/p>\n<p>Il ne s\u2019agit pas \u00e0 proprement parler de monast\u00e8res qui essaiment mais sous l\u2019impulsion de fondatrices locales, ils soutiennent les jeunes communaut\u00e9s formant les aspirantes\u00a0 \u00e0 la vie dominicaine par un pr\u00eat de s\u0153urs, qui leur t\u00e2ches accomplies reviennent dans leur monast\u00e8re d\u2019origine.<\/p>\n<p>Ainsi en est-il pour Langeac, en 1619 apr\u00e8s une pr\u00e9dication sur le Rosaire \u00e0 l\u2019\u00e9glise Saint Gal par le capucin Th\u00e9odose de Bergame, quatre dames souhait\u00e8rent ouvrir un monast\u00e8re dominicain. Elles commenc\u00e8rent aussit\u00f4t les d\u00e9marches pour la construction d\u2019un nouvel \u00e9difice avec le soutien de la population, et pour assurer leur formation obtinrent le pr\u00eat de trois s\u0153urs du monast\u00e8re du Puy. En septembre 1623, les constructions achev\u00e9es, elles all\u00e8rent comme convenu au Puy chercher les moniales et \u00e0 cette occasion rencontr\u00e8rent Agn\u00e8s qu\u2019elles accept\u00e8rent de prendre avec elles comme postulante. Agn\u00e8s entr\u00e9e comme converse fut finalement re\u00e7ue \u00e0 la profession comme s\u0153ur de ch\u0153ur le 2 f\u00e9vrier 1625 et tr\u00e8s vite mise en responsabilit\u00e9. Tout d\u2019abord d\u00e9sign\u00e9e pour la formation des novices, elle fut nomm\u00e9e responsable d\u00e8s le retour des trois moniales dans leur monast\u00e8re du Puy. Devenue prieure, devant d\u00e9missionner de cette fonction puis la reprendre, avant de d\u00e9c\u00e9der \u00e0 32 ans.<\/p>\n<p>Agn\u00e8s m\u00eame si elle n\u2019est pas formellement une fondatrice de la communaut\u00e9 reste la personne la plus marquante de toute son histoire\u00a0; son impulsion, ses exemples restent une r\u00e9alit\u00e9 vivante. Apr\u00e8s sa mort ses s\u0153urs entreprendront les d\u00e9marches pour que l\u2019Eglise reconnaisse sa saintet\u00e9 de vie.<\/p>\n<p>En 1792 chass\u00e9es de force les trente-quatre s\u0153urs que comptent alors le monast\u00e8re se r\u00e9fugient dans leurs familles. D\u2019eux d\u2019entre elles furent emprisonn\u00e9es et eurent la vie sauve quand advint la chute de Robespierre. Le monast\u00e8re devint un bien national et fut transform\u00e9 en hospice pour les vieillards.<\/p>\n<div id=\"attachment_723\" style=\"width: 710px\" class=\"wp-caption alignnone\"><img data-recalc-dims=\"1\" loading=\"lazy\" decoding=\"async\" aria-describedby=\"caption-attachment-723\" data-attachment-id=\"723\" data-permalink=\"https:\/\/dominicaineslangeac.fr\/?attachment_id=723\" data-orig-file=\"https:\/\/i0.wp.com\/dominicaineslangeac.fr\/wp-content\/uploads\/2016\/10\/ancienmonast%C3%A8re-ste-catherine-langeac.jpg?fit=1102%2C776&amp;ssl=1\" data-orig-size=\"1102,776\" data-comments-opened=\"0\" data-image-meta=\"{&quot;aperture&quot;:&quot;0&quot;,&quot;credit&quot;:&quot;&quot;,&quot;camera&quot;:&quot;MG5600 series&quot;,&quot;caption&quot;:&quot;&quot;,&quot;created_timestamp&quot;:&quot;0&quot;,&quot;copyright&quot;:&quot;&quot;,&quot;focal_length&quot;:&quot;0&quot;,&quot;iso&quot;:&quot;0&quot;,&quot;shutter_speed&quot;:&quot;0&quot;,&quot;title&quot;:&quot;&quot;,&quot;orientation&quot;:&quot;1&quot;}\" data-image-title=\"Le plan de l&amp;rsquo;ancien monast\u00e8re\" data-image-description=\"\" data-image-caption=\"\" data-large-file=\"https:\/\/i0.wp.com\/dominicaineslangeac.fr\/wp-content\/uploads\/2016\/10\/ancienmonast%C3%A8re-ste-catherine-langeac.jpg?fit=700%2C493&amp;ssl=1\" class=\"wp-image-723 size-large\" src=\"https:\/\/i0.wp.com\/dominicaineslangeac.fr\/wp-content\/uploads\/2016\/10\/ancienmonast%C3%A8re-ste-catherine-langeac-700x493.jpg?resize=700%2C493\" width=\"700\" height=\"493\" srcset=\"https:\/\/i0.wp.com\/dominicaineslangeac.fr\/wp-content\/uploads\/2016\/10\/ancienmonast%C3%A8re-ste-catherine-langeac.jpg?resize=700%2C493&amp;ssl=1 700w, https:\/\/i0.wp.com\/dominicaineslangeac.fr\/wp-content\/uploads\/2016\/10\/ancienmonast%C3%A8re-ste-catherine-langeac.jpg?resize=300%2C211&amp;ssl=1 300w, https:\/\/i0.wp.com\/dominicaineslangeac.fr\/wp-content\/uploads\/2016\/10\/ancienmonast%C3%A8re-ste-catherine-langeac.jpg?resize=768%2C541&amp;ssl=1 768w, https:\/\/i0.wp.com\/dominicaineslangeac.fr\/wp-content\/uploads\/2016\/10\/ancienmonast%C3%A8re-ste-catherine-langeac.jpg?w=1102&amp;ssl=1 1102w\" sizes=\"auto, (max-width: 700px) 100vw, 700px\" \/><p id=\"caption-attachment-723\" class=\"wp-caption-text\">Le plan de l&rsquo;ancien monast\u00e8re<\/p><\/div>\n<h3>Histoire du monast\u00e8re depuis la r\u00e9volution<\/h3>\n<p>Il faut attendre 1805 pour que des temps plus cl\u00e9ments donnent \u00e0 quelques s\u0153urs dont l\u2019ancienne prieure M\u00e8re Augustin Mallet, l\u2019esp\u00e9rance de retrouver la vie monastique dans leurs b\u00e2timents \u00e0 la condition de s\u2019embaucher comme garde-malade \u00e0 l\u2019hospice.<\/p>\n<p>Le d\u00e9cret en 1808 du pape Pie VII reconnaissant Agn\u00e8s comme V\u00e9n\u00e9rable est un encouragement. Cependant, malgr\u00e9 le soutien de Monsieur Emery, sup\u00e9rieur de la compagnie de saint Sulpice, les d\u00e9marches se succ\u00e8dent jusqu\u2018en 1820 pour tenter de rentrer en possession de leur monast\u00e8re, mais en vain. La communaut\u00e9 d\u00e9cide alors de renoncer \u00e0 ses b\u00e2timents pour se soustraire \u00e0 l\u2019office de garde-malade et retrouver la vie contemplative en achetant la maison attenante. En 1822, l\u2019\u00e9v\u00eaque de saint Flour r\u00e9tablit officiellement la communaut\u00e9 nommant M\u00e8re Rosalie Tuja prieure.<\/p>\n<p>Quand les premi\u00e8res novices arrivent en 1824, la communaut\u00e9 ne compte plus que 3 s\u0153urs. La mort de M\u00e8re Marie Tuja en 1829 fit vaciller la communaut\u00e9 encore bien jeune. Mais, le Seigneur veillait. L\u2019Ev\u00eaque du Puy, Monseigneur de Bonald, institua prieure une jeune soeur M\u00e8re Marie de Tous les Saints Boyer native de Landos\u00a0 de 27 ans, mais qui, comme on le verra dans la suite, poss\u00e8dait toutes les qualit\u00e9s pour remplir cette charge qu\u2019elle assumera durant 38 ans. Aid\u00e9e de Monsieur Mercier, cur\u00e9 de Langeac et de Monsieur P\u00e9ala, sup\u00e9rieur du grand s\u00e9minaire du Puy, elle rel\u00e8vera la communaut\u00e9 spirituellement et mat\u00e9riellement.<\/p>\n<p>\u00ab\u00a0Les sujets arrivant nombreux et fervents\u00a0\u00bb, pouss\u00e9e par l\u2019exigu\u00eft\u00e9 de la maison, M\u00e8re Marie de Tous les Saints acheta un bel emplacement sur les bords de l\u2019Allier face au pont suspendu et fit construire en 1840 un nouveau monast\u00e8re.<\/p>\n<p>Les travaux \u00e0 peine achev\u00e9s, le 27 octobre 1841 la communaut\u00e9 fut transf\u00e9r\u00e9e solennellement, Monseigneur Darcimoles, \u00e9v\u00eaque du Puy, pr\u00e9sidant la c\u00e9r\u00e9monie. Apr\u00e8s bien des difficult\u00e9s, le corps de la bienheureuse Agn\u00e8s, gard\u00e9 \u00e0 la paroisse dans le caveau des seigneurs de Langeac durant la tourmente, pu \u00eatre rendu au monast\u00e8re de nuit. Les langeadois mena\u00e7ant de venir l\u2019y reprendre \u00ab\u00a0Monsieur le Maire dut intervenir par des menaces s\u00e9v\u00e8res\u00a0\u00bb.<\/p>\n<p>Deux ans plus tard, les s\u0153urs verront avec bonheur le fr\u00e8re Henri-Dominique Lacordaire travailler au retour des fr\u00e8res dominicains en France. Elles connurent \u00e0 cette \u00e9poque une p\u00e9riode de prosp\u00e9rit\u00e9. En 1854, elles construisent une ferme et une nouvelle chapelle dessin\u00e9e par le fr\u00e8re Louis Aussant (architecte), alors prieur du couvent de Paris. Les vitraux seront pos\u00e9s en 1871 par les peintres verriers Thoreil-Fournier du Puy. En 1890, la vicomtesse d\u2019Ussel offrit une nouvelle ch\u00e2sse pour le corps de la bienheureuse Agn\u00e8s (la ch\u00e2sse actuelle).<\/p>\n<div id=\"attachment_687\" style=\"width: 710px\" class=\"wp-caption alignnone\"><img data-recalc-dims=\"1\" loading=\"lazy\" decoding=\"async\" aria-describedby=\"caption-attachment-687\" data-attachment-id=\"687\" data-permalink=\"https:\/\/dominicaineslangeac.fr\/?attachment_id=687\" data-orig-file=\"https:\/\/i0.wp.com\/dominicaineslangeac.fr\/wp-content\/uploads\/2017\/03\/Langeac-1.jpg?fit=1052%2C614&amp;ssl=1\" data-orig-size=\"1052,614\" data-comments-opened=\"0\" data-image-meta=\"{&quot;aperture&quot;:&quot;0&quot;,&quot;credit&quot;:&quot;&quot;,&quot;camera&quot;:&quot;&quot;,&quot;caption&quot;:&quot;&quot;,&quot;created_timestamp&quot;:&quot;0&quot;,&quot;copyright&quot;:&quot;&quot;,&quot;focal_length&quot;:&quot;0&quot;,&quot;iso&quot;:&quot;0&quot;,&quot;shutter_speed&quot;:&quot;0&quot;,&quot;title&quot;:&quot;&quot;,&quot;orientation&quot;:&quot;1&quot;}\" data-image-title=\"Langeac\" data-image-description=\"\" data-image-caption=\"\" data-large-file=\"https:\/\/i0.wp.com\/dominicaineslangeac.fr\/wp-content\/uploads\/2017\/03\/Langeac-1.jpg?fit=700%2C409&amp;ssl=1\" class=\"wp-image-687 size-large\" src=\"https:\/\/i0.wp.com\/dominicaineslangeac.fr\/wp-content\/uploads\/2017\/03\/Langeac-1-700x409.jpg?resize=700%2C409\" width=\"700\" height=\"409\" srcset=\"https:\/\/i0.wp.com\/dominicaineslangeac.fr\/wp-content\/uploads\/2017\/03\/Langeac-1.jpg?resize=700%2C409&amp;ssl=1 700w, https:\/\/i0.wp.com\/dominicaineslangeac.fr\/wp-content\/uploads\/2017\/03\/Langeac-1.jpg?resize=300%2C175&amp;ssl=1 300w, https:\/\/i0.wp.com\/dominicaineslangeac.fr\/wp-content\/uploads\/2017\/03\/Langeac-1.jpg?resize=768%2C448&amp;ssl=1 768w, https:\/\/i0.wp.com\/dominicaineslangeac.fr\/wp-content\/uploads\/2017\/03\/Langeac-1.jpg?w=1052&amp;ssl=1 1052w\" sizes=\"auto, (max-width: 700px) 100vw, 700px\" \/><p id=\"caption-attachment-687\" class=\"wp-caption-text\">Langeac avec le Monast\u00e8re Sainte Catherine de Sienne \u00e0 droite<\/p><\/div>\n<p>La Loi Combes sur les congr\u00e9gations religieuses mit fin d\u00e8s 1901 \u00e0 ces 60 ann\u00e9es prosp\u00e8res. En effet, le 3 ao\u00fbt 1904 un liquidateur accompagn\u00e9 du greffier et du juge de paix vinrent faire l\u2019inventaire des biens mais, les s\u0153urs r\u00e9sistant \u00e0 cette mesure inique demeur\u00e8rent dans un b\u00e2timent qui officiellement n\u2019\u00e9tait plus le leur. Toujours sous la menace d\u2019une expulsion, c\u2019est la guerre de 1914 qui les sauvera de ce p\u00e9ril. Pour l\u2019heure les s\u0153urs soutiennent par la pri\u00e8re, l\u2019accueil des r\u00e9fugi\u00e9s, les colis aux soldats\u2026<\/p>\n<p>Apr\u00e8s la guerre, les dossiers de cette maison sous s\u00e9questre sont ressortis. Un premier compromis avec les Domaines est trouv\u00e9 en 1922 selon la loi qui permettait d\u2019hospitaliser des s\u0153urs dans le monast\u00e8re et interdisant de ce fait la vente de l\u2019immeuble du vivant de ces s\u0153urs. Le recrutement est prohib\u00e9, mais les autorit\u00e9s fermeront les yeux\u2026 Pass\u00e9e l\u2019\u00e9preuve de la seconde guerre mondiale, les d\u00e9marches reprennent, une Association des Amis de Langeac est cr\u00e9\u00e9e dans le but de n\u00e9gocier un contrat de location des b\u00e2timents avec les Domaines. Enfin, le rachat du monast\u00e8re aux Domaines par l\u2019Association sera n\u00e9goci\u00e9 pour aboutir en 1964 \u00e0 un acte de vente et en 1975 au d\u00e9cret de reconnaissance l\u00e9gale de la communaut\u00e9 qui lui permet enfin de devenir propri\u00e9taire de ses b\u00e2timents.<\/p>\n<p>Malgr\u00e9 la situation encore pr\u00e9caire de 1950 les s\u0153urs r\u00e9novent leur ch\u0153ur en faisant appel aux dons et \u00e0 deux artisans lyonnais\u00a0: le Chanoine Lamarche et son \u00e9cole du Bachut pour les stalles et Jean Coquet pour les vitraux.<\/p>\n<p>Dans le mouvement de toute l\u2019Eglise, le Concile Vatican II sera source de renouvellement spirituel, liturgique et mat\u00e9riel avec la cr\u00e9ation d\u2019une imprimerie en 1968. S\u0153ur Marie de la Trinit\u00e9 sera charg\u00e9e par le Ma\u00eetre de l\u2019Ordre de cr\u00e9er une f\u00e9d\u00e9ration des monast\u00e8res pour favoriser leur collaboration pour la formation des jeunes entre autre.<\/p>\n<p>En 1994, le pape Jean-Paul II b\u00e9atifie la bienheureuse Agn\u00e8s de J\u00e9sus confirmant la communaut\u00e9 dans la pri\u00e8re pour les pr\u00eatres, les s\u00e9minaristes et les enfants \u00e0 na\u00eetre.<\/p>\n<p>En ce d\u00e9but de XXIe si\u00e8cle, les sollicitations ext\u00e9rieures poussent la communaut\u00e9 \u00e0 partager son patrimoine spirituel, ainsi dans ce but, l\u2019ancienne ferme est r\u00e9habilit\u00e9e en accueil monastique.<\/p>\n<div id=\"attachment_724\" style=\"width: 987px\" class=\"wp-caption alignnone\"><img data-recalc-dims=\"1\" loading=\"lazy\" decoding=\"async\" aria-describedby=\"caption-attachment-724\" data-attachment-id=\"724\" data-permalink=\"https:\/\/dominicaineslangeac.fr\/?attachment_id=724\" data-orig-file=\"https:\/\/i0.wp.com\/dominicaineslangeac.fr\/wp-content\/uploads\/2016\/10\/nouveumonastere.jpg?fit=977%2C706&amp;ssl=1\" data-orig-size=\"977,706\" data-comments-opened=\"0\" data-image-meta=\"{&quot;aperture&quot;:&quot;0&quot;,&quot;credit&quot;:&quot;&quot;,&quot;camera&quot;:&quot;MG5600 series&quot;,&quot;caption&quot;:&quot;&quot;,&quot;created_timestamp&quot;:&quot;0&quot;,&quot;copyright&quot;:&quot;&quot;,&quot;focal_length&quot;:&quot;0&quot;,&quot;iso&quot;:&quot;0&quot;,&quot;shutter_speed&quot;:&quot;0&quot;,&quot;title&quot;:&quot;&quot;,&quot;orientation&quot;:&quot;1&quot;}\" data-image-title=\"nouveaumonastere\" data-image-description=\"\" data-image-caption=\"\" data-large-file=\"https:\/\/i0.wp.com\/dominicaineslangeac.fr\/wp-content\/uploads\/2016\/10\/nouveumonastere.jpg?fit=700%2C506&amp;ssl=1\" class=\"wp-image-724 size-full\" src=\"https:\/\/i0.wp.com\/dominicaineslangeac.fr\/wp-content\/uploads\/2016\/10\/nouveumonastere.jpg?resize=977%2C706\" width=\"977\" height=\"706\" srcset=\"https:\/\/i0.wp.com\/dominicaineslangeac.fr\/wp-content\/uploads\/2016\/10\/nouveumonastere.jpg?w=977&amp;ssl=1 977w, https:\/\/i0.wp.com\/dominicaineslangeac.fr\/wp-content\/uploads\/2016\/10\/nouveumonastere.jpg?resize=300%2C217&amp;ssl=1 300w, https:\/\/i0.wp.com\/dominicaineslangeac.fr\/wp-content\/uploads\/2016\/10\/nouveumonastere.jpg?resize=768%2C555&amp;ssl=1 768w, https:\/\/i0.wp.com\/dominicaineslangeac.fr\/wp-content\/uploads\/2016\/10\/nouveumonastere.jpg?resize=700%2C506&amp;ssl=1 700w\" sizes=\"auto, (max-width: 977px) 100vw, 977px\" \/><p id=\"caption-attachment-724\" class=\"wp-caption-text\">Langeac avec le nouveau monast\u00e8re Sainte Catherine de Sienne (19\u00e8me si\u00e8cle)<\/p><\/div>\n<p>&nbsp;<\/p>\n<p>&nbsp;<\/p>\n","protected":false},"excerpt":{"rendered":"<p>La fondation du monast\u00e8re et son histoire se placent sous l\u2019angle du renouveau dominicain de la premi\u00e8re moiti\u00e9 du XVIIe si\u00e8cle en France. Trente-deux fondations voient le jour \u00e0 partir de deux souches, les monast\u00e8res de Sainte Catherine de Sienne de Toulouse et de Sainte Prax\u00e8de d\u2019Avignon. C\u2019est ce dernier monast\u00e8re qui retrouvant une pleine [&hellip;]<\/p>\n","protected":false},"author":1,"featured_media":0,"parent":55,"menu_order":5,"comment_status":"closed","ping_status":"closed","template":"","meta":{"advanced_seo_description":"","jetpack_seo_html_title":"","jetpack_seo_noindex":false,"footnotes":""},"class_list":["post-850","page","type-page","status-publish","czr-hentry"],"jetpack_sharing_enabled":true,"jetpack_shortlink":"https:\/\/wp.me\/P7P1cC-dI","jetpack-related-posts":[{"id":6744,"url":"https:\/\/dominicaineslangeac.fr\/index.php\/jubile-2023\/colloque-22-23-sept\/","url_meta":{"origin":850,"position":0},"title":"Colloque 22-23 sept.","author":"MONASTERE","date":"4 mars 2023","format":false,"excerpt":"Colloque historique: En 1623, fondation du monast\u00e8re des dominicaines de Langeac. Avec Bernard Dompnier approfondir la longue histoire du monast\u00e8re et l'h\u00e9ritage de la Bse Agn\u00e8s de J\u00e9sus. Conclusion avec un concert de l'ensemble Ars Figuralis","rel":"","context":"Article similaire","block_context":{"text":"Article similaire","link":""},"img":{"alt_text":"","src":"https:\/\/i0.wp.com\/dominicaineslangeac.fr\/wp-content\/uploads\/2023\/03\/Capture-decran-2023-03-04-225043.png?resize=350%2C200&ssl=1","width":350,"height":200,"srcset":"https:\/\/i0.wp.com\/dominicaineslangeac.fr\/wp-content\/uploads\/2023\/03\/Capture-decran-2023-03-04-225043.png?resize=350%2C200&ssl=1 1x, https:\/\/i0.wp.com\/dominicaineslangeac.fr\/wp-content\/uploads\/2023\/03\/Capture-decran-2023-03-04-225043.png?resize=525%2C300&ssl=1 1.5x, https:\/\/i0.wp.com\/dominicaineslangeac.fr\/wp-content\/uploads\/2023\/03\/Capture-decran-2023-03-04-225043.png?resize=700%2C400&ssl=1 2x, https:\/\/i0.wp.com\/dominicaineslangeac.fr\/wp-content\/uploads\/2023\/03\/Capture-decran-2023-03-04-225043.png?resize=1050%2C600&ssl=1 3x"},"classes":[]},{"id":1199,"url":"https:\/\/dominicaineslangeac.fr\/index.php\/nous-aider\/","url_meta":{"origin":850,"position":1},"title":"Nous aider","author":"MONASTERE","date":"9 novembre 2018","format":false,"excerpt":"Vous pouvez nous aider en \u00a0adressant \u00a0un don \u00e0 la Fondation \u00a0des \u00a0Monast\u00e8res. La Fondation des Monast\u00e8res, fondation reconnue d'utilit\u00e9 publique, 14 rue Brunel - 75017 Paris - 01 45 31 02 02 - www.fondationdesmonasteres.org est habilit\u00e9e \u00e0 recevoir les dons d\u00e9ductibles fiscalement, pour son oeuvre de soutien charitable aux\u2026","rel":"","context":"Article similaire","block_context":{"text":"Article similaire","link":""},"img":{"alt_text":"","src":"https:\/\/i0.wp.com\/dominicaineslangeac.fr\/wp-content\/uploads\/2018\/11\/fondmon2018.jpg?resize=350%2C200","width":350,"height":200,"srcset":"https:\/\/i0.wp.com\/dominicaineslangeac.fr\/wp-content\/uploads\/2018\/11\/fondmon2018.jpg?resize=350%2C200 1x, https:\/\/i0.wp.com\/dominicaineslangeac.fr\/wp-content\/uploads\/2018\/11\/fondmon2018.jpg?resize=525%2C300 1.5x, https:\/\/i0.wp.com\/dominicaineslangeac.fr\/wp-content\/uploads\/2018\/11\/fondmon2018.jpg?resize=700%2C400 2x, https:\/\/i0.wp.com\/dominicaineslangeac.fr\/wp-content\/uploads\/2018\/11\/fondmon2018.jpg?resize=1050%2C600 3x"},"classes":[]},{"id":418,"url":"https:\/\/dominicaineslangeac.fr\/index.php\/agnes-de-langeac\/la-vie-dagnes-de-langeac\/","url_meta":{"origin":850,"position":2},"title":"La vie de la bienheureuse Agn\u00e8s","author":"Monast\u00e8re Ste Catherine","date":"10 octobre 2016","format":false,"excerpt":"\u00a0Fond\u00e9e en 1623, la communaut\u00e9 compte parmi ses fondatrices une jeune fille du Puy en Velay, s\u0153ur Agn\u00e8s de J\u00e9sus Galand. N\u00e9e le 17 novembre 1602, elle est re\u00e7ue dans l\u2019Ordre de saint Dominique, comme tertiaire, en 1621. Elle aime \u00e0 entourer les futures mamans de sa sollicitude. En 1623,\u2026","rel":"","context":"Article similaire","block_context":{"text":"Article similaire","link":""},"img":{"alt_text":"","src":"https:\/\/i0.wp.com\/dominicaineslangeac.fr\/wp-content\/uploads\/2016\/10\/Bse-Agn%C3%A8s-de-Langeac-207x300.jpg?resize=350%2C200","width":350,"height":200},"classes":[]},{"id":6443,"url":"https:\/\/dominicaineslangeac.fr\/index.php\/jubile-2023\/priere-du-jubile\/","url_meta":{"origin":850,"position":3},"title":"Pri\u00e8re du Jubil\u00e9","author":"MONASTERE","date":"29 d\u00e9cembre 2022","format":false,"excerpt":"Dieu de Mis\u00e9ricorde,dans ta sagesse \u00e9ternelle, tu as appel\u00e9 ton serviteur Dominique\u00e0 se mettre en route dans la foi, comme p\u00e8lerin itin\u00e9rantet pr\u00e9dicateur de la gr\u00e2ce. Il d\u00e9sira associer \u00e0 la Sainte Pr\u00e9dication nos premi\u00e8res s\u0153urs moniales,en leur confiant de chercher le Seigneur, de penser \u00e0 Lui,de l\u2019invoquer dans le\u2026","rel":"","context":"Article similaire","block_context":{"text":"Article similaire","link":""},"img":{"alt_text":"","src":"https:\/\/i0.wp.com\/dominicaineslangeac.fr\/wp-content\/uploads\/2023\/01\/DSC00077-scaled.jpg?resize=350%2C200","width":350,"height":200},"classes":[]},{"id":431,"url":"https:\/\/dominicaineslangeac.fr\/index.php\/regle-de-vie\/moniales-dominicaines\/","url_meta":{"origin":850,"position":4},"title":"Moniales dominicaines","author":"Monast\u00e8re Ste Catherine","date":"10 octobre 2016","format":false,"excerpt":"Nous sommes douze moniales dominicaines vivant dans un monast\u00e8re \u00e0 Langeac en Auvergne. Nous appartenons \u00e0 l\u2019Ordre des Pr\u00eacheurs, un Ordre religieux au sein de l\u2019\u00c9glise Catholique. Ce site pr\u00e9sente notre vie, nos activit\u00e9s et comment vous pouvez apprendre \u00e0 nous connaitre. Le propos fondamental Les moniales de l\u2019Ordre des\u2026","rel":"","context":"Article similaire","block_context":{"text":"Article similaire","link":""},"img":{"alt_text":"","src":"https:\/\/i0.wp.com\/dominicaineslangeac.fr\/wp-content\/uploads\/2020\/06\/ct%C3%A9-genets.jpg?fit=910%2C666&ssl=1&resize=350%2C200","width":350,"height":200,"srcset":"https:\/\/i0.wp.com\/dominicaineslangeac.fr\/wp-content\/uploads\/2020\/06\/ct%C3%A9-genets.jpg?fit=910%2C666&ssl=1&resize=350%2C200 1x, https:\/\/i0.wp.com\/dominicaineslangeac.fr\/wp-content\/uploads\/2020\/06\/ct%C3%A9-genets.jpg?fit=910%2C666&ssl=1&resize=525%2C300 1.5x, https:\/\/i0.wp.com\/dominicaineslangeac.fr\/wp-content\/uploads\/2020\/06\/ct%C3%A9-genets.jpg?fit=910%2C666&ssl=1&resize=700%2C400 2x"},"classes":[]},{"id":12486,"url":"https:\/\/dominicaineslangeac.fr\/index.php\/agnes-de-langeac\/historial-mere-agnes-2025\/","url_meta":{"origin":850,"position":5},"title":"Historial M\u00e8re Agn\u00e8s 2025","author":"MONASTERE","date":"31 mai 2025","format":false,"excerpt":"\u00c9t\u00e9 2025 : ouverture tous les jours de 15h \u00e0 18h sauf le dimanche Pr\u00e9sence du fr\u00e8re Julien , dominicain, historien de l'art, du 14 au 30 juillet 2025 AdresseRue Saint-Pierre de Chavanon43300 LangeacCoordonn\u00e9es45\u00b0\u00a005\u2032\u00a055\u2033\u00a0N, 3\u00b0\u00a029\u2032\u00a047\u2033\u00a0E Le mus\u00e9e se situe dans l'ancien monast\u00e8re des moniales dominicaines dont elles ont \u00e9t\u00e9 chass\u00e9es\u2026","rel":"","context":"Article similaire","block_context":{"text":"Article similaire","link":""},"img":{"alt_text":"","src":"https:\/\/i0.wp.com\/dominicaineslangeac.fr\/wp-content\/uploads\/2017\/03\/monastere-primitif-scaled.jpg?resize=350%2C200&ssl=1","width":350,"height":200,"srcset":"https:\/\/i0.wp.com\/dominicaineslangeac.fr\/wp-content\/uploads\/2017\/03\/monastere-primitif-scaled.jpg?resize=350%2C200&ssl=1 1x, https:\/\/i0.wp.com\/dominicaineslangeac.fr\/wp-content\/uploads\/2017\/03\/monastere-primitif-scaled.jpg?resize=525%2C300&ssl=1 1.5x, https:\/\/i0.wp.com\/dominicaineslangeac.fr\/wp-content\/uploads\/2017\/03\/monastere-primitif-scaled.jpg?resize=700%2C400&ssl=1 2x, https:\/\/i0.wp.com\/dominicaineslangeac.fr\/wp-content\/uploads\/2017\/03\/monastere-primitif-scaled.jpg?resize=1050%2C600&ssl=1 3x, https:\/\/i0.wp.com\/dominicaineslangeac.fr\/wp-content\/uploads\/2017\/03\/monastere-primitif-scaled.jpg?resize=1400%2C800&ssl=1 4x"},"classes":[]}],"_links":{"self":[{"href":"https:\/\/dominicaineslangeac.fr\/index.php\/wp-json\/wp\/v2\/pages\/850","targetHints":{"allow":["GET"]}}],"collection":[{"href":"https:\/\/dominicaineslangeac.fr\/index.php\/wp-json\/wp\/v2\/pages"}],"about":[{"href":"https:\/\/dominicaineslangeac.fr\/index.php\/wp-json\/wp\/v2\/types\/page"}],"author":[{"embeddable":true,"href":"https:\/\/dominicaineslangeac.fr\/index.php\/wp-json\/wp\/v2\/users\/1"}],"replies":[{"embeddable":true,"href":"https:\/\/dominicaineslangeac.fr\/index.php\/wp-json\/wp\/v2\/comments?post=850"}],"version-history":[{"count":7,"href":"https:\/\/dominicaineslangeac.fr\/index.php\/wp-json\/wp\/v2\/pages\/850\/revisions"}],"predecessor-version":[{"id":861,"href":"https:\/\/dominicaineslangeac.fr\/index.php\/wp-json\/wp\/v2\/pages\/850\/revisions\/861"}],"up":[{"embeddable":true,"href":"https:\/\/dominicaineslangeac.fr\/index.php\/wp-json\/wp\/v2\/pages\/55"}],"wp:attachment":[{"href":"https:\/\/dominicaineslangeac.fr\/index.php\/wp-json\/wp\/v2\/media?parent=850"}],"curies":[{"name":"wp","href":"https:\/\/api.w.org\/{rel}","templated":true}]}}