{"id":78,"date":"2016-08-20T17:55:46","date_gmt":"2016-08-20T16:55:46","guid":{"rendered":"http:\/\/dominicaineslangeac.fr\/?page_id=78"},"modified":"2024-06-07T15:36:32","modified_gmt":"2024-06-07T14:36:32","slug":"loffice-et-priere","status":"publish","type":"page","link":"https:\/\/dominicaineslangeac.fr\/index.php\/regle-de-vie\/loffice-et-priere\/","title":{"rendered":"Messe et offices"},"content":{"rendered":"<h2><img data-recalc-dims=\"1\" loading=\"lazy\" decoding=\"async\" data-attachment-id=\"44\" data-permalink=\"https:\/\/dominicaineslangeac.fr\/index.php\/2017\/03\/15\/laferme\/attachment\/22\/\" data-orig-file=\"https:\/\/i0.wp.com\/dominicaineslangeac.fr\/wp-content\/uploads\/2016\/08\/22.jpg?fit=3648%2C2048&amp;ssl=1\" data-orig-size=\"3648,2048\" data-comments-opened=\"1\" data-image-meta=\"{&quot;aperture&quot;:&quot;2.7&quot;,&quot;credit&quot;:&quot;&quot;,&quot;camera&quot;:&quot;Canon PowerShot A3000 IS&quot;,&quot;caption&quot;:&quot;&quot;,&quot;created_timestamp&quot;:&quot;1414575993&quot;,&quot;copyright&quot;:&quot;&quot;,&quot;focal_length&quot;:&quot;6.2&quot;,&quot;iso&quot;:&quot;400&quot;,&quot;shutter_speed&quot;:&quot;0.0125&quot;,&quot;title&quot;:&quot;&quot;,&quot;orientation&quot;:&quot;1&quot;}\" data-image-title=\"La chapelle\" data-image-description=\"\" data-image-caption=\"\" data-large-file=\"https:\/\/i0.wp.com\/dominicaineslangeac.fr\/wp-content\/uploads\/2016\/08\/22.jpg?fit=700%2C393&amp;ssl=1\" class=\"alignnone wp-image-44\" src=\"https:\/\/i0.wp.com\/dominicaineslangeac.fr\/wp-content\/uploads\/2016\/08\/22-1024x575.jpg?resize=500%2C281\" alt=\"22\" width=\"500\" height=\"281\" srcset=\"https:\/\/i0.wp.com\/dominicaineslangeac.fr\/wp-content\/uploads\/2016\/08\/22.jpg?resize=1024%2C575&amp;ssl=1 1024w, https:\/\/i0.wp.com\/dominicaineslangeac.fr\/wp-content\/uploads\/2016\/08\/22.jpg?resize=300%2C168&amp;ssl=1 300w, https:\/\/i0.wp.com\/dominicaineslangeac.fr\/wp-content\/uploads\/2016\/08\/22.jpg?resize=768%2C431&amp;ssl=1 768w, https:\/\/i0.wp.com\/dominicaineslangeac.fr\/wp-content\/uploads\/2016\/08\/22.jpg?resize=900%2C505&amp;ssl=1 900w, https:\/\/i0.wp.com\/dominicaineslangeac.fr\/wp-content\/uploads\/2016\/08\/22.jpg?resize=1280%2C719&amp;ssl=1 1280w, https:\/\/i0.wp.com\/dominicaineslangeac.fr\/wp-content\/uploads\/2016\/08\/22.jpg?w=2340&amp;ssl=1 2340w, https:\/\/i0.wp.com\/dominicaineslangeac.fr\/wp-content\/uploads\/2016\/08\/22.jpg?w=3510&amp;ssl=1 3510w\" sizes=\"auto, (max-width: 500px) 100vw, 500px\" \/><\/h2>\n<h2><\/h2>\n<h3>Messe<\/h3>\n<ul>\n<li><span style=\"font-size: 18pt;\">Dimanche : 8h30<br \/>\n<\/span><\/li>\n<li><span style=\"font-size: 14pt;\">Du lundi au samedi : 8h15<\/span><\/li>\n<\/ul>\n<h3>Offices<\/h3>\n<ul>\n<li><span style=\"font-size: 14pt;\">7h30 Laudes\u00a0<\/span><\/li>\n<li><span style=\"font-size: 14pt;\">12h\u00a0Heure M\u00e9diane\u00a0<\/span><\/li>\n<li><span style=\"font-size: 14pt;\">17h40 V\u00eapres<\/span><\/li>\n<li><span style=\"font-size: 14pt;\">20h30 Vigiles<\/span><\/li>\n<\/ul>\n<h3>Chapelet<\/h3>\n<ul>\n<li><span style=\"font-size: 14pt;\">17h20 tous les jours<\/span><\/li>\n<\/ul>\n<h3>Exposition du Saint Sacrement<\/h3>\n<ul>\n<li><span style=\"font-size: 14pt;\">Vendredi 18h10-19h10<\/span><\/li>\n<li><span style=\"font-size: 14pt;\">Un dimanche par mois \u00a010h30-12h et 15h-17h20<\/span><\/li>\n<\/ul>\n<p><span style=\"font-size: 12pt;\"><em>Pour les grandes f\u00eates les\u00a0horaires\u00a0changent<\/em><\/span><\/p>\n<p><span style=\"font-size: 14pt;\"><em><strong>Ecoutez Exultet de la nuit de P\u00e2ques<\/strong><\/em><\/span><br \/>\n<iframe loading=\"lazy\" width=\"100%\" height=\"450\" scrolling=\"no\" frameborder=\"no\" src=\"https:\/\/w.soundcloud.com\/player\/?url=https%3A%2F%2Fapi.soundcloud.com%2Ftracks%2F318444786&auto_play=false&hide_related=false&visual=true&show_comments=true&color=false&show_user=true&show_reposts=false\"><\/iframe><\/p>\n","protected":false},"excerpt":{"rendered":"<p>Messe Dimanche : 8h30 Du lundi au samedi : 8h15 Offices 7h30 Laudes\u00a0 12h\u00a0Heure M\u00e9diane\u00a0 17h40 V\u00eapres 20h30 Vigiles Chapelet 17h20 tous les jours Exposition du Saint Sacrement Vendredi 18h10-19h10 Un dimanche par mois \u00a010h30-12h et 15h-17h20 Pour les grandes f\u00eates les\u00a0horaires\u00a0changent Ecoutez Exultet de la nuit de P\u00e2ques<\/p>\n","protected":false},"author":1,"featured_media":383,"parent":55,"menu_order":1,"comment_status":"closed","ping_status":"closed","template":"","meta":{"advanced_seo_description":"","jetpack_seo_html_title":"","jetpack_seo_noindex":false,"jetpack_post_was_ever_published":false,"footnotes":""},"class_list":["post-78","page","type-page","status-publish","has-post-thumbnail","czr-hentry"],"jetpack_sharing_enabled":true,"jetpack_shortlink":"https:\/\/wp.me\/P7P1cC-1g","jetpack-related-posts":[{"id":6445,"url":"https:\/\/dominicaineslangeac.fr\/index.php\/jubile-2023\/programme-du-jubile\/","url_meta":{"origin":78,"position":0},"title":"Programme du Jubil\u00e9","author":"MONASTERE","date":"29 d\u00e9cembre 2022","format":false,"excerpt":"Dimanche 8 janvier ouverture de l\u2019ann\u00e9e jubilaire Messe solennelle de l\u2019Epiphanie, pr\u00e9sid\u00e9e par Mgr Yves Baumgarten, \u00e9v\u00eaque du Puy Mardi 4 avril V\u00eapres avec les pr\u00eatres du dioc\u00e8se au monast\u00e8re suivie de la messe Chrismale \u00e0 la coll\u00e9giale \u00e0 18h Dimanche 25 juin Journ\u00e9e des amis du monast\u00e8re et 10\u2026","rel":"","context":"Article similaire","block_context":{"text":"Article similaire","link":""},"img":{"alt_text":"","src":"","width":0,"height":0},"classes":[]},{"id":7059,"url":"https:\/\/dominicaineslangeac.fr\/index.php\/jubile-2023\/we-des-familles-celebrer-la-vie\/","url_meta":{"origin":78,"position":1},"title":"26-27 ao\u00fbt: WE des familles \u00ab\u00a0C\u00e9l\u00e9brer la Vie\u00a0\u00bb","author":"MONASTERE","date":"19 mai 2023","format":false,"excerpt":"WE des familles \"c\u00e9l\u00e9brer la Vie\"","rel":"","context":"Article similaire","block_context":{"text":"Article similaire","link":""},"img":{"alt_text":"","src":"https:\/\/i0.wp.com\/dominicaineslangeac.fr\/wp-content\/uploads\/2023\/05\/Flyer.png?fit=437%2C613&ssl=1&resize=350%2C200","width":350,"height":200},"classes":[]},{"id":6438,"url":"https:\/\/dominicaineslangeac.fr\/index.php\/jubile-2023\/ouverture\/","url_meta":{"origin":78,"position":2},"title":"Ouverture du Jubil\u00e9","author":"MONASTERE","date":"29 d\u00e9cembre 2022","format":false,"excerpt":"Epiphanie: 8 janvier 2023 9h Messe avec Monseigneur Yves Baumgarten","rel":"","context":"Article similaire","block_context":{"text":"Article similaire","link":""},"img":{"alt_text":"","src":"https:\/\/i0.wp.com\/dominicaineslangeac.fr\/wp-content\/uploads\/2023\/03\/IMG_6651.jpg?resize=350%2C200&ssl=1","width":350,"height":200,"srcset":"https:\/\/i0.wp.com\/dominicaineslangeac.fr\/wp-content\/uploads\/2023\/03\/IMG_6651.jpg?resize=350%2C200&ssl=1 1x, https:\/\/i0.wp.com\/dominicaineslangeac.fr\/wp-content\/uploads\/2023\/03\/IMG_6651.jpg?resize=525%2C300&ssl=1 1.5x, https:\/\/i0.wp.com\/dominicaineslangeac.fr\/wp-content\/uploads\/2023\/03\/IMG_6651.jpg?resize=700%2C400&ssl=1 2x, https:\/\/i0.wp.com\/dominicaineslangeac.fr\/wp-content\/uploads\/2023\/03\/IMG_6651.jpg?resize=1050%2C600&ssl=1 3x"},"classes":[]},{"id":21,"url":"https:\/\/dominicaineslangeac.fr\/index.php\/nos-activites\/magasin\/","url_meta":{"origin":78,"position":3},"title":"Magasin","author":"Monast\u00e8re Ste Catherine","date":"20 ao\u00fbt 2016","format":false,"excerpt":"Vente sur place ou par correspondance Ic\u00f4nes coll\u00e9es Plusieurs formats : 7\u20ac - 28\u20ac Cartes personnalis\u00e9es Merci Anniversaires Citations Bienheureuse Agn\u00e8s Avec enveloppe : 2,50 \u20ac Chapelets et rosaires Dizainier : 3,20 \u20ac - 6,30 \u20ac Chapelet : 8,40 \u20ac Rosaire : 15 \u20ac Livres Sur Agn\u00e8s de Langeac M\u00e9moires\u2026","rel":"","context":"Article similaire","block_context":{"text":"Article similaire","link":""},"img":{"alt_text":"","src":"https:\/\/i0.wp.com\/dominicaineslangeac.fr\/wp-content\/uploads\/2016\/08\/magasin-700x413.jpg?resize=350%2C200","width":350,"height":200,"srcset":"https:\/\/i0.wp.com\/dominicaineslangeac.fr\/wp-content\/uploads\/2016\/08\/magasin-700x413.jpg?resize=350%2C200 1x, https:\/\/i0.wp.com\/dominicaineslangeac.fr\/wp-content\/uploads\/2016\/08\/magasin-700x413.jpg?resize=525%2C300 1.5x, https:\/\/i0.wp.com\/dominicaineslangeac.fr\/wp-content\/uploads\/2016\/08\/magasin-700x413.jpg?resize=700%2C400 2x"},"classes":[]},{"id":421,"url":"https:\/\/dominicaineslangeac.fr\/index.php\/agnes-de-langeac\/prieres-a-la-bienheureuse-agnes\/","url_meta":{"origin":78,"position":4},"title":"Pri\u00e8res \u00e0 la bienheureuse Agn\u00e8s","author":"Monast\u00e8re Ste Catherine","date":"10 octobre 2016","format":false,"excerpt":"Pri\u00e8re pour un enfant \u00e0 na\u00eetre Agn\u00e8s de J\u00e9sus, Ardente fille de saint Dominique, T\u00e9moin de la Bonne Nouvelle Et de la mis\u00e9ricorde de Dieu, Tu \u00e9tais pleine de compassion Et toujours si proche des besoins des autres. Maintenant que tu es au Ciel Contemplant la gloire de Dieu, Interc\u00e8de\u2026","rel":"","context":"Article similaire","block_context":{"text":"Article similaire","link":""},"img":{"alt_text":"","src":"https:\/\/i0.wp.com\/dominicaineslangeac.fr\/wp-content\/uploads\/2016\/08\/Agnes2-300x204.jpg?resize=350%2C200","width":350,"height":200},"classes":[]},{"id":12486,"url":"https:\/\/dominicaineslangeac.fr\/index.php\/agnes-de-langeac\/historial-mere-agnes-2025\/","url_meta":{"origin":78,"position":5},"title":"Historial M\u00e8re Agn\u00e8s 2025","author":"MONASTERE","date":"31 mai 2025","format":false,"excerpt":"\u00c9t\u00e9 2025 : ouverture tous les jours de 15h \u00e0 18h sauf le dimanche Pr\u00e9sence du fr\u00e8re Julien , dominicain, historien de l'art, du 14 au 30 juillet 2025 AdresseRue Saint-Pierre de Chavanon43300 LangeacCoordonn\u00e9es45\u00b0\u00a005\u2032\u00a055\u2033\u00a0N, 3\u00b0\u00a029\u2032\u00a047\u2033\u00a0E Le mus\u00e9e se situe dans l'ancien monast\u00e8re des moniales dominicaines dont elles ont \u00e9t\u00e9 chass\u00e9es\u2026","rel":"","context":"Article similaire","block_context":{"text":"Article similaire","link":""},"img":{"alt_text":"","src":"https:\/\/i0.wp.com\/dominicaineslangeac.fr\/wp-content\/uploads\/2017\/03\/monastere-primitif-scaled.jpg?resize=350%2C200&ssl=1","width":350,"height":200,"srcset":"https:\/\/i0.wp.com\/dominicaineslangeac.fr\/wp-content\/uploads\/2017\/03\/monastere-primitif-scaled.jpg?resize=350%2C200&ssl=1 1x, https:\/\/i0.wp.com\/dominicaineslangeac.fr\/wp-content\/uploads\/2017\/03\/monastere-primitif-scaled.jpg?resize=525%2C300&ssl=1 1.5x, https:\/\/i0.wp.com\/dominicaineslangeac.fr\/wp-content\/uploads\/2017\/03\/monastere-primitif-scaled.jpg?resize=700%2C400&ssl=1 2x, https:\/\/i0.wp.com\/dominicaineslangeac.fr\/wp-content\/uploads\/2017\/03\/monastere-primitif-scaled.jpg?resize=1050%2C600&ssl=1 3x, https:\/\/i0.wp.com\/dominicaineslangeac.fr\/wp-content\/uploads\/2017\/03\/monastere-primitif-scaled.jpg?resize=1400%2C800&ssl=1 4x"},"classes":[]}],"_links":{"self":[{"href":"https:\/\/dominicaineslangeac.fr\/index.php\/wp-json\/wp\/v2\/pages\/78","targetHints":{"allow":["GET"]}}],"collection":[{"href":"https:\/\/dominicaineslangeac.fr\/index.php\/wp-json\/wp\/v2\/pages"}],"about":[{"href":"https:\/\/dominicaineslangeac.fr\/index.php\/wp-json\/wp\/v2\/types\/page"}],"author":[{"embeddable":true,"href":"https:\/\/dominicaineslangeac.fr\/index.php\/wp-json\/wp\/v2\/users\/1"}],"replies":[{"embeddable":true,"href":"https:\/\/dominicaineslangeac.fr\/index.php\/wp-json\/wp\/v2\/comments?post=78"}],"version-history":[{"count":43,"href":"https:\/\/dominicaineslangeac.fr\/index.php\/wp-json\/wp\/v2\/pages\/78\/revisions"}],"predecessor-version":[{"id":9794,"href":"https:\/\/dominicaineslangeac.fr\/index.php\/wp-json\/wp\/v2\/pages\/78\/revisions\/9794"}],"up":[{"embeddable":true,"href":"https:\/\/dominicaineslangeac.fr\/index.php\/wp-json\/wp\/v2\/pages\/55"}],"wp:featuredmedia":[{"embeddable":true,"href":"https:\/\/dominicaineslangeac.fr\/index.php\/wp-json\/wp\/v2\/media\/383"}],"wp:attachment":[{"href":"https:\/\/dominicaineslangeac.fr\/index.php\/wp-json\/wp\/v2\/media?parent=78"}],"curies":[{"name":"wp","href":"https:\/\/api.w.org\/{rel}","templated":true}]}}