{"id":7059,"date":"2023-05-19T18:27:20","date_gmt":"2023-05-19T17:27:20","guid":{"rendered":"http:\/\/dominicaineslangeac.fr\/?page_id=7059"},"modified":"2023-05-20T13:18:09","modified_gmt":"2023-05-20T12:18:09","slug":"we-des-familles-celebrer-la-vie","status":"publish","type":"page","link":"https:\/\/dominicaineslangeac.fr\/index.php\/jubile-2023\/we-des-familles-celebrer-la-vie\/","title":{"rendered":"26-27 ao\u00fbt: WE des familles \u00ab\u00a0C\u00e9l\u00e9brer la Vie\u00a0\u00bb"},"content":{"rendered":"\n<p class=\"has-medium-font-size\">Programme et bulletin d&rsquo;inscription \u00e0 remplir avant le 15 ao\u00fbt 2023<\/p>\n\n\n\n<p class=\"has-text-align-right\">  <\/p>\n\n\n\n<p><\/p>\n\n\n\n<p><\/p>\n\n\n\n<p><\/p>\n\n\n<div class=\"wp-block-image\">\n<figure class=\"alignright size-full\"><img data-recalc-dims=\"1\" loading=\"lazy\" decoding=\"async\" width=\"437\" height=\"613\" data-attachment-id=\"7086\" data-permalink=\"https:\/\/dominicaineslangeac.fr\/index.php\/jubile-2023\/we-des-familles-celebrer-la-vie\/flyer\/\" data-orig-file=\"https:\/\/i0.wp.com\/dominicaineslangeac.fr\/wp-content\/uploads\/2023\/05\/Flyer.png?fit=437%2C613&amp;ssl=1\" data-orig-size=\"437,613\" data-comments-opened=\"0\" data-image-meta=\"{&quot;aperture&quot;:&quot;0&quot;,&quot;credit&quot;:&quot;&quot;,&quot;camera&quot;:&quot;&quot;,&quot;caption&quot;:&quot;&quot;,&quot;created_timestamp&quot;:&quot;0&quot;,&quot;copyright&quot;:&quot;&quot;,&quot;focal_length&quot;:&quot;0&quot;,&quot;iso&quot;:&quot;0&quot;,&quot;shutter_speed&quot;:&quot;0&quot;,&quot;title&quot;:&quot;&quot;,&quot;orientation&quot;:&quot;0&quot;}\" data-image-title=\"Flyer\" data-image-description=\"\" data-image-caption=\"\" data-large-file=\"https:\/\/i0.wp.com\/dominicaineslangeac.fr\/wp-content\/uploads\/2023\/05\/Flyer.png?fit=437%2C613&amp;ssl=1\" src=\"https:\/\/i0.wp.com\/dominicaineslangeac.fr\/wp-content\/uploads\/2023\/05\/Flyer.png?resize=437%2C613\" alt=\"\" class=\"wp-image-7086\" srcset=\"https:\/\/i0.wp.com\/dominicaineslangeac.fr\/wp-content\/uploads\/2023\/05\/Flyer.png?w=437&amp;ssl=1 437w, https:\/\/i0.wp.com\/dominicaineslangeac.fr\/wp-content\/uploads\/2023\/05\/Flyer.png?resize=214%2C300&amp;ssl=1 214w\" sizes=\"auto, (max-width: 437px) 100vw, 437px\" \/><\/figure>\n<\/div>\n\n\n<p class=\"has-vivid-red-color has-text-color has-medium-font-size\">Vendredi 25 ao\u00fbt<\/p>\n\n\n\n<p class=\"has-black-color has-text-color\">Arriv\u00e9e &#8211; Logement en g\u00eetes, camping,h\u00f4tels avoisinants. Voir :<a href=\"http:\/\/dominicaineslangeac.fr\/wp-content\/uploads\/2023\/05\/hebergements-OK.pdf\" data-type=\"URL\" data-id=\"http:\/\/dominicaineslangeac.fr\/wp-content\/uploads\/2023\/05\/hebergements-OK.pdf\">http:\/\/dominicaineslangeac.fr\/wp-content\/uploads\/2023\/05\/hebergements-OK.pdf<\/a><\/p>\n\n\n\n<p class=\"has-vivid-red-color has-text-color has-medium-font-size\">Samedi 26 ao\u00fbt<\/p>\n\n\n\n<p>8h30\u2009: accueil au monast\u00e8re, caf\u00e9, pr\u00e9sentations<\/p>\n\n\n\n<p>9h30\u2009: enseignement du fr\u00e8re Fran\u00e7ois-Dominique Forquin o.p.: \u2009<em>C\u00e9l\u00e9brer la Vie en entrant dans la joie de la Visitation!<\/em><\/p>\n\n\n\n<p>Pour les enfants, \u00e0 partir de 9h30, diff\u00e9rents ateliers<\/p>\n\n\n\n<p>11h30\u2009: messe <\/p>\n\n\n\n<p>12h15\u2009: pique-nique partag\u00e9 (chacun apporte un plat)<\/p>\n\n\n\n<p>14h\u2009: Marche m\u00e9ditative sur le chemin d\u2019Agn\u00e8s.<\/p>\n\n\n\n<p>Pour les enfants\u2009: jeu de piste autour de la vie d\u2019Agn\u00e8s<\/p>\n\n\n\n<p>16h\u2009: go\u00fbter<\/p>\n\n\n\n<p>16h30\u2009: les mots pour \u00ab\u2009c\u00e9l\u00e9brer la Vie\u2009\u00bb avec Marie.<\/p>\n\n\n\n<p>18h30\u2009: v\u00eapres solennelles avec la Ma\u00eetrise du Puy.<\/p>\n\n\n\n<p>19h\u2009: repas au monast\u00e8re, soupe bio<\/p>\n\n\n\n<p>20h30\u2009: veill\u00e9e avec la communaut\u00e9 : pri\u00e8re, chants, t\u00e9moignages, conte pour c\u00e9l\u00e9brer la Vie<\/p>\n\n\n\n<p><\/p>\n\n\n\n<p class=\"has-vivid-red-color has-text-color has-medium-font-size\">Dimanche 27 ao\u00fbt<\/p>\n\n\n\n<p>8h30\u2009: Laudes<\/p>\n\n\n\n<p>9h30\u2009: Partages<\/p>\n\n\n\n<div class=\"wp-block-media-text alignwide is-stacked-on-mobile is-vertically-aligned-center\" style=\"grid-template-columns:15% auto\"><figure class=\"wp-block-media-text__media\"><img data-recalc-dims=\"1\" decoding=\"async\" src=\"https:\/\/i0.wp.com\/dominicaineslangeac.fr\/wp-content\/uploads\/2023\/05\/talita-koum-logo-4.jpg?w=1170\" alt=\"\" class=\"wp-image-7089 size-full\"\/><\/figure><div class=\"wp-block-media-text__content\">\n<p class=\"has-medium-font-size\">11h messe anim\u00e9e par le groupe Talita Koum<\/p>\n<\/div><\/div>\n\n\n\n<p>Apr\u00e8s la messe ap\u00e9ritif et buffet bio au monast\u00e8re<\/p>\n\n\n\n<p>14h\u2009: d\u00e9part<\/p>\n\n\n\n<p><\/p>\n\n\n\n<p class=\"has-vivid-red-color has-text-color has-medium-font-size\">Bulletin d&rsquo;inscription \u00e0 envoyer avant le 15 ao\u00fbt ou demande de renseignements<\/p>\n\n\n\n<p>Pr\u00e9ciser le nombre d&rsquo;enfants, leurs \u00e2ges et le nombre d&rsquo;adultes.                                                                                              A titre indicatif, co\u00fbt du WE (2 repas compris) 30 \u00e0 35\u20ac par adulte, demi-tarif pour les enfants de moins de 12 ans. Paiement sur place en esp\u00e8ces ou par ch\u00e8que.<\/p>\n\n\n\n<p> <\/p>\n\n\n\n<div class=\"wp-block-contact-form-7-contact-form-selector\"><p class=\"wpcf7-contact-form-not-found\"><strong>Erreur\u00a0:<\/strong> Formulaire de contact non trouv\u00e9\u00a0!<\/p><\/div>\n","protected":false},"excerpt":{"rendered":"<p>WE des familles \u00ab\u00a0c\u00e9l\u00e9brer la Vie\u00a0\u00bb<\/p>\n","protected":false},"author":2,"featured_media":7086,"parent":6431,"menu_order":3,"comment_status":"closed","ping_status":"closed","template":"","meta":{"advanced_seo_description":"","jetpack_seo_html_title":"","jetpack_seo_noindex":false,"jetpack_post_was_ever_published":false,"footnotes":""},"class_list":["post-7059","page","type-page","status-publish","has-post-thumbnail","czr-hentry"],"jetpack_sharing_enabled":true,"jetpack_shortlink":"https:\/\/wp.me\/P7P1cC-1PR","jetpack-related-posts":[{"id":6445,"url":"https:\/\/dominicaineslangeac.fr\/index.php\/jubile-2023\/programme-du-jubile\/","url_meta":{"origin":7059,"position":0},"title":"Programme du Jubil\u00e9","author":"MONASTERE","date":"29 d\u00e9cembre 2022","format":false,"excerpt":"Dimanche 8 janvier ouverture de l\u2019ann\u00e9e jubilaire Messe solennelle de l\u2019Epiphanie, pr\u00e9sid\u00e9e par Mgr Yves Baumgarten, \u00e9v\u00eaque du Puy Mardi 4 avril V\u00eapres avec les pr\u00eatres du dioc\u00e8se au monast\u00e8re suivie de la messe Chrismale \u00e0 la coll\u00e9giale \u00e0 18h Dimanche 25 juin Journ\u00e9e des amis du monast\u00e8re et 10\u2026","rel":"","context":"Article similaire","block_context":{"text":"Article similaire","link":""},"img":{"alt_text":"","src":"","width":0,"height":0},"classes":[]},{"id":431,"url":"https:\/\/dominicaineslangeac.fr\/index.php\/regle-de-vie\/moniales-dominicaines\/","url_meta":{"origin":7059,"position":1},"title":"Moniales dominicaines","author":"Monast\u00e8re Ste Catherine","date":"10 octobre 2016","format":false,"excerpt":"Nous sommes douze moniales dominicaines vivant dans un monast\u00e8re \u00e0 Langeac en Auvergne. Nous appartenons \u00e0 l\u2019Ordre des Pr\u00eacheurs, un Ordre religieux au sein de l\u2019\u00c9glise Catholique. Ce site pr\u00e9sente notre vie, nos activit\u00e9s et comment vous pouvez apprendre \u00e0 nous connaitre. Le propos fondamental Les moniales de l\u2019Ordre des\u2026","rel":"","context":"Article similaire","block_context":{"text":"Article similaire","link":""},"img":{"alt_text":"","src":"https:\/\/i0.wp.com\/dominicaineslangeac.fr\/wp-content\/uploads\/2020\/06\/ct%C3%A9-genets.jpg?fit=910%2C666&ssl=1&resize=350%2C200","width":350,"height":200,"srcset":"https:\/\/i0.wp.com\/dominicaineslangeac.fr\/wp-content\/uploads\/2020\/06\/ct%C3%A9-genets.jpg?fit=910%2C666&ssl=1&resize=350%2C200 1x, https:\/\/i0.wp.com\/dominicaineslangeac.fr\/wp-content\/uploads\/2020\/06\/ct%C3%A9-genets.jpg?fit=910%2C666&ssl=1&resize=525%2C300 1.5x, https:\/\/i0.wp.com\/dominicaineslangeac.fr\/wp-content\/uploads\/2020\/06\/ct%C3%A9-genets.jpg?fit=910%2C666&ssl=1&resize=700%2C400 2x"},"classes":[]},{"id":850,"url":"https:\/\/dominicaineslangeac.fr\/index.php\/regle-de-vie\/histoire-du-monastere\/","url_meta":{"origin":7059,"position":2},"title":"Histoire du Monast\u00e8re","author":"Monast\u00e8re Ste Catherine","date":"12 avril 2017","format":false,"excerpt":"La fondation du monast\u00e8re et son histoire se placent sous l\u2019angle du renouveau dominicain de la premi\u00e8re moiti\u00e9 du XVIIe si\u00e8cle en France. Trente-deux fondations voient le jour \u00e0 partir de deux souches, les monast\u00e8res de Sainte Catherine de Sienne de Toulouse et de Sainte Prax\u00e8de d\u2019Avignon. C\u2019est ce dernier\u2026","rel":"","context":"Article similaire","block_context":{"text":"Article similaire","link":""},"img":{"alt_text":"","src":"https:\/\/i0.wp.com\/dominicaineslangeac.fr\/wp-content\/uploads\/2016\/10\/The_Perugia_Altarpiece_Side_Panel_Depicting_St._Dominic.jpg?resize=350%2C200","width":350,"height":200},"classes":[]},{"id":120,"url":"https:\/\/dominicaineslangeac.fr\/index.php\/nos-activites\/accueil-monastqiue\/","url_meta":{"origin":7059,"position":3},"title":"Accueil monastique","author":"Monast\u00e8re Ste Catherine","date":"21 ao\u00fbt 2016","format":false,"excerpt":"Le monast\u00e8re accueille tous ceux et celles qui, seuls ou en groupe, cherchent un lieu pour prier, se poser, r\u00e9fl\u00e9chir, en lien avec une communaut\u00e9 de vie et de pri\u00e8re, anim\u00e9e par l\u2019esprit de saint Dominique. S\u2019ils le souhaitent, nos h\u00f4tes sont invit\u00e9s \u00e0 partager avec nous la pri\u00e8re liturgique\u2026","rel":"","context":"Article similaire","block_context":{"text":"Article similaire","link":""},"img":{"alt_text":"","src":"https:\/\/i0.wp.com\/dominicaineslangeac.fr\/wp-content\/uploads\/2016\/08\/14.jpg?fit=1200%2C674&ssl=1&resize=350%2C200","width":350,"height":200,"srcset":"https:\/\/i0.wp.com\/dominicaineslangeac.fr\/wp-content\/uploads\/2016\/08\/14.jpg?fit=1200%2C674&ssl=1&resize=350%2C200 1x, https:\/\/i0.wp.com\/dominicaineslangeac.fr\/wp-content\/uploads\/2016\/08\/14.jpg?fit=1200%2C674&ssl=1&resize=525%2C300 1.5x, https:\/\/i0.wp.com\/dominicaineslangeac.fr\/wp-content\/uploads\/2016\/08\/14.jpg?fit=1200%2C674&ssl=1&resize=700%2C400 2x, https:\/\/i0.wp.com\/dominicaineslangeac.fr\/wp-content\/uploads\/2016\/08\/14.jpg?fit=1200%2C674&ssl=1&resize=1050%2C600 3x"},"classes":[]},{"id":421,"url":"https:\/\/dominicaineslangeac.fr\/index.php\/agnes-de-langeac\/prieres-a-la-bienheureuse-agnes\/","url_meta":{"origin":7059,"position":4},"title":"Pri\u00e8res \u00e0 la bienheureuse Agn\u00e8s","author":"Monast\u00e8re Ste Catherine","date":"10 octobre 2016","format":false,"excerpt":"Pri\u00e8re pour un enfant \u00e0 na\u00eetre Agn\u00e8s de J\u00e9sus, Ardente fille de saint Dominique, T\u00e9moin de la Bonne Nouvelle Et de la mis\u00e9ricorde de Dieu, Tu \u00e9tais pleine de compassion Et toujours si proche des besoins des autres. Maintenant que tu es au Ciel Contemplant la gloire de Dieu, Interc\u00e8de\u2026","rel":"","context":"Article similaire","block_context":{"text":"Article similaire","link":""},"img":{"alt_text":"","src":"https:\/\/i0.wp.com\/dominicaineslangeac.fr\/wp-content\/uploads\/2016\/08\/Agnes2-300x204.jpg?resize=350%2C200","width":350,"height":200},"classes":[]},{"id":429,"url":"https:\/\/dominicaineslangeac.fr\/index.php\/regle-de-vie\/ordre-dominicain\/","url_meta":{"origin":7059,"position":5},"title":"Ordre dominicain","author":"Monast\u00e8re Ste Catherine","date":"10 octobre 2016","format":false,"excerpt":"A la suite de saint Dominique N\u00e9 au XIIIe si\u00e8cle du d\u00e9sir br\u00fblant de saint Dominique de \u00ab\u00a0se donner tout entier au salut des hommes comme le Christ l\u2019a fait lui-m\u00eame\u00a0\u00bb, l\u2019Ordre des Pr\u00eacheurs est au service de l\u2019annonce de la Parole de Dieu et de la V\u00e9rit\u00e9 de l\u2019\u00c9vangile.\u2026","rel":"","context":"Article similaire","block_context":{"text":"Article similaire","link":""},"img":{"alt_text":"","src":"https:\/\/i0.wp.com\/dominicaineslangeac.fr\/wp-content\/uploads\/2016\/10\/Statue-St-Dom-encadre-182x300.jpg?resize=350%2C200","width":350,"height":200},"classes":[]}],"_links":{"self":[{"href":"https:\/\/dominicaineslangeac.fr\/index.php\/wp-json\/wp\/v2\/pages\/7059","targetHints":{"allow":["GET"]}}],"collection":[{"href":"https:\/\/dominicaineslangeac.fr\/index.php\/wp-json\/wp\/v2\/pages"}],"about":[{"href":"https:\/\/dominicaineslangeac.fr\/index.php\/wp-json\/wp\/v2\/types\/page"}],"author":[{"embeddable":true,"href":"https:\/\/dominicaineslangeac.fr\/index.php\/wp-json\/wp\/v2\/users\/2"}],"replies":[{"embeddable":true,"href":"https:\/\/dominicaineslangeac.fr\/index.php\/wp-json\/wp\/v2\/comments?post=7059"}],"version-history":[{"count":21,"href":"https:\/\/dominicaineslangeac.fr\/index.php\/wp-json\/wp\/v2\/pages\/7059\/revisions"}],"predecessor-version":[{"id":7157,"href":"https:\/\/dominicaineslangeac.fr\/index.php\/wp-json\/wp\/v2\/pages\/7059\/revisions\/7157"}],"up":[{"embeddable":true,"href":"https:\/\/dominicaineslangeac.fr\/index.php\/wp-json\/wp\/v2\/pages\/6431"}],"wp:featuredmedia":[{"embeddable":true,"href":"https:\/\/dominicaineslangeac.fr\/index.php\/wp-json\/wp\/v2\/media\/7086"}],"wp:attachment":[{"href":"https:\/\/dominicaineslangeac.fr\/index.php\/wp-json\/wp\/v2\/media?parent=7059"}],"curies":[{"name":"wp","href":"https:\/\/api.w.org\/{rel}","templated":true}]}}