{"id":7,"date":"2016-08-19T18:37:56","date_gmt":"2016-08-19T17:37:56","guid":{"rendered":"http:\/\/dominicaineslangeac.fr\/?page_id=7"},"modified":"2025-01-06T11:16:01","modified_gmt":"2025-01-06T10:16:01","slug":"nos-activites","status":"publish","type":"page","link":"https:\/\/dominicaineslangeac.fr\/index.php\/nos-activites\/","title":{"rendered":"Nos activit\u00e9s"},"content":{"rendered":"","protected":false},"excerpt":{"rendered":"","protected":false},"author":1,"featured_media":0,"parent":0,"menu_order":2,"comment_status":"closed","ping_status":"closed","template":"","meta":{"advanced_seo_description":"","jetpack_seo_html_title":"","jetpack_seo_noindex":false,"jetpack_post_was_ever_published":false,"footnotes":""},"class_list":["post-7","page","type-page","status-publish","czr-hentry"],"jetpack_sharing_enabled":true,"jetpack_shortlink":"https:\/\/wp.me\/P7P1cC-7","jetpack-related-posts":[{"id":411,"url":"https:\/\/dominicaineslangeac.fr\/index.php\/page-jeunes\/activites-proposes-au-jeunes\/","url_meta":{"origin":7,"position":0},"title":"Activit\u00e9s propos\u00e9es aux jeunes","author":"Monast\u00e8re Ste Catherine","date":"8 octobre 2016","format":false,"excerpt":"Pause au monast\u00e8re","rel":"","context":"Article similaire","block_context":{"text":"Article similaire","link":""},"img":{"alt_text":"Pause au monast\u00e8re","src":"https:\/\/i0.wp.com\/dominicaineslangeac.fr\/wp-content\/uploads\/2025\/01\/A-VOUS-.png?fit=848%2C1200&ssl=1&resize=350%2C200","width":350,"height":200,"srcset":"https:\/\/i0.wp.com\/dominicaineslangeac.fr\/wp-content\/uploads\/2025\/01\/A-VOUS-.png?fit=848%2C1200&ssl=1&resize=350%2C200 1x, https:\/\/i0.wp.com\/dominicaineslangeac.fr\/wp-content\/uploads\/2025\/01\/A-VOUS-.png?fit=848%2C1200&ssl=1&resize=525%2C300 1.5x, https:\/\/i0.wp.com\/dominicaineslangeac.fr\/wp-content\/uploads\/2025\/01\/A-VOUS-.png?fit=848%2C1200&ssl=1&resize=700%2C400 2x"},"classes":[]},{"id":808,"url":"https:\/\/dominicaineslangeac.fr\/index.php\/nos-activites\/atelier-dicones-et-cartes\/","url_meta":{"origin":7,"position":1},"title":"Atelier d&rsquo;ic\u00f4nes et cartes","author":"Monast\u00e8re Ste Catherine","date":"29 mars 2017","format":false,"excerpt":"Nous faisons des ic\u00f4nes coll\u00e9es et cartes. Nous contacter pour en savoir plus.","rel":"","context":"Article similaire","block_context":{"text":"Article similaire","link":""},"img":{"alt_text":"","src":"https:\/\/i0.wp.com\/dominicaineslangeac.fr\/wp-content\/uploads\/2017\/02\/carterie-5-300x225.jpg?resize=350%2C200","width":350,"height":200},"classes":[]},{"id":23,"url":"https:\/\/dominicaineslangeac.fr\/index.php\/nos-activites\/imprimerie\/","url_meta":{"origin":7,"position":2},"title":"Reliure artisanale traditionnelle","author":"Monast\u00e8re Ste Catherine","date":"20 f\u00e9vrier 2017","format":false,"excerpt":"\u00a0 Vous d\u00e9sirez conserver et mettre en valeur vos documents de travail. Vous aimez les beaux livres,\u00a0ou encore vous cherchez une id\u00e9e de cadeau. Une reliure solide, sobre en cuir ou en toile pour conserver tout ouvrage pr\u00e9cieux ou indispensable. Contacter l'atelier de reliure:","rel":"","context":"Article similaire","block_context":{"text":"Article similaire","link":""},"img":{"alt_text":"","src":"https:\/\/i0.wp.com\/dominicaineslangeac.fr\/wp-content\/uploads\/2016\/08\/DSC02542.jpg?fit=1200%2C900&ssl=1&resize=350%2C200","width":350,"height":200,"srcset":"https:\/\/i0.wp.com\/dominicaineslangeac.fr\/wp-content\/uploads\/2016\/08\/DSC02542.jpg?fit=1200%2C900&ssl=1&resize=350%2C200 1x, https:\/\/i0.wp.com\/dominicaineslangeac.fr\/wp-content\/uploads\/2016\/08\/DSC02542.jpg?fit=1200%2C900&ssl=1&resize=525%2C300 1.5x, https:\/\/i0.wp.com\/dominicaineslangeac.fr\/wp-content\/uploads\/2016\/08\/DSC02542.jpg?fit=1200%2C900&ssl=1&resize=700%2C400 2x, https:\/\/i0.wp.com\/dominicaineslangeac.fr\/wp-content\/uploads\/2016\/08\/DSC02542.jpg?fit=1200%2C900&ssl=1&resize=1050%2C600 3x"},"classes":[]},{"id":452,"url":"https:\/\/dominicaineslangeac.fr\/index.php\/nos-activites\/imprimerie-2\/","url_meta":{"origin":7,"position":3},"title":"Imprimerie","author":"Monast\u00e8re Ste Catherine","date":"18 f\u00e9vrier 2017","format":false,"excerpt":"\u00a0 impression num\u00e9rique noir et blanc et couleur livres, revues, plaquettes cartes de visite, de pr\u00e9sentation faire-part classiques de mariage et de naissance en-t\u00eates, factures, tracts et d\u00e9pliants reprographie couleur et noir et blanc reliure routage Contacter l'imprimerie: \u00a0\u00a0 \u00a0 \u00a0","rel":"","context":"Article similaire","block_context":{"text":"Article similaire","link":""},"img":{"alt_text":"","src":"https:\/\/i0.wp.com\/dominicaineslangeac.fr\/wp-content\/uploads\/2017\/02\/44-e1487583089698.jpg?fit=1200%2C561&ssl=1&resize=350%2C200","width":350,"height":200,"srcset":"https:\/\/i0.wp.com\/dominicaineslangeac.fr\/wp-content\/uploads\/2017\/02\/44-e1487583089698.jpg?fit=1200%2C561&ssl=1&resize=350%2C200 1x, https:\/\/i0.wp.com\/dominicaineslangeac.fr\/wp-content\/uploads\/2017\/02\/44-e1487583089698.jpg?fit=1200%2C561&ssl=1&resize=525%2C300 1.5x, https:\/\/i0.wp.com\/dominicaineslangeac.fr\/wp-content\/uploads\/2017\/02\/44-e1487583089698.jpg?fit=1200%2C561&ssl=1&resize=700%2C400 2x, https:\/\/i0.wp.com\/dominicaineslangeac.fr\/wp-content\/uploads\/2017\/02\/44-e1487583089698.jpg?fit=1200%2C561&ssl=1&resize=1050%2C600 3x"},"classes":[]},{"id":469,"url":"https:\/\/dominicaineslangeac.fr\/index.php\/nos-activites\/icones_dominicaines\/","url_meta":{"origin":7,"position":4},"title":"Ic\u00f4nes \u00ab\u00a0dominicaines\u00a0\u00bb","author":"Monast\u00e8re Ste Catherine","date":"20 f\u00e9vrier 2017","format":false,"excerpt":"Nouvelle icone \"M\u00e8re Agn\u00e8s\" \u00e9crite pour la communaut\u00e9 par une soeur dominicaine \u00e0 Langeac : Deux ic\u00f4nes du Jubil\u00e9 dominicain (2015-2017), \u00e9crites par une dominicaine \u00e0 Langeac Saint Dominique, Maison Seilhan,\u00a0 (2018) ch\u00eane fonc\u00e9 Vente Carte postale : 1 \u20ac Les ic\u00f4nes sont vendues coll\u00e9es sur bois : Petit format\u2026","rel":"","context":"Article similaire","block_context":{"text":"Article similaire","link":""},"img":{"alt_text":"","src":"https:\/\/i0.wp.com\/dominicaineslangeac.fr\/wp-content\/uploads\/2017\/02\/mereagnes-pt-225x300.jpg?resize=350%2C200","width":350,"height":200},"classes":[]},{"id":120,"url":"https:\/\/dominicaineslangeac.fr\/index.php\/nos-activites\/accueil-monastqiue\/","url_meta":{"origin":7,"position":5},"title":"Accueil monastique","author":"Monast\u00e8re Ste Catherine","date":"21 ao\u00fbt 2016","format":false,"excerpt":"Le monast\u00e8re accueille tous ceux et celles qui, seuls ou en groupe, cherchent un lieu pour prier, se poser, r\u00e9fl\u00e9chir, en lien avec une communaut\u00e9 de vie et de pri\u00e8re, anim\u00e9e par l\u2019esprit de saint Dominique. S\u2019ils le souhaitent, nos h\u00f4tes sont invit\u00e9s \u00e0 partager avec nous la pri\u00e8re liturgique\u2026","rel":"","context":"Article similaire","block_context":{"text":"Article similaire","link":""},"img":{"alt_text":"","src":"https:\/\/i0.wp.com\/dominicaineslangeac.fr\/wp-content\/uploads\/2016\/08\/14.jpg?fit=1200%2C674&ssl=1&resize=350%2C200","width":350,"height":200,"srcset":"https:\/\/i0.wp.com\/dominicaineslangeac.fr\/wp-content\/uploads\/2016\/08\/14.jpg?fit=1200%2C674&ssl=1&resize=350%2C200 1x, https:\/\/i0.wp.com\/dominicaineslangeac.fr\/wp-content\/uploads\/2016\/08\/14.jpg?fit=1200%2C674&ssl=1&resize=525%2C300 1.5x, https:\/\/i0.wp.com\/dominicaineslangeac.fr\/wp-content\/uploads\/2016\/08\/14.jpg?fit=1200%2C674&ssl=1&resize=700%2C400 2x, https:\/\/i0.wp.com\/dominicaineslangeac.fr\/wp-content\/uploads\/2016\/08\/14.jpg?fit=1200%2C674&ssl=1&resize=1050%2C600 3x"},"classes":[]}],"_links":{"self":[{"href":"https:\/\/dominicaineslangeac.fr\/index.php\/wp-json\/wp\/v2\/pages\/7","targetHints":{"allow":["GET"]}}],"collection":[{"href":"https:\/\/dominicaineslangeac.fr\/index.php\/wp-json\/wp\/v2\/pages"}],"about":[{"href":"https:\/\/dominicaineslangeac.fr\/index.php\/wp-json\/wp\/v2\/types\/page"}],"author":[{"embeddable":true,"href":"https:\/\/dominicaineslangeac.fr\/index.php\/wp-json\/wp\/v2\/users\/1"}],"replies":[{"embeddable":true,"href":"https:\/\/dominicaineslangeac.fr\/index.php\/wp-json\/wp\/v2\/comments?post=7"}],"version-history":[{"count":8,"href":"https:\/\/dominicaineslangeac.fr\/index.php\/wp-json\/wp\/v2\/pages\/7\/revisions"}],"predecessor-version":[{"id":316,"href":"https:\/\/dominicaineslangeac.fr\/index.php\/wp-json\/wp\/v2\/pages\/7\/revisions\/316"}],"wp:attachment":[{"href":"https:\/\/dominicaineslangeac.fr\/index.php\/wp-json\/wp\/v2\/media?parent=7"}],"curies":[{"name":"wp","href":"https:\/\/api.w.org\/{rel}","templated":true}]}}