{"id":6744,"date":"2023-03-04T22:22:50","date_gmt":"2023-03-04T21:22:50","guid":{"rendered":"http:\/\/dominicaineslangeac.fr\/?page_id=6744"},"modified":"2023-03-04T23:37:45","modified_gmt":"2023-03-04T22:37:45","slug":"colloque-22-23-sept","status":"publish","type":"page","link":"https:\/\/dominicaineslangeac.fr\/index.php\/jubile-2023\/colloque-22-23-sept\/","title":{"rendered":"Colloque 22-23 sept."},"content":{"rendered":"\n<p class=\"has-luminous-vivid-amber-color has-text-color has-medium-font-size\">Invitation et programme<\/p>\n\n\n\n<p>Colloque et concert de musique baroque par l&rsquo;ensemble Ars Figuralis<\/p>\n\n\n\n<figure class=\"wp-block-image size-large\"><img data-recalc-dims=\"1\" loading=\"lazy\" decoding=\"async\" width=\"700\" height=\"496\" data-attachment-id=\"6751\" data-permalink=\"https:\/\/dominicaineslangeac.fr\/index.php\/jubile-2023\/colloque-22-23-sept\/capture-decran-2023-03-04-225043\/\" data-orig-file=\"https:\/\/i0.wp.com\/dominicaineslangeac.fr\/wp-content\/uploads\/2023\/03\/Capture-decran-2023-03-04-225043.png?fit=1130%2C800&amp;ssl=1\" data-orig-size=\"1130,800\" data-comments-opened=\"0\" data-image-meta=\"{&quot;aperture&quot;:&quot;0&quot;,&quot;credit&quot;:&quot;&quot;,&quot;camera&quot;:&quot;&quot;,&quot;caption&quot;:&quot;&quot;,&quot;created_timestamp&quot;:&quot;0&quot;,&quot;copyright&quot;:&quot;&quot;,&quot;focal_length&quot;:&quot;0&quot;,&quot;iso&quot;:&quot;0&quot;,&quot;shutter_speed&quot;:&quot;0&quot;,&quot;title&quot;:&quot;&quot;,&quot;orientation&quot;:&quot;0&quot;}\" data-image-title=\"colloque recto 2023-03-04 225043\" data-image-description=\"\" data-image-caption=\"\" data-large-file=\"https:\/\/i0.wp.com\/dominicaineslangeac.fr\/wp-content\/uploads\/2023\/03\/Capture-decran-2023-03-04-225043.png?fit=700%2C496&amp;ssl=1\" src=\"https:\/\/i0.wp.com\/dominicaineslangeac.fr\/wp-content\/uploads\/2023\/03\/Capture-decran-2023-03-04-225043-700x496.png?resize=700%2C496\" alt=\"Colloque historique. 1623 fondation du monast\u00e8re de Langeac. Du XVIIe si\u00e8cle au XIXe si\u00e8cle.\" class=\"wp-image-6751\" srcset=\"https:\/\/i0.wp.com\/dominicaineslangeac.fr\/wp-content\/uploads\/2023\/03\/Capture-decran-2023-03-04-225043.png?resize=700%2C496&amp;ssl=1 700w, https:\/\/i0.wp.com\/dominicaineslangeac.fr\/wp-content\/uploads\/2023\/03\/Capture-decran-2023-03-04-225043.png?resize=300%2C212&amp;ssl=1 300w, https:\/\/i0.wp.com\/dominicaineslangeac.fr\/wp-content\/uploads\/2023\/03\/Capture-decran-2023-03-04-225043.png?resize=768%2C544&amp;ssl=1 768w, https:\/\/i0.wp.com\/dominicaineslangeac.fr\/wp-content\/uploads\/2023\/03\/Capture-decran-2023-03-04-225043.png?w=1130&amp;ssl=1 1130w\" sizes=\"auto, (max-width: 700px) 100vw, 700px\" \/><\/figure>\n\n\n\n<figure class=\"wp-block-image size-large is-resized\"><img data-recalc-dims=\"1\" loading=\"lazy\" decoding=\"async\" data-attachment-id=\"6750\" data-permalink=\"https:\/\/dominicaineslangeac.fr\/index.php\/jubile-2023\/colloque-22-23-sept\/capture-decran-2023-03-04-223612\/\" data-orig-file=\"https:\/\/i0.wp.com\/dominicaineslangeac.fr\/wp-content\/uploads\/2023\/03\/Capture-decran-2023-03-04-223612.png?fit=1217%2C859&amp;ssl=1\" data-orig-size=\"1217,859\" data-comments-opened=\"0\" data-image-meta=\"{&quot;aperture&quot;:&quot;0&quot;,&quot;credit&quot;:&quot;&quot;,&quot;camera&quot;:&quot;&quot;,&quot;caption&quot;:&quot;&quot;,&quot;created_timestamp&quot;:&quot;0&quot;,&quot;copyright&quot;:&quot;&quot;,&quot;focal_length&quot;:&quot;0&quot;,&quot;iso&quot;:&quot;0&quot;,&quot;shutter_speed&quot;:&quot;0&quot;,&quot;title&quot;:&quot;&quot;,&quot;orientation&quot;:&quot;0&quot;}\" data-image-title=\"Colloque verso 2023-03-04 223612\" data-image-description=\"\" data-image-caption=\"\" data-large-file=\"https:\/\/i0.wp.com\/dominicaineslangeac.fr\/wp-content\/uploads\/2023\/03\/Capture-decran-2023-03-04-223612.png?fit=700%2C494&amp;ssl=1\" src=\"https:\/\/i0.wp.com\/dominicaineslangeac.fr\/wp-content\/uploads\/2023\/03\/Capture-decran-2023-03-04-223612-700x494.png?resize=700%2C494\" alt=\"Programme du colloque \nLe renouveau du XVIIe si\u00e8cle\nLe monast\u00e8re de Langeac, histoire d'une fid\u00e9lit\u00e9\nM\u00e9moire et repr\u00e9sentation de la Bse Agn\u00e8s\" class=\"wp-image-6750\" width=\"700\" height=\"494\" srcset=\"https:\/\/i0.wp.com\/dominicaineslangeac.fr\/wp-content\/uploads\/2023\/03\/Capture-decran-2023-03-04-223612.png?resize=700%2C494&amp;ssl=1 700w, https:\/\/i0.wp.com\/dominicaineslangeac.fr\/wp-content\/uploads\/2023\/03\/Capture-decran-2023-03-04-223612.png?resize=300%2C212&amp;ssl=1 300w, https:\/\/i0.wp.com\/dominicaineslangeac.fr\/wp-content\/uploads\/2023\/03\/Capture-decran-2023-03-04-223612.png?resize=768%2C542&amp;ssl=1 768w, https:\/\/i0.wp.com\/dominicaineslangeac.fr\/wp-content\/uploads\/2023\/03\/Capture-decran-2023-03-04-223612.png?w=1217&amp;ssl=1 1217w\" sizes=\"auto, (max-width: 700px) 100vw, 700px\" \/><\/figure>\n","protected":false},"excerpt":{"rendered":"<p>Colloque historique: En 1623, fondation du monast\u00e8re des dominicaines de Langeac. Avec Bernard Dompnier approfondir la longue histoire du monast\u00e8re et l&rsquo;h\u00e9ritage de la Bse Agn\u00e8s de J\u00e9sus.<br \/>\nConclusion avec un concert de l&rsquo;ensemble Ars Figuralis<\/p>\n","protected":false},"author":2,"featured_media":0,"parent":6431,"menu_order":3,"comment_status":"closed","ping_status":"closed","template":"","meta":{"advanced_seo_description":"","jetpack_seo_html_title":"","jetpack_seo_noindex":false,"jetpack_post_was_ever_published":false,"footnotes":""},"class_list":["post-6744","page","type-page","status-publish","czr-hentry"],"jetpack_sharing_enabled":true,"jetpack_shortlink":"https:\/\/wp.me\/P7P1cC-1KM","jetpack-related-posts":[{"id":6445,"url":"https:\/\/dominicaineslangeac.fr\/index.php\/jubile-2023\/programme-du-jubile\/","url_meta":{"origin":6744,"position":0},"title":"Programme du Jubil\u00e9","author":"MONASTERE","date":"29 d\u00e9cembre 2022","format":false,"excerpt":"Dimanche 8 janvier ouverture de l\u2019ann\u00e9e jubilaire Messe solennelle de l\u2019Epiphanie, pr\u00e9sid\u00e9e par Mgr Yves Baumgarten, \u00e9v\u00eaque du Puy Mardi 4 avril V\u00eapres avec les pr\u00eatres du dioc\u00e8se au monast\u00e8re suivie de la messe Chrismale \u00e0 la coll\u00e9giale \u00e0 18h Dimanche 25 juin Journ\u00e9e des amis du monast\u00e8re et 10\u2026","rel":"","context":"Article similaire","block_context":{"text":"Article similaire","link":""},"img":{"alt_text":"","src":"","width":0,"height":0},"classes":[]},{"id":21,"url":"https:\/\/dominicaineslangeac.fr\/index.php\/nos-activites\/magasin\/","url_meta":{"origin":6744,"position":1},"title":"Magasin","author":"Monast\u00e8re Ste Catherine","date":"20 ao\u00fbt 2016","format":false,"excerpt":"Vente sur place ou par correspondance Ic\u00f4nes coll\u00e9es Plusieurs formats : 7\u20ac - 28\u20ac Cartes personnalis\u00e9es Merci Anniversaires Citations Bienheureuse Agn\u00e8s Avec enveloppe : 2,50 \u20ac Chapelets et rosaires Dizainier : 3,20 \u20ac - 6,30 \u20ac Chapelet : 8,40 \u20ac Rosaire : 15 \u20ac Livres Sur Agn\u00e8s de Langeac M\u00e9moires\u2026","rel":"","context":"Article similaire","block_context":{"text":"Article similaire","link":""},"img":{"alt_text":"","src":"https:\/\/i0.wp.com\/dominicaineslangeac.fr\/wp-content\/uploads\/2016\/08\/magasin-700x413.jpg?resize=350%2C200","width":350,"height":200,"srcset":"https:\/\/i0.wp.com\/dominicaineslangeac.fr\/wp-content\/uploads\/2016\/08\/magasin-700x413.jpg?resize=350%2C200 1x, https:\/\/i0.wp.com\/dominicaineslangeac.fr\/wp-content\/uploads\/2016\/08\/magasin-700x413.jpg?resize=525%2C300 1.5x, https:\/\/i0.wp.com\/dominicaineslangeac.fr\/wp-content\/uploads\/2016\/08\/magasin-700x413.jpg?resize=700%2C400 2x"},"classes":[]},{"id":1199,"url":"https:\/\/dominicaineslangeac.fr\/index.php\/nous-aider\/","url_meta":{"origin":6744,"position":2},"title":"Nous aider","author":"MONASTERE","date":"9 novembre 2018","format":false,"excerpt":"Vous pouvez nous aider en \u00a0adressant \u00a0un don \u00e0 la Fondation \u00a0des \u00a0Monast\u00e8res. La Fondation des Monast\u00e8res, fondation reconnue d'utilit\u00e9 publique, 14 rue Brunel - 75017 Paris - 01 45 31 02 02 - www.fondationdesmonasteres.org est habilit\u00e9e \u00e0 recevoir les dons d\u00e9ductibles fiscalement, pour son oeuvre de soutien charitable aux\u2026","rel":"","context":"Article similaire","block_context":{"text":"Article similaire","link":""},"img":{"alt_text":"","src":"https:\/\/i0.wp.com\/dominicaineslangeac.fr\/wp-content\/uploads\/2018\/11\/fondmon2018.jpg?resize=350%2C200","width":350,"height":200,"srcset":"https:\/\/i0.wp.com\/dominicaineslangeac.fr\/wp-content\/uploads\/2018\/11\/fondmon2018.jpg?resize=350%2C200 1x, https:\/\/i0.wp.com\/dominicaineslangeac.fr\/wp-content\/uploads\/2018\/11\/fondmon2018.jpg?resize=525%2C300 1.5x, https:\/\/i0.wp.com\/dominicaineslangeac.fr\/wp-content\/uploads\/2018\/11\/fondmon2018.jpg?resize=700%2C400 2x, https:\/\/i0.wp.com\/dominicaineslangeac.fr\/wp-content\/uploads\/2018\/11\/fondmon2018.jpg?resize=1050%2C600 3x"},"classes":[]},{"id":850,"url":"https:\/\/dominicaineslangeac.fr\/index.php\/regle-de-vie\/histoire-du-monastere\/","url_meta":{"origin":6744,"position":3},"title":"Histoire du Monast\u00e8re","author":"Monast\u00e8re Ste Catherine","date":"12 avril 2017","format":false,"excerpt":"La fondation du monast\u00e8re et son histoire se placent sous l\u2019angle du renouveau dominicain de la premi\u00e8re moiti\u00e9 du XVIIe si\u00e8cle en France. Trente-deux fondations voient le jour \u00e0 partir de deux souches, les monast\u00e8res de Sainte Catherine de Sienne de Toulouse et de Sainte Prax\u00e8de d\u2019Avignon. C\u2019est ce dernier\u2026","rel":"","context":"Article similaire","block_context":{"text":"Article similaire","link":""},"img":{"alt_text":"","src":"https:\/\/i0.wp.com\/dominicaineslangeac.fr\/wp-content\/uploads\/2016\/10\/The_Perugia_Altarpiece_Side_Panel_Depicting_St._Dominic.jpg?resize=350%2C200","width":350,"height":200},"classes":[]},{"id":6431,"url":"https:\/\/dominicaineslangeac.fr\/index.php\/jubile-2023\/","url_meta":{"origin":6744,"position":4},"title":"Jubil\u00e9 2023","author":"MONASTERE","date":"29 d\u00e9cembre 2022","format":false,"excerpt":"","rel":"","context":"Article similaire","block_context":{"text":"Article similaire","link":""},"img":{"alt_text":"","src":"","width":0,"height":0},"classes":[]},{"id":411,"url":"https:\/\/dominicaineslangeac.fr\/index.php\/page-jeunes\/activites-proposes-au-jeunes\/","url_meta":{"origin":6744,"position":5},"title":"Activit\u00e9s propos\u00e9es aux jeunes","author":"Monast\u00e8re Ste Catherine","date":"8 octobre 2016","format":false,"excerpt":"Pause au monast\u00e8re","rel":"","context":"Article similaire","block_context":{"text":"Article similaire","link":""},"img":{"alt_text":"Pause au monast\u00e8re","src":"https:\/\/i0.wp.com\/dominicaineslangeac.fr\/wp-content\/uploads\/2025\/01\/A-VOUS-.png?fit=848%2C1200&ssl=1&resize=350%2C200","width":350,"height":200,"srcset":"https:\/\/i0.wp.com\/dominicaineslangeac.fr\/wp-content\/uploads\/2025\/01\/A-VOUS-.png?fit=848%2C1200&ssl=1&resize=350%2C200 1x, https:\/\/i0.wp.com\/dominicaineslangeac.fr\/wp-content\/uploads\/2025\/01\/A-VOUS-.png?fit=848%2C1200&ssl=1&resize=525%2C300 1.5x, https:\/\/i0.wp.com\/dominicaineslangeac.fr\/wp-content\/uploads\/2025\/01\/A-VOUS-.png?fit=848%2C1200&ssl=1&resize=700%2C400 2x"},"classes":[]}],"_links":{"self":[{"href":"https:\/\/dominicaineslangeac.fr\/index.php\/wp-json\/wp\/v2\/pages\/6744","targetHints":{"allow":["GET"]}}],"collection":[{"href":"https:\/\/dominicaineslangeac.fr\/index.php\/wp-json\/wp\/v2\/pages"}],"about":[{"href":"https:\/\/dominicaineslangeac.fr\/index.php\/wp-json\/wp\/v2\/types\/page"}],"author":[{"embeddable":true,"href":"https:\/\/dominicaineslangeac.fr\/index.php\/wp-json\/wp\/v2\/users\/2"}],"replies":[{"embeddable":true,"href":"https:\/\/dominicaineslangeac.fr\/index.php\/wp-json\/wp\/v2\/comments?post=6744"}],"version-history":[{"count":6,"href":"https:\/\/dominicaineslangeac.fr\/index.php\/wp-json\/wp\/v2\/pages\/6744\/revisions"}],"predecessor-version":[{"id":6760,"href":"https:\/\/dominicaineslangeac.fr\/index.php\/wp-json\/wp\/v2\/pages\/6744\/revisions\/6760"}],"up":[{"embeddable":true,"href":"https:\/\/dominicaineslangeac.fr\/index.php\/wp-json\/wp\/v2\/pages\/6431"}],"wp:attachment":[{"href":"https:\/\/dominicaineslangeac.fr\/index.php\/wp-json\/wp\/v2\/media?parent=6744"}],"curies":[{"name":"wp","href":"https:\/\/api.w.org\/{rel}","templated":true}]}}