{"id":67,"date":"2016-08-20T17:36:08","date_gmt":"2016-08-20T16:36:08","guid":{"rendered":"http:\/\/dominicaineslangeac.fr\/?page_id=67"},"modified":"2025-01-06T11:17:44","modified_gmt":"2025-01-06T10:17:44","slug":"aamdl","status":"publish","type":"page","link":"https:\/\/dominicaineslangeac.fr\/index.php\/aamdl\/","title":{"rendered":"AAMDL"},"content":{"rendered":"\n<h3 class=\"wp-block-heading\"><a href=\"mailto:aamdl@outlook.fr\">r<\/a><\/h3>\n\n\n<h3 class=\"paragraph_style\"><a href=\"https:\/\/i0.wp.com\/dominicaineslangeac.fr\/wp-content\/uploads\/2021\/04\/langeac-drone.jpg\"><img data-recalc-dims=\"1\" loading=\"lazy\" decoding=\"async\" data-attachment-id=\"4359\" data-permalink=\"https:\/\/dominicaineslangeac.fr\/index.php\/aamdl\/langeac-drone\/\" data-orig-file=\"https:\/\/i0.wp.com\/dominicaineslangeac.fr\/wp-content\/uploads\/2021\/04\/langeac-drone.jpg?fit=1280%2C720&amp;ssl=1\" data-orig-size=\"1280,720\" data-comments-opened=\"0\" data-image-meta=\"{&quot;aperture&quot;:&quot;0&quot;,&quot;credit&quot;:&quot;&quot;,&quot;camera&quot;:&quot;&quot;,&quot;caption&quot;:&quot;&quot;,&quot;created_timestamp&quot;:&quot;0&quot;,&quot;copyright&quot;:&quot;&quot;,&quot;focal_length&quot;:&quot;0&quot;,&quot;iso&quot;:&quot;0&quot;,&quot;shutter_speed&quot;:&quot;0&quot;,&quot;title&quot;:&quot;&quot;,&quot;orientation&quot;:&quot;0&quot;}\" data-image-title=\"langeac drone\" data-image-description=\"\" data-image-caption=\"\" data-large-file=\"https:\/\/i0.wp.com\/dominicaineslangeac.fr\/wp-content\/uploads\/2021\/04\/langeac-drone.jpg?fit=700%2C394&amp;ssl=1\" class=\"wp-image-4359 aligncenter\" src=\"https:\/\/i0.wp.com\/dominicaineslangeac.fr\/wp-content\/uploads\/2021\/04\/langeac-drone.jpg?resize=639%2C360\" alt=\"\" width=\"639\" height=\"360\" srcset=\"https:\/\/i0.wp.com\/dominicaineslangeac.fr\/wp-content\/uploads\/2021\/04\/langeac-drone.jpg?w=1280&amp;ssl=1 1280w, https:\/\/i0.wp.com\/dominicaineslangeac.fr\/wp-content\/uploads\/2021\/04\/langeac-drone.jpg?resize=300%2C169&amp;ssl=1 300w, https:\/\/i0.wp.com\/dominicaineslangeac.fr\/wp-content\/uploads\/2021\/04\/langeac-drone.jpg?resize=700%2C394&amp;ssl=1 700w, https:\/\/i0.wp.com\/dominicaineslangeac.fr\/wp-content\/uploads\/2021\/04\/langeac-drone.jpg?resize=768%2C432&amp;ssl=1 768w, https:\/\/i0.wp.com\/dominicaineslangeac.fr\/wp-content\/uploads\/2021\/04\/langeac-drone.jpg?resize=100%2C55&amp;ssl=1 100w\" sizes=\"auto, (max-width: 639px) 100vw, 639px\" \/><\/a><\/h3>\n<h3 class=\"paragraph_style\"><span id=\"id1\" class=\"style_2\">L&rsquo;Association des Amis des Moniales Dominicaines de Langeac<\/span><\/h3>\n<p class=\"paragraph_style\" style=\"text-align: justify;\"><span style=\"font-size: 14pt;\"><span class=\"style_3\">L<\/span><span class=\"style_4\">\u2019association est ouverte \u00e0 tous ceux qui veulent aider les s\u0153urs \u00e0 poursuivre leur mission : maintenir vivante la vie monastique dominicaine en Auvergne et promouvoir l\u2019h\u00e9ritage spirituel de la Bienheureuse Agn\u00e8s de J\u00e9sus.<br \/><\/span><\/span><\/p>\n<p class=\"paragraph_style_1\" style=\"text-align: justify;\"><span class=\"style_4\" style=\"font-size: 14pt;\">Elle a pour objet de d\u00e9velopper et de soutenir les liens de communion qui existent entre la communaut\u00e9 et ses amis.<\/span><\/p>\n<h3 style=\"text-align: right;\"><span style=\"font-size: 14pt;\">Pr\u00e9sident Jean-Marie Chapon<\/span><\/h3>\n<figure class=\"wp-block-image size-full\"><\/figure>\n<h3 class=\"paragraph_style_7\">L&rsquo;adresse de l&rsquo;AADML :<\/h3>\n<p class=\"paragraph_style_7\"><span style=\"font-size: 12pt;\">AAMDL,\u00a02 rue du Pont,\u00a043300 Langeac ou\u00a0<a title=\"mailto:aamdl@outlook.fr\" href=\"mailto:aamdl@outlook.fr\">aamdl@outlook.fr<\/a><\/span><\/p>","protected":false},"excerpt":{"rendered":"<p>r L&rsquo;Association des Amis des Moniales Dominicaines de Langeac L\u2019association est ouverte \u00e0 tous ceux qui veulent aider les s\u0153urs \u00e0 poursuivre leur mission : maintenir vivante la vie monastique dominicaine en Auvergne et promouvoir l\u2019h\u00e9ritage spirituel de la Bienheureuse Agn\u00e8s de J\u00e9sus. Elle a pour objet de d\u00e9velopper et de soutenir les liens de [&hellip;]<\/p>\n","protected":false},"author":1,"featured_media":826,"parent":0,"menu_order":5,"comment_status":"closed","ping_status":"closed","template":"","meta":{"advanced_seo_description":"","jetpack_seo_html_title":"","jetpack_seo_noindex":false,"jetpack_post_was_ever_published":false,"footnotes":""},"class_list":["post-67","page","type-page","status-publish","has-post-thumbnail","czr-hentry"],"jetpack_sharing_enabled":true,"jetpack_shortlink":"https:\/\/wp.me\/P7P1cC-15","jetpack-related-posts":[{"id":429,"url":"https:\/\/dominicaineslangeac.fr\/index.php\/regle-de-vie\/ordre-dominicain\/","url_meta":{"origin":67,"position":0},"title":"Ordre dominicain","author":"Monast\u00e8re Ste Catherine","date":"10 octobre 2016","format":false,"excerpt":"A la suite de saint Dominique N\u00e9 au XIIIe si\u00e8cle du d\u00e9sir br\u00fblant de saint Dominique de \u00ab\u00a0se donner tout entier au salut des hommes comme le Christ l\u2019a fait lui-m\u00eame\u00a0\u00bb, l\u2019Ordre des Pr\u00eacheurs est au service de l\u2019annonce de la Parole de Dieu et de la V\u00e9rit\u00e9 de l\u2019\u00c9vangile.\u2026","rel":"","context":"Article similaire","block_context":{"text":"Article similaire","link":""},"img":{"alt_text":"","src":"https:\/\/i0.wp.com\/dominicaineslangeac.fr\/wp-content\/uploads\/2016\/10\/Statue-St-Dom-encadre-182x300.jpg?resize=350%2C200","width":350,"height":200},"classes":[]},{"id":850,"url":"https:\/\/dominicaineslangeac.fr\/index.php\/regle-de-vie\/histoire-du-monastere\/","url_meta":{"origin":67,"position":1},"title":"Histoire du Monast\u00e8re","author":"Monast\u00e8re Ste Catherine","date":"12 avril 2017","format":false,"excerpt":"La fondation du monast\u00e8re et son histoire se placent sous l\u2019angle du renouveau dominicain de la premi\u00e8re moiti\u00e9 du XVIIe si\u00e8cle en France. Trente-deux fondations voient le jour \u00e0 partir de deux souches, les monast\u00e8res de Sainte Catherine de Sienne de Toulouse et de Sainte Prax\u00e8de d\u2019Avignon. C\u2019est ce dernier\u2026","rel":"","context":"Article similaire","block_context":{"text":"Article similaire","link":""},"img":{"alt_text":"","src":"https:\/\/i0.wp.com\/dominicaineslangeac.fr\/wp-content\/uploads\/2016\/10\/The_Perugia_Altarpiece_Side_Panel_Depicting_St._Dominic.jpg?resize=350%2C200","width":350,"height":200},"classes":[]},{"id":469,"url":"https:\/\/dominicaineslangeac.fr\/index.php\/nos-activites\/icones_dominicaines\/","url_meta":{"origin":67,"position":2},"title":"Ic\u00f4nes \u00ab\u00a0dominicaines\u00a0\u00bb","author":"Monast\u00e8re Ste Catherine","date":"20 f\u00e9vrier 2017","format":false,"excerpt":"Nouvelle icone \"M\u00e8re Agn\u00e8s\" \u00e9crite pour la communaut\u00e9 par une soeur dominicaine \u00e0 Langeac : Deux ic\u00f4nes du Jubil\u00e9 dominicain (2015-2017), \u00e9crites par une dominicaine \u00e0 Langeac Saint Dominique, Maison Seilhan,\u00a0 (2018) ch\u00eane fonc\u00e9 Vente Carte postale : 1 \u20ac Les ic\u00f4nes sont vendues coll\u00e9es sur bois : Petit format\u2026","rel":"","context":"Article similaire","block_context":{"text":"Article similaire","link":""},"img":{"alt_text":"","src":"https:\/\/i0.wp.com\/dominicaineslangeac.fr\/wp-content\/uploads\/2017\/02\/mereagnes-pt-225x300.jpg?resize=350%2C200","width":350,"height":200},"classes":[]},{"id":80,"url":"https:\/\/dominicaineslangeac.fr\/index.php\/liens\/","url_meta":{"origin":67,"position":3},"title":"Liens","author":"Monast\u00e8re Ste Catherine","date":"20 ao\u00fbt 2016","format":false,"excerpt":"Liens dominicains F\u00e9d\u00e9ration Notre Dame des Pr\u00eacheurs (Moniales dominicaines fran\u00e7aies) Ordre des Pr\u00eacheurs Dominicains de la Province de France Dominicains de la Province de Toulouse Dominicaines du Puy Fraternit\u00e9s La\u00efques Dominicaines La retraite dans la ville D'autres liens catholiques Service des Moniales Aelf Conf\u00e9rence des Ev\u00eaques Dioc\u00e8se du Puy Historial\u2026","rel":"","context":"Article similaire","block_context":{"text":"Article similaire","link":""},"img":{"alt_text":"Christ de m\u00e8re Agn\u00e8s","src":"https:\/\/i0.wp.com\/dominicaineslangeac.fr\/wp-content\/uploads\/2016\/08\/Christ-de-m%C3%A8re-Agn%C3%A8s-695x1024.jpg?resize=350%2C200","width":350,"height":200},"classes":[]},{"id":431,"url":"https:\/\/dominicaineslangeac.fr\/index.php\/regle-de-vie\/moniales-dominicaines\/","url_meta":{"origin":67,"position":4},"title":"Moniales dominicaines","author":"Monast\u00e8re Ste Catherine","date":"10 octobre 2016","format":false,"excerpt":"Nous sommes douze moniales dominicaines vivant dans un monast\u00e8re \u00e0 Langeac en Auvergne. Nous appartenons \u00e0 l\u2019Ordre des Pr\u00eacheurs, un Ordre religieux au sein de l\u2019\u00c9glise Catholique. Ce site pr\u00e9sente notre vie, nos activit\u00e9s et comment vous pouvez apprendre \u00e0 nous connaitre. Le propos fondamental Les moniales de l\u2019Ordre des\u2026","rel":"","context":"Article similaire","block_context":{"text":"Article similaire","link":""},"img":{"alt_text":"","src":"https:\/\/i0.wp.com\/dominicaineslangeac.fr\/wp-content\/uploads\/2020\/06\/ct%C3%A9-genets.jpg?fit=910%2C666&ssl=1&resize=350%2C200","width":350,"height":200,"srcset":"https:\/\/i0.wp.com\/dominicaineslangeac.fr\/wp-content\/uploads\/2020\/06\/ct%C3%A9-genets.jpg?fit=910%2C666&ssl=1&resize=350%2C200 1x, https:\/\/i0.wp.com\/dominicaineslangeac.fr\/wp-content\/uploads\/2020\/06\/ct%C3%A9-genets.jpg?fit=910%2C666&ssl=1&resize=525%2C300 1.5x, https:\/\/i0.wp.com\/dominicaineslangeac.fr\/wp-content\/uploads\/2020\/06\/ct%C3%A9-genets.jpg?fit=910%2C666&ssl=1&resize=700%2C400 2x"},"classes":[]},{"id":6443,"url":"https:\/\/dominicaineslangeac.fr\/index.php\/jubile-2023\/priere-du-jubile\/","url_meta":{"origin":67,"position":5},"title":"Pri\u00e8re du Jubil\u00e9","author":"MONASTERE","date":"29 d\u00e9cembre 2022","format":false,"excerpt":"Dieu de Mis\u00e9ricorde,dans ta sagesse \u00e9ternelle, tu as appel\u00e9 ton serviteur Dominique\u00e0 se mettre en route dans la foi, comme p\u00e8lerin itin\u00e9rantet pr\u00e9dicateur de la gr\u00e2ce. Il d\u00e9sira associer \u00e0 la Sainte Pr\u00e9dication nos premi\u00e8res s\u0153urs moniales,en leur confiant de chercher le Seigneur, de penser \u00e0 Lui,de l\u2019invoquer dans le\u2026","rel":"","context":"Article similaire","block_context":{"text":"Article similaire","link":""},"img":{"alt_text":"","src":"https:\/\/i0.wp.com\/dominicaineslangeac.fr\/wp-content\/uploads\/2023\/01\/DSC00077-scaled.jpg?resize=350%2C200","width":350,"height":200},"classes":[]}],"_links":{"self":[{"href":"https:\/\/dominicaineslangeac.fr\/index.php\/wp-json\/wp\/v2\/pages\/67","targetHints":{"allow":["GET"]}}],"collection":[{"href":"https:\/\/dominicaineslangeac.fr\/index.php\/wp-json\/wp\/v2\/pages"}],"about":[{"href":"https:\/\/dominicaineslangeac.fr\/index.php\/wp-json\/wp\/v2\/types\/page"}],"author":[{"embeddable":true,"href":"https:\/\/dominicaineslangeac.fr\/index.php\/wp-json\/wp\/v2\/users\/1"}],"replies":[{"embeddable":true,"href":"https:\/\/dominicaineslangeac.fr\/index.php\/wp-json\/wp\/v2\/comments?post=67"}],"version-history":[{"count":51,"href":"https:\/\/dominicaineslangeac.fr\/index.php\/wp-json\/wp\/v2\/pages\/67\/revisions"}],"predecessor-version":[{"id":9786,"href":"https:\/\/dominicaineslangeac.fr\/index.php\/wp-json\/wp\/v2\/pages\/67\/revisions\/9786"}],"wp:featuredmedia":[{"embeddable":true,"href":"https:\/\/dominicaineslangeac.fr\/index.php\/wp-json\/wp\/v2\/media\/826"}],"wp:attachment":[{"href":"https:\/\/dominicaineslangeac.fr\/index.php\/wp-json\/wp\/v2\/media?parent=67"}],"curies":[{"name":"wp","href":"https:\/\/api.w.org\/{rel}","templated":true}]}}