{"id":6445,"date":"2022-12-29T23:46:06","date_gmt":"2022-12-29T22:46:06","guid":{"rendered":"http:\/\/dominicaineslangeac.fr\/?page_id=6445"},"modified":"2023-05-11T09:26:24","modified_gmt":"2023-05-11T08:26:24","slug":"programme-du-jubile","status":"publish","type":"page","link":"https:\/\/dominicaineslangeac.fr\/index.php\/jubile-2023\/programme-du-jubile\/","title":{"rendered":"Programme du Jubil\u00e9"},"content":{"rendered":"\n<p class=\"has-medium-font-size\">Dimanche 8 janvier ouverture de l\u2019ann\u00e9e jubilaire<\/p>\n\n\n\n<p class=\"has-luminous-vivid-amber-color has-text-color\">Messe solennelle de l\u2019Epiphanie, pr\u00e9sid\u00e9e par Mgr Yves Baumgarten, \u00e9v\u00eaque du Puy<\/p>\n\n\n\n<p class=\"has-medium-font-size\">Mardi 4 avril V\u00eapres avec les pr\u00eatres du dioc\u00e8se au monast\u00e8re suivie de la messe Chrismale \u00e0 la coll\u00e9giale \u00e0 18h<\/p>\n\n\n\n<p class=\"has-medium-font-size\">Dimanche 25 juin Journ\u00e9e des amis du monast\u00e8re et 10 ans de l\u2019AAMDL<\/p>\n\n\n\n<div class=\"wp-block-group\"><div class=\"wp-block-group__inner-container is-layout-flow wp-block-group-is-layout-flow\">\n<p class=\"has-medium-font-size\">26\/27 ao\u00fbt Week-end des familles : c\u00e9l\u00e9brer la vie \u00e0 la suite de la Bse Agn\u00e8s<\/p>\n\n\n\n<p class=\"has-luminous-vivid-amber-color has-text-color has-normal-font-size\"> Fr\u00e8re Fran\u00e7ois-Dominique Forquin,op. animera le WE, Marche,Temps d\u2019enseignements , t\u00e9moignages et des animations pour les plus jeunes, une veill\u00e9e de pri\u00e8re avec la communaut\u00e9 des soeurs.<\/p>\n<\/div><\/div>\n\n\n\n<p class=\"has-medium-font-size\">16 septembre Conf\u00e9rence \u00e0 l\u2019Historial dans le cadre des journ\u00e9es du patrimoine.<\/p>\n\n\n\n<div class=\"wp-block-group\"><div class=\"wp-block-group__inner-container is-layout-flow wp-block-group-is-layout-flow\">\n<p class=\"has-medium-font-size\">22\/23 septembre Colloque historique \u00e0 la M\u00e9diath\u00e8que ou au centre culturel<\/p>\n\n\n\n<p class=\"has-luminous-vivid-amber-color has-text-color\"><br>vendredi 22 \u00e0 14h : Agn\u00e8s, le monast\u00e8re de Langeac et l\u2019ordre dominicain. Le<br>renouveau du XVIIe.<\/p>\n<\/div><\/div>\n\n\n\n<div class=\"wp-block-group\"><div class=\"wp-block-group__inner-container is-layout-flow wp-block-group-is-layout-flow\">\n<p class=\"has-luminous-vivid-amber-color has-text-color\">samedi 23 \u00e0 9h : le monast\u00e8re de Langeac, histoire d\u2019une fid\u00e9lit\u00e9<\/p>\n<\/div><\/div>\n\n\n\n<div class=\"wp-block-group\"><div class=\"wp-block-group__inner-container is-layout-flow wp-block-group-is-layout-flow\">\n<p class=\"has-luminous-vivid-amber-color has-text-color\">samedi 23 \u00e0 14h : M\u00e9moire et repr\u00e9sentation de la Bse Agn\u00e8s<\/p>\n\n\n\n<div class=\"wp-block-group\"><div class=\"wp-block-group__inner-container is-layout-flow wp-block-group-is-layout-flow\">\n<p class=\"has-medium-font-size\">23 septembre \u00e0 21h Concert \u00e0 la coll\u00e9giale de Langeac par l\u2019ensemble Ars<br>Figuralis, Cyril Escoffier<\/p>\n\n\n\n<p class=\"has-medium-font-size\"><br>24 septembre Messe dominicale du monast\u00e8re radiodiffus\u00e9e sur France Culture<\/p>\n\n\n\n<p class=\"has-medium-font-size\">22 octobre Messe dominicale t\u00e9l\u00e9vis\u00e9e sur France 2<\/p>\n\n\n\n<p class=\"has-medium-font-size\">Dimanche 7 janvier Epiphanie Cl\u00f4ture solennelle de l\u2019ann\u00e9e jubilaire<\/p>\n<\/div><\/div>\n<\/div><\/div>\n\n\n\n<p><\/p>\n","protected":false},"excerpt":{"rendered":"<p>Dimanche 8 janvier ouverture de l\u2019ann\u00e9e jubilaire Messe solennelle de l\u2019Epiphanie, pr\u00e9sid\u00e9e par Mgr Yves Baumgarten, \u00e9v\u00eaque du Puy Mardi 4 avril V\u00eapres avec les pr\u00eatres du dioc\u00e8se au monast\u00e8re suivie de la messe Chrismale \u00e0 la coll\u00e9giale \u00e0 18h Dimanche 25 juin Journ\u00e9e des amis du monast\u00e8re et 10 ans de l\u2019AAMDL 26\/27 ao\u00fbt [&hellip;]<\/p>\n","protected":false},"author":2,"featured_media":0,"parent":6431,"menu_order":2,"comment_status":"closed","ping_status":"closed","template":"","meta":{"advanced_seo_description":"","jetpack_seo_html_title":"","jetpack_seo_noindex":false,"jetpack_post_was_ever_published":false,"footnotes":""},"class_list":["post-6445","page","type-page","status-publish","czr-hentry"],"jetpack_sharing_enabled":true,"jetpack_shortlink":"https:\/\/wp.me\/P7P1cC-1FX","jetpack-related-posts":[{"id":78,"url":"https:\/\/dominicaineslangeac.fr\/index.php\/regle-de-vie\/loffice-et-priere\/","url_meta":{"origin":6445,"position":0},"title":"Messe et offices","author":"Monast\u00e8re Ste Catherine","date":"20 ao\u00fbt 2016","format":false,"excerpt":"Messe Dimanche : 8h30 Du lundi au samedi : 8h15 Offices 7h30 Laudes\u00a0 12h\u00a0Heure M\u00e9diane\u00a0 17h40 V\u00eapres 20h30 Vigiles Chapelet 17h20 tous les jours Exposition du Saint Sacrement Vendredi 18h10-19h10 Un dimanche par mois \u00a010h30-12h et 15h-17h20 Pour les grandes f\u00eates les\u00a0horaires\u00a0changent Ecoutez Exultet de la nuit de P\u00e2ques","rel":"","context":"Article similaire","block_context":{"text":"Article similaire","link":""},"img":{"alt_text":"22","src":"https:\/\/i0.wp.com\/dominicaineslangeac.fr\/wp-content\/uploads\/2016\/08\/22-1024x575.jpg?resize=350%2C200","width":350,"height":200},"classes":[]},{"id":7059,"url":"https:\/\/dominicaineslangeac.fr\/index.php\/jubile-2023\/we-des-familles-celebrer-la-vie\/","url_meta":{"origin":6445,"position":1},"title":"26-27 ao\u00fbt: WE des familles \u00ab\u00a0C\u00e9l\u00e9brer la Vie\u00a0\u00bb","author":"MONASTERE","date":"19 mai 2023","format":false,"excerpt":"WE des familles \"c\u00e9l\u00e9brer la Vie\"","rel":"","context":"Article similaire","block_context":{"text":"Article similaire","link":""},"img":{"alt_text":"","src":"https:\/\/i0.wp.com\/dominicaineslangeac.fr\/wp-content\/uploads\/2023\/05\/Flyer.png?fit=437%2C613&ssl=1&resize=350%2C200","width":350,"height":200},"classes":[]},{"id":6438,"url":"https:\/\/dominicaineslangeac.fr\/index.php\/jubile-2023\/ouverture\/","url_meta":{"origin":6445,"position":2},"title":"Ouverture du Jubil\u00e9","author":"MONASTERE","date":"29 d\u00e9cembre 2022","format":false,"excerpt":"Epiphanie: 8 janvier 2023 9h Messe avec Monseigneur Yves Baumgarten","rel":"","context":"Article similaire","block_context":{"text":"Article similaire","link":""},"img":{"alt_text":"","src":"https:\/\/i0.wp.com\/dominicaineslangeac.fr\/wp-content\/uploads\/2023\/03\/IMG_6651.jpg?resize=350%2C200&ssl=1","width":350,"height":200,"srcset":"https:\/\/i0.wp.com\/dominicaineslangeac.fr\/wp-content\/uploads\/2023\/03\/IMG_6651.jpg?resize=350%2C200&ssl=1 1x, https:\/\/i0.wp.com\/dominicaineslangeac.fr\/wp-content\/uploads\/2023\/03\/IMG_6651.jpg?resize=525%2C300&ssl=1 1.5x, https:\/\/i0.wp.com\/dominicaineslangeac.fr\/wp-content\/uploads\/2023\/03\/IMG_6651.jpg?resize=700%2C400&ssl=1 2x, https:\/\/i0.wp.com\/dominicaineslangeac.fr\/wp-content\/uploads\/2023\/03\/IMG_6651.jpg?resize=1050%2C600&ssl=1 3x"},"classes":[]},{"id":12486,"url":"https:\/\/dominicaineslangeac.fr\/index.php\/agnes-de-langeac\/historial-mere-agnes-2025\/","url_meta":{"origin":6445,"position":3},"title":"Historial M\u00e8re Agn\u00e8s 2025","author":"MONASTERE","date":"31 mai 2025","format":false,"excerpt":"\u00c9t\u00e9 2025 : ouverture tous les jours de 15h \u00e0 18h sauf le dimanche Pr\u00e9sence du fr\u00e8re Julien , dominicain, historien de l'art, du 14 au 30 juillet 2025 AdresseRue Saint-Pierre de Chavanon43300 LangeacCoordonn\u00e9es45\u00b0\u00a005\u2032\u00a055\u2033\u00a0N, 3\u00b0\u00a029\u2032\u00a047\u2033\u00a0E Le mus\u00e9e se situe dans l'ancien monast\u00e8re des moniales dominicaines dont elles ont \u00e9t\u00e9 chass\u00e9es\u2026","rel":"","context":"Article similaire","block_context":{"text":"Article similaire","link":""},"img":{"alt_text":"","src":"https:\/\/i0.wp.com\/dominicaineslangeac.fr\/wp-content\/uploads\/2017\/03\/monastere-primitif-scaled.jpg?resize=350%2C200&ssl=1","width":350,"height":200,"srcset":"https:\/\/i0.wp.com\/dominicaineslangeac.fr\/wp-content\/uploads\/2017\/03\/monastere-primitif-scaled.jpg?resize=350%2C200&ssl=1 1x, https:\/\/i0.wp.com\/dominicaineslangeac.fr\/wp-content\/uploads\/2017\/03\/monastere-primitif-scaled.jpg?resize=525%2C300&ssl=1 1.5x, https:\/\/i0.wp.com\/dominicaineslangeac.fr\/wp-content\/uploads\/2017\/03\/monastere-primitif-scaled.jpg?resize=700%2C400&ssl=1 2x, https:\/\/i0.wp.com\/dominicaineslangeac.fr\/wp-content\/uploads\/2017\/03\/monastere-primitif-scaled.jpg?resize=1050%2C600&ssl=1 3x, https:\/\/i0.wp.com\/dominicaineslangeac.fr\/wp-content\/uploads\/2017\/03\/monastere-primitif-scaled.jpg?resize=1400%2C800&ssl=1 4x"},"classes":[]},{"id":1199,"url":"https:\/\/dominicaineslangeac.fr\/index.php\/nous-aider\/","url_meta":{"origin":6445,"position":4},"title":"Nous aider","author":"MONASTERE","date":"9 novembre 2018","format":false,"excerpt":"Vous pouvez nous aider en \u00a0adressant \u00a0un don \u00e0 la Fondation \u00a0des \u00a0Monast\u00e8res. La Fondation des Monast\u00e8res, fondation reconnue d'utilit\u00e9 publique, 14 rue Brunel - 75017 Paris - 01 45 31 02 02 - www.fondationdesmonasteres.org est habilit\u00e9e \u00e0 recevoir les dons d\u00e9ductibles fiscalement, pour son oeuvre de soutien charitable aux\u2026","rel":"","context":"Article similaire","block_context":{"text":"Article similaire","link":""},"img":{"alt_text":"","src":"https:\/\/i0.wp.com\/dominicaineslangeac.fr\/wp-content\/uploads\/2018\/11\/fondmon2018.jpg?resize=350%2C200","width":350,"height":200,"srcset":"https:\/\/i0.wp.com\/dominicaineslangeac.fr\/wp-content\/uploads\/2018\/11\/fondmon2018.jpg?resize=350%2C200 1x, https:\/\/i0.wp.com\/dominicaineslangeac.fr\/wp-content\/uploads\/2018\/11\/fondmon2018.jpg?resize=525%2C300 1.5x, https:\/\/i0.wp.com\/dominicaineslangeac.fr\/wp-content\/uploads\/2018\/11\/fondmon2018.jpg?resize=700%2C400 2x, https:\/\/i0.wp.com\/dominicaineslangeac.fr\/wp-content\/uploads\/2018\/11\/fondmon2018.jpg?resize=1050%2C600 3x"},"classes":[]},{"id":850,"url":"https:\/\/dominicaineslangeac.fr\/index.php\/regle-de-vie\/histoire-du-monastere\/","url_meta":{"origin":6445,"position":5},"title":"Histoire du Monast\u00e8re","author":"Monast\u00e8re Ste Catherine","date":"12 avril 2017","format":false,"excerpt":"La fondation du monast\u00e8re et son histoire se placent sous l\u2019angle du renouveau dominicain de la premi\u00e8re moiti\u00e9 du XVIIe si\u00e8cle en France. Trente-deux fondations voient le jour \u00e0 partir de deux souches, les monast\u00e8res de Sainte Catherine de Sienne de Toulouse et de Sainte Prax\u00e8de d\u2019Avignon. C\u2019est ce dernier\u2026","rel":"","context":"Article similaire","block_context":{"text":"Article similaire","link":""},"img":{"alt_text":"","src":"https:\/\/i0.wp.com\/dominicaineslangeac.fr\/wp-content\/uploads\/2016\/10\/The_Perugia_Altarpiece_Side_Panel_Depicting_St._Dominic.jpg?resize=350%2C200","width":350,"height":200},"classes":[]}],"_links":{"self":[{"href":"https:\/\/dominicaineslangeac.fr\/index.php\/wp-json\/wp\/v2\/pages\/6445","targetHints":{"allow":["GET"]}}],"collection":[{"href":"https:\/\/dominicaineslangeac.fr\/index.php\/wp-json\/wp\/v2\/pages"}],"about":[{"href":"https:\/\/dominicaineslangeac.fr\/index.php\/wp-json\/wp\/v2\/types\/page"}],"author":[{"embeddable":true,"href":"https:\/\/dominicaineslangeac.fr\/index.php\/wp-json\/wp\/v2\/users\/2"}],"replies":[{"embeddable":true,"href":"https:\/\/dominicaineslangeac.fr\/index.php\/wp-json\/wp\/v2\/comments?post=6445"}],"version-history":[{"count":4,"href":"https:\/\/dominicaineslangeac.fr\/index.php\/wp-json\/wp\/v2\/pages\/6445\/revisions"}],"predecessor-version":[{"id":7058,"href":"https:\/\/dominicaineslangeac.fr\/index.php\/wp-json\/wp\/v2\/pages\/6445\/revisions\/7058"}],"up":[{"embeddable":true,"href":"https:\/\/dominicaineslangeac.fr\/index.php\/wp-json\/wp\/v2\/pages\/6431"}],"wp:attachment":[{"href":"https:\/\/dominicaineslangeac.fr\/index.php\/wp-json\/wp\/v2\/media?parent=6445"}],"curies":[{"name":"wp","href":"https:\/\/api.w.org\/{rel}","templated":true}]}}