{"id":6443,"date":"2022-12-29T23:22:31","date_gmt":"2022-12-29T22:22:31","guid":{"rendered":"http:\/\/dominicaineslangeac.fr\/?page_id=6443"},"modified":"2023-03-04T22:24:32","modified_gmt":"2023-03-04T21:24:32","slug":"priere-du-jubile","status":"publish","type":"page","link":"https:\/\/dominicaineslangeac.fr\/index.php\/jubile-2023\/priere-du-jubile\/","title":{"rendered":"Pri\u00e8re du Jubil\u00e9"},"content":{"rendered":"\n<p class=\"has-text-align-right\"><\/p>\n\n\n\n<div class=\"wp-block-image\"><figure class=\"alignright size-large is-resized\"><img data-recalc-dims=\"1\" loading=\"lazy\" decoding=\"async\" src=\"https:\/\/i0.wp.com\/dominicaineslangeac.fr\/wp-content\/uploads\/2023\/01\/DSC00077-scaled.jpg?resize=250%2C332\" alt=\"\" width=\"250\" height=\"332\"\/><\/figure><\/div>\n\n\n\n<p>Dieu de Mis\u00e9ricorde,<br>dans ta sagesse \u00e9ternelle, tu as appel\u00e9 ton serviteur Dominique<br>\u00e0 se mettre en route dans la foi, comme p\u00e8lerin itin\u00e9rant<br>et pr\u00e9dicateur de la gr\u00e2ce.<\/p>\n\n\n\n<p>Il d\u00e9sira associer \u00e0 la Sainte Pr\u00e9dication nos premi\u00e8res s\u0153urs moniales,<br>en leur confiant de chercher le Seigneur, de penser \u00e0 Lui,<br>de l\u2019invoquer dans le secret afin que la Parole de Dieu ne lui revienne pas<br>sans fruit mais accomplisse en pl\u00e9nitude ce pour quoi il l\u2019a envoy\u00e9e.<\/p>\n\n\n\n<p>La bienheureuse Agn\u00e8s de Langeac et ses s\u0153urs ont d\u00e9sir\u00e9 poursuivre ce propos<br>dans une grande fid\u00e9lit\u00e9 \u00e0 l\u2019\u00c9vangile.<\/p>\n\n\n\n<p>En comm\u00e9morant ce Jubil\u00e9 de la fondation de notre monast\u00e8re de Langeac,<br>nous te demandons d\u2019insuffler \u00e0 nouveau en nous l\u2019Esprit du Christ ressuscit\u00e9,<br>pour que nous puissions proclamer par toute notre vie<br>l\u2019\u00c9vangile de la Paix, dans la pers\u00e9v\u00e9rance et la joie.<\/p>\n\n\n\n<p>Dieu de Mis\u00e9ricorde,<br>dans ta sagesse \u00e9ternelle, tu as appel\u00e9 ton serviteur Dominique<br>\u00e0 se mettre en route dans la foi, comme p\u00e8lerin itin\u00e9rant<br>et pr\u00e9dicateur de la gr\u00e2ce.<\/p>\n\n\n\n<p>Il d\u00e9sira associer \u00e0 la Sainte Pr\u00e9dication nos premi\u00e8res s\u0153urs moniales,<br>en leur confiant de chercher le Seigneur, de penser \u00e0 Lui,<br>de l\u2019invoquer dans le secret afin que la Parole de Dieu ne lui revienne pas<br>sans fruit mais accomplisse en pl\u00e9nitude ce pour quoi il l\u2019a envoy\u00e9e.<\/p>\n\n\n\n<p>La bienheureuse Agn\u00e8s de Langeac et ses s\u0153urs ont d\u00e9sir\u00e9 poursuivre ce propos<br>dans une grande fid\u00e9lit\u00e9 \u00e0 l\u2019\u00c9vangile.<\/p>\n\n\n\n<p>En comm\u00e9morant ce Jubil\u00e9 de la fondation de notre monast\u00e8re de Langeac,<br>nous te demandons d\u2019insuffler \u00e0 nouveau en nous l\u2019Esprit du Christ ressuscit\u00e9,<br>pour que nous puissions proclamer par toute notre vie<br>l\u2019\u00c9vangile de la Paix, dans la pers\u00e9v\u00e9rance et la joie.<\/p>\n\n\n\n<p>Par J\u00e9sus, le Christ, notre Seigneur. Amen&nbsp;!<\/p>\n","protected":false},"excerpt":{"rendered":"<p>Dieu de Mis\u00e9ricorde,dans ta sagesse \u00e9ternelle, tu as appel\u00e9 ton serviteur Dominique\u00e0 se mettre en route dans la foi, comme p\u00e8lerin itin\u00e9rantet pr\u00e9dicateur de la gr\u00e2ce. Il d\u00e9sira associer \u00e0 la Sainte Pr\u00e9dication nos premi\u00e8res s\u0153urs moniales,en leur confiant de chercher le Seigneur, de penser \u00e0 Lui,de l\u2019invoquer dans le secret afin que la Parole [&hellip;]<\/p>\n","protected":false},"author":2,"featured_media":0,"parent":6431,"menu_order":4,"comment_status":"closed","ping_status":"closed","template":"","meta":{"advanced_seo_description":"","jetpack_seo_html_title":"","jetpack_seo_noindex":false,"jetpack_post_was_ever_published":false,"footnotes":""},"class_list":["post-6443","page","type-page","status-publish","czr-hentry"],"jetpack_sharing_enabled":true,"jetpack_shortlink":"https:\/\/wp.me\/P7P1cC-1FV","jetpack-related-posts":[{"id":431,"url":"https:\/\/dominicaineslangeac.fr\/index.php\/regle-de-vie\/moniales-dominicaines\/","url_meta":{"origin":6443,"position":0},"title":"Moniales dominicaines","author":"Monast\u00e8re Ste Catherine","date":"10 octobre 2016","format":false,"excerpt":"Nous sommes douze moniales dominicaines vivant dans un monast\u00e8re \u00e0 Langeac en Auvergne. Nous appartenons \u00e0 l\u2019Ordre des Pr\u00eacheurs, un Ordre religieux au sein de l\u2019\u00c9glise Catholique. Ce site pr\u00e9sente notre vie, nos activit\u00e9s et comment vous pouvez apprendre \u00e0 nous connaitre. Le propos fondamental Les moniales de l\u2019Ordre des\u2026","rel":"","context":"Article similaire","block_context":{"text":"Article similaire","link":""},"img":{"alt_text":"","src":"https:\/\/i0.wp.com\/dominicaineslangeac.fr\/wp-content\/uploads\/2020\/06\/ct%C3%A9-genets.jpg?fit=910%2C666&ssl=1&resize=350%2C200","width":350,"height":200,"srcset":"https:\/\/i0.wp.com\/dominicaineslangeac.fr\/wp-content\/uploads\/2020\/06\/ct%C3%A9-genets.jpg?fit=910%2C666&ssl=1&resize=350%2C200 1x, https:\/\/i0.wp.com\/dominicaineslangeac.fr\/wp-content\/uploads\/2020\/06\/ct%C3%A9-genets.jpg?fit=910%2C666&ssl=1&resize=525%2C300 1.5x, https:\/\/i0.wp.com\/dominicaineslangeac.fr\/wp-content\/uploads\/2020\/06\/ct%C3%A9-genets.jpg?fit=910%2C666&ssl=1&resize=700%2C400 2x"},"classes":[]},{"id":469,"url":"https:\/\/dominicaineslangeac.fr\/index.php\/nos-activites\/icones_dominicaines\/","url_meta":{"origin":6443,"position":1},"title":"Ic\u00f4nes \u00ab\u00a0dominicaines\u00a0\u00bb","author":"Monast\u00e8re Ste Catherine","date":"20 f\u00e9vrier 2017","format":false,"excerpt":"Nouvelle icone \"M\u00e8re Agn\u00e8s\" \u00e9crite pour la communaut\u00e9 par une soeur dominicaine \u00e0 Langeac : Deux ic\u00f4nes du Jubil\u00e9 dominicain (2015-2017), \u00e9crites par une dominicaine \u00e0 Langeac Saint Dominique, Maison Seilhan,\u00a0 (2018) ch\u00eane fonc\u00e9 Vente Carte postale : 1 \u20ac Les ic\u00f4nes sont vendues coll\u00e9es sur bois : Petit format\u2026","rel":"","context":"Article similaire","block_context":{"text":"Article similaire","link":""},"img":{"alt_text":"","src":"https:\/\/i0.wp.com\/dominicaineslangeac.fr\/wp-content\/uploads\/2017\/02\/mereagnes-pt-225x300.jpg?resize=350%2C200","width":350,"height":200},"classes":[]},{"id":418,"url":"https:\/\/dominicaineslangeac.fr\/index.php\/agnes-de-langeac\/la-vie-dagnes-de-langeac\/","url_meta":{"origin":6443,"position":2},"title":"La vie de la bienheureuse Agn\u00e8s","author":"Monast\u00e8re Ste Catherine","date":"10 octobre 2016","format":false,"excerpt":"\u00a0Fond\u00e9e en 1623, la communaut\u00e9 compte parmi ses fondatrices une jeune fille du Puy en Velay, s\u0153ur Agn\u00e8s de J\u00e9sus Galand. N\u00e9e le 17 novembre 1602, elle est re\u00e7ue dans l\u2019Ordre de saint Dominique, comme tertiaire, en 1621. Elle aime \u00e0 entourer les futures mamans de sa sollicitude. En 1623,\u2026","rel":"","context":"Article similaire","block_context":{"text":"Article similaire","link":""},"img":{"alt_text":"","src":"https:\/\/i0.wp.com\/dominicaineslangeac.fr\/wp-content\/uploads\/2016\/10\/Bse-Agn%C3%A8s-de-Langeac-207x300.jpg?resize=350%2C200","width":350,"height":200},"classes":[]},{"id":429,"url":"https:\/\/dominicaineslangeac.fr\/index.php\/regle-de-vie\/ordre-dominicain\/","url_meta":{"origin":6443,"position":3},"title":"Ordre dominicain","author":"Monast\u00e8re Ste Catherine","date":"10 octobre 2016","format":false,"excerpt":"A la suite de saint Dominique N\u00e9 au XIIIe si\u00e8cle du d\u00e9sir br\u00fblant de saint Dominique de \u00ab\u00a0se donner tout entier au salut des hommes comme le Christ l\u2019a fait lui-m\u00eame\u00a0\u00bb, l\u2019Ordre des Pr\u00eacheurs est au service de l\u2019annonce de la Parole de Dieu et de la V\u00e9rit\u00e9 de l\u2019\u00c9vangile.\u2026","rel":"","context":"Article similaire","block_context":{"text":"Article similaire","link":""},"img":{"alt_text":"","src":"https:\/\/i0.wp.com\/dominicaineslangeac.fr\/wp-content\/uploads\/2016\/10\/Statue-St-Dom-encadre-182x300.jpg?resize=350%2C200","width":350,"height":200},"classes":[]},{"id":850,"url":"https:\/\/dominicaineslangeac.fr\/index.php\/regle-de-vie\/histoire-du-monastere\/","url_meta":{"origin":6443,"position":4},"title":"Histoire du Monast\u00e8re","author":"Monast\u00e8re Ste Catherine","date":"12 avril 2017","format":false,"excerpt":"La fondation du monast\u00e8re et son histoire se placent sous l\u2019angle du renouveau dominicain de la premi\u00e8re moiti\u00e9 du XVIIe si\u00e8cle en France. Trente-deux fondations voient le jour \u00e0 partir de deux souches, les monast\u00e8res de Sainte Catherine de Sienne de Toulouse et de Sainte Prax\u00e8de d\u2019Avignon. C\u2019est ce dernier\u2026","rel":"","context":"Article similaire","block_context":{"text":"Article similaire","link":""},"img":{"alt_text":"","src":"https:\/\/i0.wp.com\/dominicaineslangeac.fr\/wp-content\/uploads\/2016\/10\/The_Perugia_Altarpiece_Side_Panel_Depicting_St._Dominic.jpg?resize=350%2C200","width":350,"height":200},"classes":[]},{"id":21,"url":"https:\/\/dominicaineslangeac.fr\/index.php\/nos-activites\/magasin\/","url_meta":{"origin":6443,"position":5},"title":"Magasin","author":"Monast\u00e8re Ste Catherine","date":"20 ao\u00fbt 2016","format":false,"excerpt":"Vente sur place ou par correspondance Ic\u00f4nes coll\u00e9es Plusieurs formats : 7\u20ac - 28\u20ac Cartes personnalis\u00e9es Merci Anniversaires Citations Bienheureuse Agn\u00e8s Avec enveloppe : 2,50 \u20ac Chapelets et rosaires Dizainier : 3,20 \u20ac - 6,30 \u20ac Chapelet : 8,40 \u20ac Rosaire : 15 \u20ac Livres Sur Agn\u00e8s de Langeac M\u00e9moires\u2026","rel":"","context":"Article similaire","block_context":{"text":"Article similaire","link":""},"img":{"alt_text":"","src":"https:\/\/i0.wp.com\/dominicaineslangeac.fr\/wp-content\/uploads\/2016\/08\/magasin-700x413.jpg?resize=350%2C200","width":350,"height":200,"srcset":"https:\/\/i0.wp.com\/dominicaineslangeac.fr\/wp-content\/uploads\/2016\/08\/magasin-700x413.jpg?resize=350%2C200 1x, https:\/\/i0.wp.com\/dominicaineslangeac.fr\/wp-content\/uploads\/2016\/08\/magasin-700x413.jpg?resize=525%2C300 1.5x, https:\/\/i0.wp.com\/dominicaineslangeac.fr\/wp-content\/uploads\/2016\/08\/magasin-700x413.jpg?resize=700%2C400 2x"},"classes":[]}],"_links":{"self":[{"href":"https:\/\/dominicaineslangeac.fr\/index.php\/wp-json\/wp\/v2\/pages\/6443","targetHints":{"allow":["GET"]}}],"collection":[{"href":"https:\/\/dominicaineslangeac.fr\/index.php\/wp-json\/wp\/v2\/pages"}],"about":[{"href":"https:\/\/dominicaineslangeac.fr\/index.php\/wp-json\/wp\/v2\/types\/page"}],"author":[{"embeddable":true,"href":"https:\/\/dominicaineslangeac.fr\/index.php\/wp-json\/wp\/v2\/users\/2"}],"replies":[{"embeddable":true,"href":"https:\/\/dominicaineslangeac.fr\/index.php\/wp-json\/wp\/v2\/comments?post=6443"}],"version-history":[{"count":4,"href":"https:\/\/dominicaineslangeac.fr\/index.php\/wp-json\/wp\/v2\/pages\/6443\/revisions"}],"predecessor-version":[{"id":6762,"href":"https:\/\/dominicaineslangeac.fr\/index.php\/wp-json\/wp\/v2\/pages\/6443\/revisions\/6762"}],"up":[{"embeddable":true,"href":"https:\/\/dominicaineslangeac.fr\/index.php\/wp-json\/wp\/v2\/pages\/6431"}],"wp:attachment":[{"href":"https:\/\/dominicaineslangeac.fr\/index.php\/wp-json\/wp\/v2\/media?parent=6443"}],"curies":[{"name":"wp","href":"https:\/\/api.w.org\/{rel}","templated":true}]}}