{"id":6431,"date":"2022-12-29T22:50:35","date_gmt":"2022-12-29T21:50:35","guid":{"rendered":"http:\/\/dominicaineslangeac.fr\/?page_id=6431"},"modified":"2025-01-06T11:13:14","modified_gmt":"2025-01-06T10:13:14","slug":"jubile-2023","status":"publish","type":"page","link":"https:\/\/dominicaineslangeac.fr\/index.php\/jubile-2023\/","title":{"rendered":"Jubil\u00e9 2023"},"content":{"rendered":"\n<figure class=\"wp-block-image size-large\"><img data-recalc-dims=\"1\" decoding=\"async\" src=\"https:\/\/i0.wp.com\/dominicaineslangeac.fr\/wp-content\/uploads\/2023\/01\/Carte-pour-site.jpg?w=1170\" alt=\"\"\/><\/figure>\n","protected":false},"excerpt":{"rendered":"","protected":false},"author":2,"featured_media":0,"parent":0,"menu_order":7,"comment_status":"closed","ping_status":"closed","template":"","meta":{"advanced_seo_description":"","jetpack_seo_html_title":"","jetpack_seo_noindex":false,"jetpack_post_was_ever_published":false,"footnotes":""},"class_list":["post-6431","page","type-page","status-publish","czr-hentry"],"jetpack_sharing_enabled":true,"jetpack_shortlink":"https:\/\/wp.me\/P7P1cC-1FJ","jetpack-related-posts":[{"id":6438,"url":"https:\/\/dominicaineslangeac.fr\/index.php\/jubile-2023\/ouverture\/","url_meta":{"origin":6431,"position":0},"title":"Ouverture du Jubil\u00e9","author":"MONASTERE","date":"29 d\u00e9cembre 2022","format":false,"excerpt":"Epiphanie: 8 janvier 2023 9h Messe avec Monseigneur Yves Baumgarten","rel":"","context":"Article similaire","block_context":{"text":"Article similaire","link":""},"img":{"alt_text":"","src":"https:\/\/i0.wp.com\/dominicaineslangeac.fr\/wp-content\/uploads\/2023\/03\/IMG_6651.jpg?resize=350%2C200&ssl=1","width":350,"height":200,"srcset":"https:\/\/i0.wp.com\/dominicaineslangeac.fr\/wp-content\/uploads\/2023\/03\/IMG_6651.jpg?resize=350%2C200&ssl=1 1x, https:\/\/i0.wp.com\/dominicaineslangeac.fr\/wp-content\/uploads\/2023\/03\/IMG_6651.jpg?resize=525%2C300&ssl=1 1.5x, https:\/\/i0.wp.com\/dominicaineslangeac.fr\/wp-content\/uploads\/2023\/03\/IMG_6651.jpg?resize=700%2C400&ssl=1 2x, https:\/\/i0.wp.com\/dominicaineslangeac.fr\/wp-content\/uploads\/2023\/03\/IMG_6651.jpg?resize=1050%2C600&ssl=1 3x"},"classes":[]},{"id":6443,"url":"https:\/\/dominicaineslangeac.fr\/index.php\/jubile-2023\/priere-du-jubile\/","url_meta":{"origin":6431,"position":1},"title":"Pri\u00e8re du Jubil\u00e9","author":"MONASTERE","date":"29 d\u00e9cembre 2022","format":false,"excerpt":"Dieu de Mis\u00e9ricorde,dans ta sagesse \u00e9ternelle, tu as appel\u00e9 ton serviteur Dominique\u00e0 se mettre en route dans la foi, comme p\u00e8lerin itin\u00e9rantet pr\u00e9dicateur de la gr\u00e2ce. Il d\u00e9sira associer \u00e0 la Sainte Pr\u00e9dication nos premi\u00e8res s\u0153urs moniales,en leur confiant de chercher le Seigneur, de penser \u00e0 Lui,de l\u2019invoquer dans le\u2026","rel":"","context":"Article similaire","block_context":{"text":"Article similaire","link":""},"img":{"alt_text":"","src":"https:\/\/i0.wp.com\/dominicaineslangeac.fr\/wp-content\/uploads\/2023\/01\/DSC00077-scaled.jpg?resize=350%2C200","width":350,"height":200},"classes":[]},{"id":6445,"url":"https:\/\/dominicaineslangeac.fr\/index.php\/jubile-2023\/programme-du-jubile\/","url_meta":{"origin":6431,"position":2},"title":"Programme du Jubil\u00e9","author":"MONASTERE","date":"29 d\u00e9cembre 2022","format":false,"excerpt":"Dimanche 8 janvier ouverture de l\u2019ann\u00e9e jubilaire Messe solennelle de l\u2019Epiphanie, pr\u00e9sid\u00e9e par Mgr Yves Baumgarten, \u00e9v\u00eaque du Puy Mardi 4 avril V\u00eapres avec les pr\u00eatres du dioc\u00e8se au monast\u00e8re suivie de la messe Chrismale \u00e0 la coll\u00e9giale \u00e0 18h Dimanche 25 juin Journ\u00e9e des amis du monast\u00e8re et 10\u2026","rel":"","context":"Article similaire","block_context":{"text":"Article similaire","link":""},"img":{"alt_text":"","src":"","width":0,"height":0},"classes":[]},{"id":6744,"url":"https:\/\/dominicaineslangeac.fr\/index.php\/jubile-2023\/colloque-22-23-sept\/","url_meta":{"origin":6431,"position":3},"title":"Colloque 22-23 sept.","author":"MONASTERE","date":"4 mars 2023","format":false,"excerpt":"Colloque historique: En 1623, fondation du monast\u00e8re des dominicaines de Langeac. Avec Bernard Dompnier approfondir la longue histoire du monast\u00e8re et l'h\u00e9ritage de la Bse Agn\u00e8s de J\u00e9sus. Conclusion avec un concert de l'ensemble Ars Figuralis","rel":"","context":"Article similaire","block_context":{"text":"Article similaire","link":""},"img":{"alt_text":"","src":"https:\/\/i0.wp.com\/dominicaineslangeac.fr\/wp-content\/uploads\/2023\/03\/Capture-decran-2023-03-04-225043.png?resize=350%2C200&ssl=1","width":350,"height":200,"srcset":"https:\/\/i0.wp.com\/dominicaineslangeac.fr\/wp-content\/uploads\/2023\/03\/Capture-decran-2023-03-04-225043.png?resize=350%2C200&ssl=1 1x, https:\/\/i0.wp.com\/dominicaineslangeac.fr\/wp-content\/uploads\/2023\/03\/Capture-decran-2023-03-04-225043.png?resize=525%2C300&ssl=1 1.5x, https:\/\/i0.wp.com\/dominicaineslangeac.fr\/wp-content\/uploads\/2023\/03\/Capture-decran-2023-03-04-225043.png?resize=700%2C400&ssl=1 2x, https:\/\/i0.wp.com\/dominicaineslangeac.fr\/wp-content\/uploads\/2023\/03\/Capture-decran-2023-03-04-225043.png?resize=1050%2C600&ssl=1 3x"},"classes":[]},{"id":7059,"url":"https:\/\/dominicaineslangeac.fr\/index.php\/jubile-2023\/we-des-familles-celebrer-la-vie\/","url_meta":{"origin":6431,"position":4},"title":"26-27 ao\u00fbt: WE des familles \u00ab\u00a0C\u00e9l\u00e9brer la Vie\u00a0\u00bb","author":"MONASTERE","date":"19 mai 2023","format":false,"excerpt":"WE des familles \"c\u00e9l\u00e9brer la Vie\"","rel":"","context":"Article similaire","block_context":{"text":"Article similaire","link":""},"img":{"alt_text":"","src":"https:\/\/i0.wp.com\/dominicaineslangeac.fr\/wp-content\/uploads\/2023\/05\/Flyer.png?fit=437%2C613&ssl=1&resize=350%2C200","width":350,"height":200},"classes":[]},{"id":469,"url":"https:\/\/dominicaineslangeac.fr\/index.php\/nos-activites\/icones_dominicaines\/","url_meta":{"origin":6431,"position":5},"title":"Ic\u00f4nes \u00ab\u00a0dominicaines\u00a0\u00bb","author":"Monast\u00e8re Ste Catherine","date":"20 f\u00e9vrier 2017","format":false,"excerpt":"Nouvelle icone \"M\u00e8re Agn\u00e8s\" \u00e9crite pour la communaut\u00e9 par une soeur dominicaine \u00e0 Langeac : Deux ic\u00f4nes du Jubil\u00e9 dominicain (2015-2017), \u00e9crites par une dominicaine \u00e0 Langeac Saint Dominique, Maison Seilhan,\u00a0 (2018) ch\u00eane fonc\u00e9 Vente Carte postale : 1 \u20ac Les ic\u00f4nes sont vendues coll\u00e9es sur bois : Petit format\u2026","rel":"","context":"Article similaire","block_context":{"text":"Article similaire","link":""},"img":{"alt_text":"","src":"https:\/\/i0.wp.com\/dominicaineslangeac.fr\/wp-content\/uploads\/2017\/02\/mereagnes-pt-225x300.jpg?resize=350%2C200","width":350,"height":200},"classes":[]}],"_links":{"self":[{"href":"https:\/\/dominicaineslangeac.fr\/index.php\/wp-json\/wp\/v2\/pages\/6431","targetHints":{"allow":["GET"]}}],"collection":[{"href":"https:\/\/dominicaineslangeac.fr\/index.php\/wp-json\/wp\/v2\/pages"}],"about":[{"href":"https:\/\/dominicaineslangeac.fr\/index.php\/wp-json\/wp\/v2\/types\/page"}],"author":[{"embeddable":true,"href":"https:\/\/dominicaineslangeac.fr\/index.php\/wp-json\/wp\/v2\/users\/2"}],"replies":[{"embeddable":true,"href":"https:\/\/dominicaineslangeac.fr\/index.php\/wp-json\/wp\/v2\/comments?post=6431"}],"version-history":[{"count":2,"href":"https:\/\/dominicaineslangeac.fr\/index.php\/wp-json\/wp\/v2\/pages\/6431\/revisions"}],"predecessor-version":[{"id":6474,"href":"https:\/\/dominicaineslangeac.fr\/index.php\/wp-json\/wp\/v2\/pages\/6431\/revisions\/6474"}],"wp:attachment":[{"href":"https:\/\/dominicaineslangeac.fr\/index.php\/wp-json\/wp\/v2\/media?parent=6431"}],"curies":[{"name":"wp","href":"https:\/\/api.w.org\/{rel}","templated":true}]}}