{"id":429,"date":"2016-10-10T19:13:47","date_gmt":"2016-10-10T18:13:47","guid":{"rendered":"http:\/\/dominicaineslangeac.fr\/?page_id=429"},"modified":"2017-04-22T14:18:51","modified_gmt":"2017-04-22T13:18:51","slug":"ordre-dominicain","status":"publish","type":"page","link":"https:\/\/dominicaineslangeac.fr\/index.php\/regle-de-vie\/ordre-dominicain\/","title":{"rendered":"Ordre dominicain"},"content":{"rendered":"<h3 class=\"paragraph_style_3\">A la suite de saint Dominique<\/h3>\n<div id=\"attachment_793\" style=\"width: 192px\" class=\"wp-caption alignright\"><img data-recalc-dims=\"1\" loading=\"lazy\" decoding=\"async\" aria-describedby=\"caption-attachment-793\" data-attachment-id=\"793\" data-permalink=\"https:\/\/dominicaineslangeac.fr\/index.php\/regle-de-vie\/ordre-dominicain\/statue-st-dom-encadre\/\" data-orig-file=\"https:\/\/i0.wp.com\/dominicaineslangeac.fr\/wp-content\/uploads\/2016\/10\/Statue-St-Dom-encadre.jpg?fit=953%2C1574&amp;ssl=1\" data-orig-size=\"953,1574\" data-comments-opened=\"0\" data-image-meta=\"{&quot;aperture&quot;:&quot;4.5&quot;,&quot;credit&quot;:&quot;&quot;,&quot;camera&quot;:&quot;NIKON D40&quot;,&quot;caption&quot;:&quot;&quot;,&quot;created_timestamp&quot;:&quot;1382202618&quot;,&quot;copyright&quot;:&quot;&quot;,&quot;focal_length&quot;:&quot;70&quot;,&quot;iso&quot;:&quot;560&quot;,&quot;shutter_speed&quot;:&quot;0.008&quot;,&quot;title&quot;:&quot;&quot;,&quot;orientation&quot;:&quot;1&quot;}\" data-image-title=\"Statue St Dom encadre\" data-image-description=\"\" data-image-caption=\"\" data-large-file=\"https:\/\/i0.wp.com\/dominicaineslangeac.fr\/wp-content\/uploads\/2016\/10\/Statue-St-Dom-encadre.jpg?fit=700%2C1156&amp;ssl=1\" class=\"wp-image-793 size-medium\" src=\"https:\/\/i0.wp.com\/dominicaineslangeac.fr\/wp-content\/uploads\/2016\/10\/Statue-St-Dom-encadre-182x300.jpg?resize=182%2C300\" width=\"182\" height=\"300\" srcset=\"https:\/\/i0.wp.com\/dominicaineslangeac.fr\/wp-content\/uploads\/2016\/10\/Statue-St-Dom-encadre.jpg?resize=182%2C300&amp;ssl=1 182w, https:\/\/i0.wp.com\/dominicaineslangeac.fr\/wp-content\/uploads\/2016\/10\/Statue-St-Dom-encadre.jpg?resize=768%2C1268&amp;ssl=1 768w, https:\/\/i0.wp.com\/dominicaineslangeac.fr\/wp-content\/uploads\/2016\/10\/Statue-St-Dom-encadre.jpg?resize=700%2C1156&amp;ssl=1 700w, https:\/\/i0.wp.com\/dominicaineslangeac.fr\/wp-content\/uploads\/2016\/10\/Statue-St-Dom-encadre.jpg?w=953&amp;ssl=1 953w\" sizes=\"auto, (max-width: 182px) 100vw, 182px\" \/><p id=\"caption-attachment-793\" class=\"wp-caption-text\">Saint Dominique<\/p><\/div>\n<p class=\"paragraph_style_4\"><span class=\"style_1\">N\u00e9 au XIIIe si\u00e8cle du d\u00e9sir br\u00fblant de saint Dominique de \u00ab\u00a0se donner tout entier au salut des hommes comme le Christ l\u2019a fait lui-m\u00eame\u00a0\u00bb, l\u2019Ordre des Pr\u00eacheurs est au service de l\u2019annonce de la Parole de Dieu et de la V\u00e9rit\u00e9 de l\u2019\u00c9vangile.<\/span><\/p>\n<h3 class=\"paragraph_style_4\">Ordre de fr\u00e8res et de s\u0153urs<\/h3>\n<p class=\"paragraph_style_5\"><span class=\"style_1\">\u00ab\u00a0Aux fr\u00e8res, aux s\u0153urs et aux la\u00efques de l\u2019Ordre de proclamer par le monde la Bonne Nouvelle du Nom de notre Seigneur J\u00e9sus-Christ, aux moniales de le chercher, de penser \u00e0 lui, de l\u2019invoquer dans le secret afin que la Parole qui sort de la bouche de Dieu ne lui revienne pas sans fruit, mais accomplisse en pl\u00e9nitude ce pour quoi il l\u2019a envoy\u00e9e.\u00a0\u00bb\u00a0<\/span><span class=\"style_4\">(Constitutions)<br \/>\n<\/span><\/p>\n<p class=\"paragraph_style_6\"><span class=\"style_1\">La r\u00e8gle voulue par saint Dominique pour l\u2019Ordre est celle de saint Augustin. Elle se r\u00e9sume d\u2019un mot : aimer. Aimer, \u00e0 la suite du Christ Sauveur (Jn 13, 1-15, 9) et \u00e0 la mani\u00e8re de la premi\u00e8re communaut\u00e9 chr\u00e9tienne (Actes 2, 42-46 \u2013 4, 32-35), exprime \u00e0 la fois notre r\u00e8gle et la finalit\u00e9 profonde de notre vie commune.<\/span><\/p>\n<hr \/>\n<h3 class=\"paragraph_style_6\">La famille dominicaine en Auvergne<\/h3>\n<p class=\"paragraph_style_6\">Fr\u00e8res dominicains \u00a0\u00e0 Clermont-Ferrand<\/p>\n<p style=\"padding-left: 30px;\">MAISON DE SAINT-LOUIS-BERTRAND<br \/>\nAdresse : 63, rue Pablo-Picasso<br \/>\n63000 CLERMONT-FERRAND<br \/>\nT\u00e9l. +33 4 73 16 79 48<\/p>\n<p>Fraternit\u00e9 de la\u00efques \u00e0 Clermont-Ferrand<\/p>\n<p style=\"padding-left: 30px;\">Fraternit\u00e9 Catherine Jarrige<br \/>\nContacter : M Pierre Besson; 10 rue Cl\u00e9ment-Allemand, 43300 Langeac, t\u00e9l: 06 80 67 00 85<\/p>\n<p>Congr\u00e9gations de dominicaines apostoliques<\/p>\n<p style=\"padding-left: 30px;\">La Congr\u00e9gation des dominicaines du Puy<strong><br \/>\n<\/strong><a href=\"http:\/\/www.dominicaines-le-puy.com\" target=\"_blank\" rel=\"noopener noreferrer\">Site:\u00a0http:\/\/www.dominicaines-le-puy.com<\/a><\/p>\n<p style=\"padding-left: 30px;\">La Congr\u00e9gation\u00a0des dominicaines de M\u00e8re Immacul\u00e9e<strong><br \/>\n<\/strong>Couvent des dominicaines<br \/>\n<span class=\"_Xbe\">16 Place Notre Dame de Layre, 63600 Ambert<br \/>\n<\/span><span class=\"_xdb\">Tel:\u00a0<\/span><span class=\"_Xbe _ZWk kno-fv\">04 73 82 02 27<\/span><\/p>\n","protected":false},"excerpt":{"rendered":"<p>A la suite de saint Dominique N\u00e9 au XIIIe si\u00e8cle du d\u00e9sir br\u00fblant de saint Dominique de \u00ab\u00a0se donner tout entier au salut des hommes comme le Christ l\u2019a fait lui-m\u00eame\u00a0\u00bb, l\u2019Ordre des Pr\u00eacheurs est au service de l\u2019annonce de la Parole de Dieu et de la V\u00e9rit\u00e9 de l\u2019\u00c9vangile. Ordre de fr\u00e8res et de [&hellip;]<\/p>\n","protected":false},"author":1,"featured_media":0,"parent":55,"menu_order":8,"comment_status":"closed","ping_status":"closed","template":"","meta":{"advanced_seo_description":"","jetpack_seo_html_title":"","jetpack_seo_noindex":false,"jetpack_post_was_ever_published":false,"footnotes":""},"class_list":["post-429","page","type-page","status-publish","czr-hentry"],"jetpack_sharing_enabled":true,"jetpack_shortlink":"https:\/\/wp.me\/P7P1cC-6V","jetpack-related-posts":[{"id":6443,"url":"https:\/\/dominicaineslangeac.fr\/index.php\/jubile-2023\/priere-du-jubile\/","url_meta":{"origin":429,"position":0},"title":"Pri\u00e8re du Jubil\u00e9","author":"MONASTERE","date":"29 d\u00e9cembre 2022","format":false,"excerpt":"Dieu de Mis\u00e9ricorde,dans ta sagesse \u00e9ternelle, tu as appel\u00e9 ton serviteur Dominique\u00e0 se mettre en route dans la foi, comme p\u00e8lerin itin\u00e9rantet pr\u00e9dicateur de la gr\u00e2ce. Il d\u00e9sira associer \u00e0 la Sainte Pr\u00e9dication nos premi\u00e8res s\u0153urs moniales,en leur confiant de chercher le Seigneur, de penser \u00e0 Lui,de l\u2019invoquer dans le\u2026","rel":"","context":"Article similaire","block_context":{"text":"Article similaire","link":""},"img":{"alt_text":"","src":"https:\/\/i0.wp.com\/dominicaineslangeac.fr\/wp-content\/uploads\/2023\/01\/DSC00077-scaled.jpg?resize=350%2C200","width":350,"height":200},"classes":[]},{"id":431,"url":"https:\/\/dominicaineslangeac.fr\/index.php\/regle-de-vie\/moniales-dominicaines\/","url_meta":{"origin":429,"position":1},"title":"Moniales dominicaines","author":"Monast\u00e8re Ste Catherine","date":"10 octobre 2016","format":false,"excerpt":"Nous sommes douze moniales dominicaines vivant dans un monast\u00e8re \u00e0 Langeac en Auvergne. Nous appartenons \u00e0 l\u2019Ordre des Pr\u00eacheurs, un Ordre religieux au sein de l\u2019\u00c9glise Catholique. Ce site pr\u00e9sente notre vie, nos activit\u00e9s et comment vous pouvez apprendre \u00e0 nous connaitre. Le propos fondamental Les moniales de l\u2019Ordre des\u2026","rel":"","context":"Article similaire","block_context":{"text":"Article similaire","link":""},"img":{"alt_text":"","src":"https:\/\/i0.wp.com\/dominicaineslangeac.fr\/wp-content\/uploads\/2020\/06\/ct%C3%A9-genets.jpg?fit=910%2C666&ssl=1&resize=350%2C200","width":350,"height":200,"srcset":"https:\/\/i0.wp.com\/dominicaineslangeac.fr\/wp-content\/uploads\/2020\/06\/ct%C3%A9-genets.jpg?fit=910%2C666&ssl=1&resize=350%2C200 1x, https:\/\/i0.wp.com\/dominicaineslangeac.fr\/wp-content\/uploads\/2020\/06\/ct%C3%A9-genets.jpg?fit=910%2C666&ssl=1&resize=525%2C300 1.5x, https:\/\/i0.wp.com\/dominicaineslangeac.fr\/wp-content\/uploads\/2020\/06\/ct%C3%A9-genets.jpg?fit=910%2C666&ssl=1&resize=700%2C400 2x"},"classes":[]},{"id":418,"url":"https:\/\/dominicaineslangeac.fr\/index.php\/agnes-de-langeac\/la-vie-dagnes-de-langeac\/","url_meta":{"origin":429,"position":2},"title":"La vie de la bienheureuse Agn\u00e8s","author":"Monast\u00e8re Ste Catherine","date":"10 octobre 2016","format":false,"excerpt":"\u00a0Fond\u00e9e en 1623, la communaut\u00e9 compte parmi ses fondatrices une jeune fille du Puy en Velay, s\u0153ur Agn\u00e8s de J\u00e9sus Galand. N\u00e9e le 17 novembre 1602, elle est re\u00e7ue dans l\u2019Ordre de saint Dominique, comme tertiaire, en 1621. Elle aime \u00e0 entourer les futures mamans de sa sollicitude. En 1623,\u2026","rel":"","context":"Article similaire","block_context":{"text":"Article similaire","link":""},"img":{"alt_text":"","src":"https:\/\/i0.wp.com\/dominicaineslangeac.fr\/wp-content\/uploads\/2016\/10\/Bse-Agn%C3%A8s-de-Langeac-207x300.jpg?resize=350%2C200","width":350,"height":200},"classes":[]},{"id":21,"url":"https:\/\/dominicaineslangeac.fr\/index.php\/nos-activites\/magasin\/","url_meta":{"origin":429,"position":3},"title":"Magasin","author":"Monast\u00e8re Ste Catherine","date":"20 ao\u00fbt 2016","format":false,"excerpt":"Vente sur place ou par correspondance Ic\u00f4nes coll\u00e9es Plusieurs formats : 7\u20ac - 28\u20ac Cartes personnalis\u00e9es Merci Anniversaires Citations Bienheureuse Agn\u00e8s Avec enveloppe : 2,50 \u20ac Chapelets et rosaires Dizainier : 3,20 \u20ac - 6,30 \u20ac Chapelet : 8,40 \u20ac Rosaire : 15 \u20ac Livres Sur Agn\u00e8s de Langeac M\u00e9moires\u2026","rel":"","context":"Article similaire","block_context":{"text":"Article similaire","link":""},"img":{"alt_text":"","src":"https:\/\/i0.wp.com\/dominicaineslangeac.fr\/wp-content\/uploads\/2016\/08\/magasin-700x413.jpg?resize=350%2C200","width":350,"height":200,"srcset":"https:\/\/i0.wp.com\/dominicaineslangeac.fr\/wp-content\/uploads\/2016\/08\/magasin-700x413.jpg?resize=350%2C200 1x, https:\/\/i0.wp.com\/dominicaineslangeac.fr\/wp-content\/uploads\/2016\/08\/magasin-700x413.jpg?resize=525%2C300 1.5x, https:\/\/i0.wp.com\/dominicaineslangeac.fr\/wp-content\/uploads\/2016\/08\/magasin-700x413.jpg?resize=700%2C400 2x"},"classes":[]},{"id":421,"url":"https:\/\/dominicaineslangeac.fr\/index.php\/agnes-de-langeac\/prieres-a-la-bienheureuse-agnes\/","url_meta":{"origin":429,"position":4},"title":"Pri\u00e8res \u00e0 la bienheureuse Agn\u00e8s","author":"Monast\u00e8re Ste Catherine","date":"10 octobre 2016","format":false,"excerpt":"Pri\u00e8re pour un enfant \u00e0 na\u00eetre Agn\u00e8s de J\u00e9sus, Ardente fille de saint Dominique, T\u00e9moin de la Bonne Nouvelle Et de la mis\u00e9ricorde de Dieu, Tu \u00e9tais pleine de compassion Et toujours si proche des besoins des autres. Maintenant que tu es au Ciel Contemplant la gloire de Dieu, Interc\u00e8de\u2026","rel":"","context":"Article similaire","block_context":{"text":"Article similaire","link":""},"img":{"alt_text":"","src":"https:\/\/i0.wp.com\/dominicaineslangeac.fr\/wp-content\/uploads\/2016\/08\/Agnes2-300x204.jpg?resize=350%2C200","width":350,"height":200},"classes":[]},{"id":850,"url":"https:\/\/dominicaineslangeac.fr\/index.php\/regle-de-vie\/histoire-du-monastere\/","url_meta":{"origin":429,"position":5},"title":"Histoire du Monast\u00e8re","author":"Monast\u00e8re Ste Catherine","date":"12 avril 2017","format":false,"excerpt":"La fondation du monast\u00e8re et son histoire se placent sous l\u2019angle du renouveau dominicain de la premi\u00e8re moiti\u00e9 du XVIIe si\u00e8cle en France. Trente-deux fondations voient le jour \u00e0 partir de deux souches, les monast\u00e8res de Sainte Catherine de Sienne de Toulouse et de Sainte Prax\u00e8de d\u2019Avignon. C\u2019est ce dernier\u2026","rel":"","context":"Article similaire","block_context":{"text":"Article similaire","link":""},"img":{"alt_text":"","src":"https:\/\/i0.wp.com\/dominicaineslangeac.fr\/wp-content\/uploads\/2016\/10\/The_Perugia_Altarpiece_Side_Panel_Depicting_St._Dominic.jpg?resize=350%2C200","width":350,"height":200},"classes":[]}],"_links":{"self":[{"href":"https:\/\/dominicaineslangeac.fr\/index.php\/wp-json\/wp\/v2\/pages\/429","targetHints":{"allow":["GET"]}}],"collection":[{"href":"https:\/\/dominicaineslangeac.fr\/index.php\/wp-json\/wp\/v2\/pages"}],"about":[{"href":"https:\/\/dominicaineslangeac.fr\/index.php\/wp-json\/wp\/v2\/types\/page"}],"author":[{"embeddable":true,"href":"https:\/\/dominicaineslangeac.fr\/index.php\/wp-json\/wp\/v2\/users\/1"}],"replies":[{"embeddable":true,"href":"https:\/\/dominicaineslangeac.fr\/index.php\/wp-json\/wp\/v2\/comments?post=429"}],"version-history":[{"count":14,"href":"https:\/\/dominicaineslangeac.fr\/index.php\/wp-json\/wp\/v2\/pages\/429\/revisions"}],"predecessor-version":[{"id":875,"href":"https:\/\/dominicaineslangeac.fr\/index.php\/wp-json\/wp\/v2\/pages\/429\/revisions\/875"}],"up":[{"embeddable":true,"href":"https:\/\/dominicaineslangeac.fr\/index.php\/wp-json\/wp\/v2\/pages\/55"}],"wp:attachment":[{"href":"https:\/\/dominicaineslangeac.fr\/index.php\/wp-json\/wp\/v2\/media?parent=429"}],"curies":[{"name":"wp","href":"https:\/\/api.w.org\/{rel}","templated":true}]}}