{"id":421,"date":"2016-10-10T19:07:43","date_gmt":"2016-10-10T18:07:43","guid":{"rendered":"http:\/\/dominicaineslangeac.fr\/?page_id=421"},"modified":"2017-04-22T09:59:42","modified_gmt":"2017-04-22T08:59:42","slug":"prieres-a-la-bienheureuse-agnes","status":"publish","type":"page","link":"https:\/\/dominicaineslangeac.fr\/index.php\/agnes-de-langeac\/prieres-a-la-bienheureuse-agnes\/","title":{"rendered":"Pri\u00e8res \u00e0 la bienheureuse Agn\u00e8s"},"content":{"rendered":"<h3 class=\"paragraph_style_3\">Pri\u00e8re pour un enfant \u00e0 na\u00eetre<\/h3>\n<div id=\"attachment_372\" style=\"width: 310px\" class=\"wp-caption alignright\"><img data-recalc-dims=\"1\" loading=\"lazy\" decoding=\"async\" aria-describedby=\"caption-attachment-372\" data-attachment-id=\"372\" data-permalink=\"https:\/\/dominicaineslangeac.fr\/index.php\/agnes-de-langeac\/agnes2\/\" data-orig-file=\"https:\/\/i0.wp.com\/dominicaineslangeac.fr\/wp-content\/uploads\/2016\/08\/Agnes2.jpg?fit=300%2C204&amp;ssl=1\" data-orig-size=\"300,204\" data-comments-opened=\"0\" data-image-meta=\"{&quot;aperture&quot;:&quot;0&quot;,&quot;credit&quot;:&quot;&quot;,&quot;camera&quot;:&quot;&quot;,&quot;caption&quot;:&quot;&quot;,&quot;created_timestamp&quot;:&quot;1118331678&quot;,&quot;copyright&quot;:&quot;&quot;,&quot;focal_length&quot;:&quot;0&quot;,&quot;iso&quot;:&quot;0&quot;,&quot;shutter_speed&quot;:&quot;0&quot;,&quot;title&quot;:&quot;&quot;,&quot;orientation&quot;:&quot;0&quot;}\" data-image-title=\"Chaine de M\u00e8re Agn\u00e8s\" data-image-description=\"\" data-image-caption=\"\" data-large-file=\"https:\/\/i0.wp.com\/dominicaineslangeac.fr\/wp-content\/uploads\/2016\/08\/Agnes2.jpg?fit=300%2C204&amp;ssl=1\" class=\"wp-image-372 size-medium\" src=\"https:\/\/i0.wp.com\/dominicaineslangeac.fr\/wp-content\/uploads\/2016\/08\/Agnes2-300x204.jpg?resize=300%2C204\" width=\"300\" height=\"204\" \/><p id=\"caption-attachment-372\" class=\"wp-caption-text\"><em>La chaine de M\u00e8re Agn\u00e8s<\/em><\/p><\/div>\n<p class=\"paragraph_style_3\"><span style=\"font-size: 12pt;\">A<\/span>gn\u00e8s de J\u00e9sus,<br \/>\nArdente fille de saint Dominique,<br \/>\nT\u00e9moin de la Bonne Nouvelle<br \/>\nEt de la mis\u00e9ricorde de Dieu,<br \/>\nTu \u00e9tais pleine de compassion<br \/>\nEt toujours si proche<br \/>\ndes besoins des autres.<br \/>\nMaintenant que tu es au Ciel<br \/>\nContemplant la gloire de Dieu,<br \/>\nInterc\u00e8de aupr\u00e8s de Lui<br \/>\npour N\u2026 l&rsquo;enfant \u00e0 na\u00eetre<br \/>\net toute sa famille.<\/p>\n<p class=\"paragraph_style_4\">Amen.<\/p>\n<hr \/>\n<h3 class=\"paragraph_style_8\">Neuvaine<\/h3>\n<p class=\"paragraph_style_10\">Seigneur J\u00e9sus, tu as accord\u00e9 \u00e0 la Bienheureuse M\u00e8re Agn\u00e8s<br \/>\nla gr\u00e2ce d&rsquo;accomplir en toute chose ta volont\u00e9.<br \/>\nElle a cherch\u00e9 ardemment ta gloire et le salut des hommes.<br \/>\nEn devenant le t\u00e9moin de ton amour,<br \/>\nelle nous a manifest\u00e9 les tr\u00e9sors de ton infinie mis\u00e9ricorde.<br \/>\nNous d\u00e9sirons que par sa pri\u00e8re et par son exemple,<br \/>\nelle nous guide dans la voie qui m\u00e8ne \u00e0 Toi.<br \/>\nQue nous soyons anim\u00e9s par cette m\u00eame charit\u00e9 v\u00e9ritable et efficace<br \/>\nqui l&rsquo;a rendue si g\u00e9n\u00e9reuse dans le don d&rsquo;elle-m\u00eame \u00e0 Dieu, aux pauvres,<br \/>\nau service de l&rsquo;Eglise et de la vie en ses commencements.<br \/>\nComme les pauvres de l&rsquo;Evangile que J\u00e9sus a enseign\u00e9s en disant :<br \/>\n\u00ab\u00a0Frappez et l&rsquo;on vous ouvrira ; demandez et\u00a0 vous recevrez\u00a0\u00bb,<br \/>\nanim\u00e9s comme la Bienheureuse Agn\u00e8s<br \/>\nd&rsquo;une grande confiance et audace dans l&rsquo;amour,<br \/>\nnous t&rsquo;en supplions :<\/p>\n<p class=\"paragraph_style_10\">Par l&rsquo;intercession de ta servante, nous te demandons<br \/>\nd&rsquo;accorder \u00e0 N&#8230; la gu\u00e9rison et l&rsquo;abandon confiant entre tes mains.<\/p>\n<p class=\"paragraph_style_10\">Agn\u00e8s, riche de foi, d&rsquo;esp\u00e9rance et d&rsquo;amour, prie pour nous<br \/>\nAgn\u00e8s, fortifi\u00e9e par l&rsquo;Eucharistie, pain de vie \u00e9ternelle, prie pour nous<br \/>\nAgn\u00e8s, t\u00e9moin de l&rsquo;Evangile et de la mis\u00e9ricorde de Dieu, prie pour nous<br \/>\nAgn\u00e8s, exemple de confiance et de simplicit\u00e9, prie pour nous<br \/>\nAgn\u00e8s, puissante avocate pour tous, prie pour nous.<\/p>\n<hr \/>\n<h3>\u00a0Oraison<\/h3>\n<p class=\"paragraph_style_4\">Dieu, qui es bon et tout-puissant,<br \/>\nTu as donn\u00e9 \u00e0 la Bienheureuse Agn\u00e8s de J\u00e9sus<br \/>\nune grande compassion pour les pauvres<br \/>\net le souci de la formation des pr\u00eatres.<br \/>\nAccorde-nous par son intercession,<br \/>\nd&rsquo;accueillir avec une foi vivante<br \/>\nle Christ crucifi\u00e9 et de le faire conna\u00eetre<br \/>\npour le salut de tous les hommes.<br \/>\nLui qui r\u00e8gne pour les si\u00e8cles des si\u00e8cles.<\/p>\n<p class=\"paragraph_style_4\">Amen<\/p>\n<hr \/>\n<h3 class=\"paragraph_style_8\">Pri\u00e8re pour demander sa canonisation<\/h3>\n<p class=\"paragraph_style_9\"><span class=\"style_1\">Seigneur, qui as sanctifi\u00e9 la bienheureuse Agn\u00e8s<br \/>\n<\/span>dans la charit\u00e9 et dans la pri\u00e8re,<br \/>\n<span class=\"style_1\">r\u00e9jouis l&rsquo;Eglise d&rsquo;aujourd&rsquo;hui<br \/>\n<\/span>en lui accordant la gr\u00e2ce de sa canonisation.<\/p>\n<p class=\"paragraph_style_9\"><span class=\"style_1\">Par elle, nous pourrons alors te glorifier<br \/>\n<\/span>et prier plus puissamment<br \/>\n<span class=\"style_1\">pour la protection de la vie en ses commencements,<br \/>\n<\/span>pour les pr\u00eatres et pour les vocations sacerdotales et religieuses.<br \/>\n<span class=\"style_1\">Nous te le demandons humblement par J\u00e9sus-Christ notre Seigneur.<\/span><\/p>\n<p class=\"paragraph_style_9\"><span class=\"style_1\">Amen.<br \/>\n<\/span><\/p>\n<hr \/>\n<h3 class=\"paragraph_style_14\">Pri\u00e8re de Monseigneur Henri Brincard + Ev\u00eaque du Puy (1988-2014)<\/h3>\n<p class=\"paragraph_style_16\"><span class=\"style_2\">Bienheureuse Agn\u00e8s, avec toute l\u2019Eglise nous reconnaissons en J\u00e9sus,<br \/>\n<\/span>con\u00e7u du Saint Esprit et n\u00e9 de la Vierge Marie,<br \/>\n<span class=\"style_2\">notre Sauveur et notre Dieu.<br \/>\n<\/span><\/p>\n<div id=\"attachment_374\" style=\"width: 235px\" class=\"wp-caption alignright\"><img data-recalc-dims=\"1\" loading=\"lazy\" decoding=\"async\" aria-describedby=\"caption-attachment-374\" data-attachment-id=\"374\" data-permalink=\"https:\/\/dominicaineslangeac.fr\/index.php\/agnes-de-langeac\/minolta-dsc-3\/\" data-orig-file=\"https:\/\/i0.wp.com\/dominicaineslangeac.fr\/wp-content\/uploads\/2016\/08\/agnes3.jpg?fit=225%2C300&amp;ssl=1\" data-orig-size=\"225,300\" data-comments-opened=\"0\" data-image-meta=\"{&quot;aperture&quot;:&quot;2.8&quot;,&quot;credit&quot;:&quot;&quot;,&quot;camera&quot;:&quot;DiMAGE 7Hi&quot;,&quot;caption&quot;:&quot;Minolta DSC&quot;,&quot;created_timestamp&quot;:&quot;1310815229&quot;,&quot;copyright&quot;:&quot;&quot;,&quot;focal_length&quot;:&quot;7.37109375&quot;,&quot;iso&quot;:&quot;200&quot;,&quot;shutter_speed&quot;:&quot;0.022222222222222&quot;,&quot;title&quot;:&quot;Minolta DSC&quot;,&quot;orientation&quot;:&quot;1&quot;}\" data-image-title=\"Chasse M\u00e8re Agn\u00e8s\" data-image-description=\"\" data-image-caption=\"\" data-large-file=\"https:\/\/i0.wp.com\/dominicaineslangeac.fr\/wp-content\/uploads\/2016\/08\/agnes3.jpg?fit=225%2C300&amp;ssl=1\" class=\"wp-image-374 size-medium\" src=\"https:\/\/i0.wp.com\/dominicaineslangeac.fr\/wp-content\/uploads\/2016\/08\/agnes3-225x300.jpg?resize=225%2C300\" width=\"225\" height=\"300\" \/><p id=\"caption-attachment-374\" class=\"wp-caption-text\">La Chasse M\u00e8re Agn\u00e8s<\/p><\/div>\n<p class=\"paragraph_style_16\"><span class=\"style_2\">Fortifie notre foi en Celui qui s\u2019est fait chair.<br \/>\n<\/span>Aide-nous \u00e0 tourner notre regard vers les choses d\u2019en-haut.<br \/>\n<span class=\"style_2\">Puissent les pr\u00e9occupations, parfois si lourdes de notre vie quotidienne,<br \/>\n<\/span>ne pas nous faire oublier les appels profonds de notre c\u0153ur !<br \/>\n<span class=\"style_2\">Mets en nous une soif missionnaire<br \/>\n<\/span>que rien ne pourra apaiser tant qu\u2019il y aura sur cette terre<br \/>\n<span class=\"style_2\">des hommes qui ignorent qu\u2019ils sont aim\u00e9s de Dieu<br \/>\n<\/span>et que J\u00e9sus-Christ est l\u2019unique Sauveur du monde.<br \/>\n<span class=\"style_2\">Suscite dans nos familles et nos communaut\u00e9s un \u00e9lan de saintet\u00e9<br \/>\n<\/span>afin que le feu jet\u00e9 sur la terre par J\u00e9sus-Christ crucifi\u00e9 et glorifi\u00e9,<br \/>\n<span class=\"style_2\">gagne le monde entier.<br \/>\n<\/span><\/p>\n<p class=\"paragraph_style_16\"><span class=\"style_2\">Toi qui as ressenti une telle faim du Pain du Ciel,<br \/>\n<\/span>toi qu\u2019on a appel\u00e9e une amante passionn\u00e9e de l\u2019Eucharistie,<br \/>\n<span class=\"style_2\">aide-nous au cours de chaque messe \u00e0 offrir notre c\u0153ur,<br \/>\n<\/span>notre pri\u00e8re et nos souffrances \u00e0 J\u00e9sus auquel tu as dit tant de fois :<br \/>\n<span class=\"style_2\">\u00ab O Amour, o\u00f9 irais-je sans Toi ! O Amour tout \u00e0 Toi et rien que Toi ! \u00bb<\/span><\/p>\n<p class=\"paragraph_style_16\"><span class=\"style_2\">Amen.<\/span><\/p>\n<hr \/>\n<p class=\"paragraph_style_16\"><em>Livres sur la bienheureuse Agn\u00e8s disponibles dans notre magasin.<\/em><\/p>\n<p class=\"paragraph_style_16\"><span style=\"font-size: 12pt;\"><a href=\"http:\/\/dominicaineslangeac.fr\/index.php\/nos-activites\/magasin\/\">En savoir plus.<\/a><\/span><\/p>\n<hr \/>\n<p class=\"paragraph_style_16\"><span style=\"font-size: 12pt;\"><a href=\"http:\/\/www.ville-langeac.fr\/Historial-Mere-Agnes-de-Langeac\">Historial M\u00e8re Agn\u00e8s de Langeac<\/a><\/span><\/p>\n","protected":false},"excerpt":{"rendered":"<p>Pri\u00e8re pour un enfant \u00e0 na\u00eetre Agn\u00e8s de J\u00e9sus, Ardente fille de saint Dominique, T\u00e9moin de la Bonne Nouvelle Et de la mis\u00e9ricorde de Dieu, Tu \u00e9tais pleine de compassion Et toujours si proche des besoins des autres. Maintenant que tu es au Ciel Contemplant la gloire de Dieu, Interc\u00e8de aupr\u00e8s de Lui pour N\u2026 [&hellip;]<\/p>\n","protected":false},"author":1,"featured_media":0,"parent":2,"menu_order":3,"comment_status":"closed","ping_status":"closed","template":"","meta":{"advanced_seo_description":"","jetpack_seo_html_title":"","jetpack_seo_noindex":false,"jetpack_post_was_ever_published":false,"footnotes":""},"class_list":["post-421","page","type-page","status-publish","czr-hentry"],"jetpack_sharing_enabled":true,"jetpack_shortlink":"https:\/\/wp.me\/P7P1cC-6N","jetpack-related-posts":[{"id":6443,"url":"https:\/\/dominicaineslangeac.fr\/index.php\/jubile-2023\/priere-du-jubile\/","url_meta":{"origin":421,"position":0},"title":"Pri\u00e8re du Jubil\u00e9","author":"MONASTERE","date":"29 d\u00e9cembre 2022","format":false,"excerpt":"Dieu de Mis\u00e9ricorde,dans ta sagesse \u00e9ternelle, tu as appel\u00e9 ton serviteur Dominique\u00e0 se mettre en route dans la foi, comme p\u00e8lerin itin\u00e9rantet pr\u00e9dicateur de la gr\u00e2ce. Il d\u00e9sira associer \u00e0 la Sainte Pr\u00e9dication nos premi\u00e8res s\u0153urs moniales,en leur confiant de chercher le Seigneur, de penser \u00e0 Lui,de l\u2019invoquer dans le\u2026","rel":"","context":"Article similaire","block_context":{"text":"Article similaire","link":""},"img":{"alt_text":"","src":"https:\/\/i0.wp.com\/dominicaineslangeac.fr\/wp-content\/uploads\/2023\/01\/DSC00077-scaled.jpg?resize=350%2C200","width":350,"height":200},"classes":[]},{"id":418,"url":"https:\/\/dominicaineslangeac.fr\/index.php\/agnes-de-langeac\/la-vie-dagnes-de-langeac\/","url_meta":{"origin":421,"position":1},"title":"La vie de la bienheureuse Agn\u00e8s","author":"Monast\u00e8re Ste Catherine","date":"10 octobre 2016","format":false,"excerpt":"\u00a0Fond\u00e9e en 1623, la communaut\u00e9 compte parmi ses fondatrices une jeune fille du Puy en Velay, s\u0153ur Agn\u00e8s de J\u00e9sus Galand. N\u00e9e le 17 novembre 1602, elle est re\u00e7ue dans l\u2019Ordre de saint Dominique, comme tertiaire, en 1621. Elle aime \u00e0 entourer les futures mamans de sa sollicitude. En 1623,\u2026","rel":"","context":"Article similaire","block_context":{"text":"Article similaire","link":""},"img":{"alt_text":"","src":"https:\/\/i0.wp.com\/dominicaineslangeac.fr\/wp-content\/uploads\/2016\/10\/Bse-Agn%C3%A8s-de-Langeac-207x300.jpg?resize=350%2C200","width":350,"height":200},"classes":[]},{"id":21,"url":"https:\/\/dominicaineslangeac.fr\/index.php\/nos-activites\/magasin\/","url_meta":{"origin":421,"position":2},"title":"Magasin","author":"Monast\u00e8re Ste Catherine","date":"20 ao\u00fbt 2016","format":false,"excerpt":"Vente sur place ou par correspondance Ic\u00f4nes coll\u00e9es Plusieurs formats : 7\u20ac - 28\u20ac Cartes personnalis\u00e9es Merci Anniversaires Citations Bienheureuse Agn\u00e8s Avec enveloppe : 2,50 \u20ac Chapelets et rosaires Dizainier : 3,20 \u20ac - 6,30 \u20ac Chapelet : 8,40 \u20ac Rosaire : 15 \u20ac Livres Sur Agn\u00e8s de Langeac M\u00e9moires\u2026","rel":"","context":"Article similaire","block_context":{"text":"Article similaire","link":""},"img":{"alt_text":"","src":"https:\/\/i0.wp.com\/dominicaineslangeac.fr\/wp-content\/uploads\/2016\/08\/magasin-700x413.jpg?resize=350%2C200","width":350,"height":200,"srcset":"https:\/\/i0.wp.com\/dominicaineslangeac.fr\/wp-content\/uploads\/2016\/08\/magasin-700x413.jpg?resize=350%2C200 1x, https:\/\/i0.wp.com\/dominicaineslangeac.fr\/wp-content\/uploads\/2016\/08\/magasin-700x413.jpg?resize=525%2C300 1.5x, https:\/\/i0.wp.com\/dominicaineslangeac.fr\/wp-content\/uploads\/2016\/08\/magasin-700x413.jpg?resize=700%2C400 2x"},"classes":[]},{"id":463,"url":"https:\/\/dominicaineslangeac.fr\/index.php\/agnes-de-langeac\/chemin-mere-agnes\/","url_meta":{"origin":421,"position":3},"title":"Chemin M\u00e8re Agn\u00e8s","author":"Monast\u00e8re Ste Catherine","date":"20 f\u00e9vrier 2017","format":false,"excerpt":"Du Puy en Velay \u00e0 Langeac\u00a0sur les pas d\u2019une mystique\u00a0du Grand si\u00e8cle. Agn\u00e8s de J\u00e9sus Galand (Le Puy-en-Velay 1602\u00a0-\u00a0Langeac 1634) fut tertiaire dominicaine au Puy avant d\u2019entrer au monast\u00e8re de Langeac. Toute la vie d\u2019Agn\u00e8s est un enseignement, la pr\u00e9cocit\u00e9 de sa cons\u00e9cration \u00e0 Marie et son v\u0153u de virginit\u00e9,\u2026","rel":"","context":"Article similaire","block_context":{"text":"Article similaire","link":""},"img":{"alt_text":"","src":"https:\/\/i0.wp.com\/dominicaineslangeac.fr\/wp-content\/uploads\/2017\/02\/Promenade-5.jpg?fit=1200%2C900&ssl=1&resize=350%2C200","width":350,"height":200,"srcset":"https:\/\/i0.wp.com\/dominicaineslangeac.fr\/wp-content\/uploads\/2017\/02\/Promenade-5.jpg?fit=1200%2C900&ssl=1&resize=350%2C200 1x, https:\/\/i0.wp.com\/dominicaineslangeac.fr\/wp-content\/uploads\/2017\/02\/Promenade-5.jpg?fit=1200%2C900&ssl=1&resize=525%2C300 1.5x, https:\/\/i0.wp.com\/dominicaineslangeac.fr\/wp-content\/uploads\/2017\/02\/Promenade-5.jpg?fit=1200%2C900&ssl=1&resize=700%2C400 2x, https:\/\/i0.wp.com\/dominicaineslangeac.fr\/wp-content\/uploads\/2017\/02\/Promenade-5.jpg?fit=1200%2C900&ssl=1&resize=1050%2C600 3x"},"classes":[]},{"id":431,"url":"https:\/\/dominicaineslangeac.fr\/index.php\/regle-de-vie\/moniales-dominicaines\/","url_meta":{"origin":421,"position":4},"title":"Moniales dominicaines","author":"Monast\u00e8re Ste Catherine","date":"10 octobre 2016","format":false,"excerpt":"Nous sommes douze moniales dominicaines vivant dans un monast\u00e8re \u00e0 Langeac en Auvergne. Nous appartenons \u00e0 l\u2019Ordre des Pr\u00eacheurs, un Ordre religieux au sein de l\u2019\u00c9glise Catholique. Ce site pr\u00e9sente notre vie, nos activit\u00e9s et comment vous pouvez apprendre \u00e0 nous connaitre. Le propos fondamental Les moniales de l\u2019Ordre des\u2026","rel":"","context":"Article similaire","block_context":{"text":"Article similaire","link":""},"img":{"alt_text":"","src":"https:\/\/i0.wp.com\/dominicaineslangeac.fr\/wp-content\/uploads\/2020\/06\/ct%C3%A9-genets.jpg?fit=910%2C666&ssl=1&resize=350%2C200","width":350,"height":200,"srcset":"https:\/\/i0.wp.com\/dominicaineslangeac.fr\/wp-content\/uploads\/2020\/06\/ct%C3%A9-genets.jpg?fit=910%2C666&ssl=1&resize=350%2C200 1x, https:\/\/i0.wp.com\/dominicaineslangeac.fr\/wp-content\/uploads\/2020\/06\/ct%C3%A9-genets.jpg?fit=910%2C666&ssl=1&resize=525%2C300 1.5x, https:\/\/i0.wp.com\/dominicaineslangeac.fr\/wp-content\/uploads\/2020\/06\/ct%C3%A9-genets.jpg?fit=910%2C666&ssl=1&resize=700%2C400 2x"},"classes":[]},{"id":850,"url":"https:\/\/dominicaineslangeac.fr\/index.php\/regle-de-vie\/histoire-du-monastere\/","url_meta":{"origin":421,"position":5},"title":"Histoire du Monast\u00e8re","author":"Monast\u00e8re Ste Catherine","date":"12 avril 2017","format":false,"excerpt":"La fondation du monast\u00e8re et son histoire se placent sous l\u2019angle du renouveau dominicain de la premi\u00e8re moiti\u00e9 du XVIIe si\u00e8cle en France. Trente-deux fondations voient le jour \u00e0 partir de deux souches, les monast\u00e8res de Sainte Catherine de Sienne de Toulouse et de Sainte Prax\u00e8de d\u2019Avignon. C\u2019est ce dernier\u2026","rel":"","context":"Article similaire","block_context":{"text":"Article similaire","link":""},"img":{"alt_text":"","src":"https:\/\/i0.wp.com\/dominicaineslangeac.fr\/wp-content\/uploads\/2016\/10\/The_Perugia_Altarpiece_Side_Panel_Depicting_St._Dominic.jpg?resize=350%2C200","width":350,"height":200},"classes":[]}],"_links":{"self":[{"href":"https:\/\/dominicaineslangeac.fr\/index.php\/wp-json\/wp\/v2\/pages\/421","targetHints":{"allow":["GET"]}}],"collection":[{"href":"https:\/\/dominicaineslangeac.fr\/index.php\/wp-json\/wp\/v2\/pages"}],"about":[{"href":"https:\/\/dominicaineslangeac.fr\/index.php\/wp-json\/wp\/v2\/types\/page"}],"author":[{"embeddable":true,"href":"https:\/\/dominicaineslangeac.fr\/index.php\/wp-json\/wp\/v2\/users\/1"}],"replies":[{"embeddable":true,"href":"https:\/\/dominicaineslangeac.fr\/index.php\/wp-json\/wp\/v2\/comments?post=421"}],"version-history":[{"count":12,"href":"https:\/\/dominicaineslangeac.fr\/index.php\/wp-json\/wp\/v2\/pages\/421\/revisions"}],"predecessor-version":[{"id":868,"href":"https:\/\/dominicaineslangeac.fr\/index.php\/wp-json\/wp\/v2\/pages\/421\/revisions\/868"}],"up":[{"embeddable":true,"href":"https:\/\/dominicaineslangeac.fr\/index.php\/wp-json\/wp\/v2\/pages\/2"}],"wp:attachment":[{"href":"https:\/\/dominicaineslangeac.fr\/index.php\/wp-json\/wp\/v2\/media?parent=421"}],"curies":[{"name":"wp","href":"https:\/\/api.w.org\/{rel}","templated":true}]}}