{"id":411,"date":"2016-10-08T16:30:10","date_gmt":"2016-10-08T15:30:10","guid":{"rendered":"http:\/\/dominicaineslangeac.fr\/?page_id=411"},"modified":"2025-01-13T22:56:35","modified_gmt":"2025-01-13T21:56:35","slug":"activites-proposes-au-jeunes","status":"publish","type":"page","link":"https:\/\/dominicaineslangeac.fr\/index.php\/page-jeunes\/activites-proposes-au-jeunes\/","title":{"rendered":"Activit\u00e9s propos\u00e9es aux jeunes"},"content":{"rendered":"\n<p class=\"has-medium-font-size\">Nous accueillons volontiers les \u00e9tudiants d\u00e9sirant r\u00e9viser dans de bonnes conditions ou des jeunes qui d\u00e9sirent creuser leur foi et prendre un temps privil\u00e9gi\u00e9 avec Dieu au sein d&rsquo;une communaut\u00e9 monastique.<\/p>\n\n\n\n<figure class=\"wp-block-image size-large\"><img data-recalc-dims=\"1\" loading=\"lazy\" decoding=\"async\" width=\"700\" height=\"990\" data-attachment-id=\"11516\" data-permalink=\"https:\/\/dominicaineslangeac.fr\/a-vous-2\/\" data-orig-file=\"https:\/\/i0.wp.com\/dominicaineslangeac.fr\/wp-content\/uploads\/2025\/01\/A-VOUS-.jpg?fit=1414%2C2000&amp;ssl=1\" data-orig-size=\"1414,2000\" data-comments-opened=\"0\" data-image-meta=\"{&quot;aperture&quot;:&quot;0&quot;,&quot;credit&quot;:&quot;&quot;,&quot;camera&quot;:&quot;&quot;,&quot;caption&quot;:&quot;&quot;,&quot;created_timestamp&quot;:&quot;0&quot;,&quot;copyright&quot;:&quot;&quot;,&quot;focal_length&quot;:&quot;0&quot;,&quot;iso&quot;:&quot;0&quot;,&quot;shutter_speed&quot;:&quot;0&quot;,&quot;title&quot;:&quot;&quot;,&quot;orientation&quot;:&quot;1&quot;}\" data-image-title=\"A VOUS !\" data-image-description=\"\" data-image-caption=\"\" data-large-file=\"https:\/\/i0.wp.com\/dominicaineslangeac.fr\/wp-content\/uploads\/2025\/01\/A-VOUS-.jpg?fit=700%2C990&amp;ssl=1\" src=\"https:\/\/i0.wp.com\/dominicaineslangeac.fr\/wp-content\/uploads\/2025\/01\/A-VOUS-.jpg?resize=700%2C990&#038;ssl=1\" alt=\"\" class=\"wp-image-11516\" srcset=\"https:\/\/i0.wp.com\/dominicaineslangeac.fr\/wp-content\/uploads\/2025\/01\/A-VOUS-.jpg?resize=700%2C990&amp;ssl=1 700w, https:\/\/i0.wp.com\/dominicaineslangeac.fr\/wp-content\/uploads\/2025\/01\/A-VOUS-.jpg?resize=212%2C300&amp;ssl=1 212w, https:\/\/i0.wp.com\/dominicaineslangeac.fr\/wp-content\/uploads\/2025\/01\/A-VOUS-.jpg?resize=768%2C1086&amp;ssl=1 768w, https:\/\/i0.wp.com\/dominicaineslangeac.fr\/wp-content\/uploads\/2025\/01\/A-VOUS-.jpg?resize=1086%2C1536&amp;ssl=1 1086w, https:\/\/i0.wp.com\/dominicaineslangeac.fr\/wp-content\/uploads\/2025\/01\/A-VOUS-.jpg?w=1414&amp;ssl=1 1414w\" sizes=\"auto, (max-width: 700px) 100vw, 700px\" \/><\/figure>\n\n\n\n<figure class=\"wp-block-embed is-type-video is-provider-youtube wp-block-embed-youtube wp-embed-aspect-16-9 wp-has-aspect-ratio\"><div class=\"wp-block-embed__wrapper\">\n<span class=\"embed-youtube\" style=\"text-align:center; display: block;\"><iframe loading=\"lazy\" class=\"youtube-player\" width=\"1170\" height=\"659\" src=\"https:\/\/www.youtube.com\/embed\/UiSW84x-BmA?version=3&#038;rel=1&#038;showsearch=0&#038;showinfo=1&#038;iv_load_policy=1&#038;fs=1&#038;hl=fr-FR&#038;autohide=2&#038;wmode=transparent\" allowfullscreen=\"true\" style=\"border:0;\" sandbox=\"allow-scripts allow-same-origin allow-popups allow-presentation allow-popups-to-escape-sandbox\"><\/iframe><\/span>\n<\/div><\/figure>\n\n\n\n<div class=\"wp-block-group is-vertical is-nowrap is-layout-flex wp-container-core-group-is-layout-947ac36b wp-block-group-is-layout-flex\">\n<div class=\"wp-block-columns is-layout-flex wp-container-core-columns-is-layout-9d6595d7 wp-block-columns-is-layout-flex\">\n<div class=\"wp-block-column is-layout-flow wp-block-column-is-layout-flow\" style=\"flex-basis:100%\">\n<div class=\"wp-block-group\"><div class=\"wp-block-group__inner-container is-layout-constrained wp-block-group-is-layout-constrained\">\n<div class=\"wp-block-group is-vertical is-content-justification-center is-layout-flex wp-container-core-group-is-layout-4b2eccd6 wp-block-group-is-layout-flex\">\n<figure class=\"wp-block-embed is-type-video is-provider-youtube wp-block-embed-youtube wp-embed-aspect-16-9 wp-has-aspect-ratio\"><div class=\"wp-block-embed__wrapper\">\n<span class=\"embed-youtube\" style=\"text-align:center; display: block;\"><iframe loading=\"lazy\" class=\"youtube-player\" width=\"1170\" height=\"659\" src=\"https:\/\/www.youtube.com\/embed\/UiSW84x-BmA?version=3&#038;rel=1&#038;showsearch=0&#038;showinfo=1&#038;iv_load_policy=1&#038;fs=1&#038;hl=fr-FR&#038;autohide=2&#038;wmode=transparent\" allowfullscreen=\"true\" style=\"border:0;\" sandbox=\"allow-scripts allow-same-origin allow-popups allow-presentation allow-popups-to-escape-sandbox\"><\/iframe><\/span>\n<\/div><\/figure>\n\n\n\n<h3>\u00a0<\/h3>\n<div data-test='contact-form'\n\t\t\tid='contact-form-411'\n\t\t\tclass='jetpack-contact-form-container '\n\t\t\tdata-wp-interactive='jetpack\/form' data-wp-context='{\"formId\":\"411\",\"formHash\":\"f192b6cab0281243582b8de0e9202440c7c67a7f\",\"showErrors\":false,\"errors\":[],\"fields\":[],\"isMultiStep\":false,\"useAjax\":true,\"submissionData\":null,\"formattedSubmissionData\":[],\"submissionSuccess\":false,\"submissionError\":null,\"elementId\":\"jp-form-f192b6cab0281243582b8de0e9202440c7c67a7f\",\"isSingleInputForm\":false,\"isForcedHorizontal\":false}'\n\t\t\tdata-wp-watch--scroll-to-wrapper=\"callbacks.scrollToWrapper\"\n\t\t>\n<div class=\"contact-form-submission contact-form-ajax-submission\" data-wp-bind--aria-hidden=\"state.isSuccessMessageAriaHidden\" data-wp-class--submission-success=\"context.submissionSuccess\" id=\"contact-form-success-f192b6cab0281243582b8de0e9202440c7c67a7f\" tabindex=\"-1\" aria-labelledby=\"contact-form-success-header-f192b6cab0281243582b8de0e9202440c7c67a7f\"><p class=\"go-back-message\"><a class=\"link\" role=\"button\" tabindex=\"0\" data-wp-on--click=\"actions.goBack\" href=\"\/index.php\/wp-json\/wp\/v2\/pages\/411\">\u2190 Retour<\/a><\/p><h4 data-wp-bind--aria-hidden=\"state.isSuccessMessageAriaHidden\" id=\"contact-form-success-header-f192b6cab0281243582b8de0e9202440c7c67a7f\">Merci pour votre r\u00e9ponse. \u2728<\/h4>\n\n<template data-wp-each--submission=\"context.formattedSubmissionData\">\n\t\t\t\t\t<div class=\"jetpack_forms_contact-form-success-summary\">\n\t\t\t\t\t\t<div class=\"field-name-wrapper\">\n\t\t\t\t\t\t\t<div class=\"field-type-icon\" data-wp-watch=\"callbacks.watchFieldTypeIcon\"><\/div>\n\t\t\t\t\t\t\t<div class=\"field-name\" data-wp-text=\"context.submission.label\" data-wp-bind--hidden=\"!context.submission.label\"><\/div>\n\t\t\t\t\t\t<\/div>\n\t\t\t\t\t\t<div class=\"field-value\" data-wp-text=\"context.submission.value\" data-wp-bind--hidden=\"!context.submission.showPlainValue\"><\/div>\n\t\t\t\t\t\t<a class=\"field-url\" data-wp-bind--href=\"context.submission.url\" data-wp-text=\"context.submission.value\" data-wp-bind--hidden=\"!context.submission.url\" target=\"_blank\" rel=\"noopener noreferrer\"><\/a>\n\t\t\t\t\t\t<div class=\"field-rating\" data-wp-bind--hidden=\"!context.submission.rating\" data-wp-watch=\"callbacks.watchRatingIcons\"><\/div>\n\t\t\t\t\t\t<div class=\"field-images\" data-wp-bind--hidden=\"!context.submission.images\">\n\t\t\t\t\t\t\t<template data-wp-each--image=\"context.submission.images\">\n\t\t\t\t\t\t\t\t<div class=\"field-image-option\" data-wp-class--is-empty=\"!context.image.src\">\n\t\t\t\t\t\t\t\t\t<figure class=\"field-image-option__image\" data-wp-class--is-empty=\"!context.image.src\">\n\t\t\t\t\t\t\t\t\t\t<img data-wp-bind--src=\"context.image.src\" data-wp-bind--hidden=\"!context.image.src\" \/>\n\t\t\t\t\t\t\t\t\t\t<img decoding=\"async\" src=\"data:image\/gif;base64,R0lGODlhAQABAAD\/ACwAAAAAAQABAAACADs=\" data-wp-bind--hidden=\"context.image.src\" \/>\n\t\t\t\t\t\t\t\t\t<\/figure>\n\t\t\t\t\t\t\t\t\t<div class=\"field-image-option__label-wrapper\">\n\t\t\t\t\t\t\t\t\t\t<span class=\"field-image-option__label-code\" data-wp-text=\"context.image.letterCode\"><\/span>\n\t\t\t\t\t\t\t\t\t\t<span class=\"field-image-option__label\" data-wp-text=\"context.image.label\" data-wp-bind--hidden=\"!context.image.label\"><\/span>\n\t\t\t\t\t\t\t\t\t<\/div>\n\t\t\t\t\t\t\t\t<\/div>\n\t\t\t\t\t\t\t<\/template>\n\t\t\t\t\t\t<\/div>\n\t\t\t\t\t\t<div class=\"field-files\" data-wp-bind--hidden=\"!context.submission.files\">\n\t\t\t\t\t\t\t<template data-wp-each--file=\"context.submission.files\">\n\t\t\t\t\t\t\t\t<div class=\"field-file\">\n\t\t\t\t\t\t\t\t\t<div class=\"field-file__thumbnail\" data-wp-style--background-image=\"context.file.previewUrl\" data-wp-style--mask-image=\"context.file.iconUrl\" data-wp-bind--hidden=\"!context.file.hasPreview\"><\/div>\n\t\t\t\t\t\t\t\t\t<svg class=\"field-file__icon\" data-wp-bind--hidden=\"context.file.hasPreview\" width=\"20\" height=\"20\" viewBox=\"0 0 24 24\" fill=\"none\" xmlns=\"http:\/\/www.w3.org\/2000\/svg\" aria-hidden=\"true\">\n\t\t\t\t\t\t\t\t\t\t<path d=\"M14 2H6C4.9 2 4 2.9 4 4V20C4 21.1 4.89 22 5.99 22H18C19.1 22 20 21.1 20 20V8L14 2ZM18 20H6V4H13V9H18V20Z\" fill=\"currentColor\"\/>\n\t\t\t\t\t\t\t\t\t<\/svg>\n\t\t\t\t\t\t\t\t\t<span class=\"field-file__name\" data-wp-text=\"context.file.name\"><\/span>\n\t\t\t\t\t\t\t\t\t<span class=\"field-file__size\" data-wp-text=\"context.file.size\"><\/span>\n\t\t\t\t\t\t\t\t<\/div>\n\t\t\t\t\t\t\t<\/template>\n\t\t\t\t\t\t<\/div>\n\t\t\t\t\t<\/div>\n\t\t\t\t<\/template><\/div><form action='https:\/\/dominicaineslangeac.fr\/index.php\/page-jeunes\/activites-proposes-au-jeunes\/'\n\t\t\t\tid='jp-form-f192b6cab0281243582b8de0e9202440c7c67a7f'\n\t\t\t\tmethod='post'\n\t\t\t\tclass='contact-form commentsblock jetpack-contact-form__form has-no-jetpack-form-layout' aria-label=\"Activit\u00e9s propos\u00e9es aux jeunes\"\n\t\t\t\tdata-wp-on--submit=\"actions.onFormSubmit\"\n\t\t\t\tdata-wp-on--reset=\"actions.onFormReset\"\n\t\t\t\tdata-wp-class--submission-success=\"context.submissionSuccess\"\n\t\t\t\tdata-wp-class--is-first-step=\"state.isFirstStep\"\n\t\t\t\tdata-wp-class--is-last-step=\"state.isLastStep\"\n\t\t\t\tdata-wp-class--is-ajax-form=\"context.useAjax\"\n\t\t\t\tnovalidate >\n<input type='hidden' name='jetpack_contact_form_jwt' value='eyJ0eXAiOiJKV1QiLCJhbGciOiJIUzI1NiJ9.eyJlbmNyeXB0ZWRfYXR0cmlidXRlcyI6ImRuQ0lNcHZGaWhqSzB2TlZrRW93TUVDTXFSU0ZNc3A1SDFUUTNTR2ZJTjVScncvMkFXVTRSMXR0cjRTTFdkZU0rUHFOdm53ZTdWaVlpT2hnNVU2WG54V2VKRmVXL2NpcmtvYmtDOHhDempYS2wzTlF5bzJIS0tyc2U1SUNJUy9Va3Zwd05Bb080U0hUU0UraGttWXpHczcvUEdkWndCWGppRUpMZXpGdnZPSDhYOWdWNmxXMzlMZFR5N3I1OHA5OCs2VzNrcTFuUWlEYndjaEFLd1hzMllZYjlNUHYxN3orVGZOMFFRT1RXbGZROE85UzhzVmNwRnE0V3UzK3d3UDBWa2VyWWR4czcxY3R0eUFON2wvTmszOWZmdGdMVDhlVGVxc3FJNzhuYXA0eVpldzBYaGRKVXpiL09iR0R4YkkxWjYxVUhDSzlzSHFIWDZ1YU1JSE4yUUdyZlc1STRScHNucWJCaXhHeVhKeWhWWjBKazBCNzl6TUlxMlQ2M1llMUJZU1JwNjZmdFhoaGRvbnhESkVwcThpYnY1Mk9lb0NsQzB1ZkFJSFZoSHVYclBpTVVrOUdsWUNnSVEvS1ROQ0ExazRqT1Z2eFE1ajVyaDJlbmJ6eUdBZEF1TmJqMnp1eEFTczRBZjd6MjR2Z1AzN2F5Q25EeE9udFdnTWlweGlMalZuWkZ3a0JaMVE1elhLQytwTVpLaDh6RWIzVDk0NXVkNUxmdnRYWnNhQWU2S2U5QzAwTSttN2NCc2MyMDZrOTF5UEVPN0dvejEwQWg2b2ZCS2srcW8xNnlJa0VZS1RBaVphczdRb0Zzd1NSa1RoT2RGK0VPTE03TEV1T3grK2lWYnlzQkdYTXowQ3RNZGFhaGVTZjRaVEhQMlJrZklWa2NSMzZ4eGYrWEx0cGR2b2pLeFZyOXorTll0TGw4dzVBcWxTdDZ5VzFUNHpOeHpyZ3FsQkZBSVp2WHJsaUxYQlJPeTV0RWFYQk1uc3BiQy9lY21GdS9HblcydnNPdEJqZmxTNFNZM0t2L3lDNmlIdTRmMnliQ1lWcHBHZ1hYS3pMOWUwcTl4dTNmS0RWRGtySnpoVDZhREFPZXcyc1JqdnRWcllSdnV1WVJLQlR0a2crdlFzWXN3SU00dlpNU3lPcC9ncVorK21BMnpBdCtldXZwZ1NDNUx1WVRnZWZmWmdXT2ZXa3B0VWpEaFlkS3JHaDkwY2piaTdkSEplZHc3MXFhc2RxRHRoTmhxWmcyQkxIN2FGZEdrbEltSVVSUnRwVDN0WEJjWUVwQ0E9PSIsImNvbnRlbnQiOiJbY29udGFjdC1maWVsZCBsYWJlbD0nTm9tJyB0eXBlPSduYW1lJyByZXF1aXJlZD0nMScvXVtjb250YWN0LWZpZWxkIGxhYmVsPSdFLW1haWwnIHR5cGU9J2VtYWlsJyByZXF1aXJlZD0nMScvXVtjb250YWN0LWZpZWxkIGxhYmVsPSdRdWVzdGlvbicgdHlwZT0ndGV4dGFyZWEnIHJlcXVpcmVkPScxJy9dIiwiaGFzaCI6ImYxOTJiNmNhYjAyODEyNDM1ODJiOGRlMGU5MjAyNDQwYzdjNjdhN2YiLCJzb3VyY2UiOnsiZW50cnlfdGl0bGUiOiJBY3Rpdml0XHUwMGU5cyBwcm9wb3NcdTAwZTllcyBhdXggamV1bmVzIiwiZW50cnlfcGFnZSI6MSwic291cmNlX2lkIjo0MTEsInNvdXJjZV90eXBlIjoic2luZ2xlIiwicmVxdWVzdF91cmwiOiJodHRwczovL2RvbWluaWNhaW5lc2xhbmdlYWMuZnIvd3AtanNvbi93cC92Mi9wYWdlcy80MTEifSwidmVyc2lvbiI6MiwiY2lwaGVyIjoiYWVzLTI1Ni1nY20ifQ.KHS85KLjBVdG4-uAQREXZ96mvq2FCk-dE1lrvK7ZTNU' \/>\n\n<div style=\"\"  data-wp-interactive=\"jetpack\/form\" data-wp-context='{\"fieldId\":\"g411-nom\",\"fieldType\":\"name\",\"fieldLabel\":\"Nom\",\"fieldValue\":\"\",\"fieldPlaceholder\":\"\",\"fieldIsRequired\":\"1\",\"fieldErrorMessage\":\"\",\"fieldExtra\":[],\"formHash\":\"f192b6cab0281243582b8de0e9202440c7c67a7f\"}'  class='grunion-field-name-wrap grunion-field-wrap'  data-wp-init='callbacks.initializeField' data-wp-on--jetpack-form-reset='callbacks.initializeField' >\n<label\n\t\t\t\tfor='g411-nom' class=\"grunion-field-label name\" >Nom<span class=\"grunion-label-required\" aria-hidden=\"true\">(obligatoire)<\/span><\/label>\n<input\n\t\t\t\t\ttype='text'\n\t\t\t\t\tname='g411-nom'\n\t\t\t\t\tid='g411-nom'\n\t\t\t\t\tvalue=''\n\n\t\t\t\t\tdata-wp-bind--aria-invalid='state.fieldAriaInvalid'\n\t\t\t\t\tdata-wp-bind--value='state.getFieldValue'\n\t\t\t\t\taria-describedby='g411-nom-text-error-message'\n\t\t\t\t\tdata-wp-on--input='actions.onFieldChange'\n\t\t\t\t\tdata-wp-on--blur='actions.onFieldBlur'\n\t\t\t\t\tdata-wp-class--has-value='state.hasFieldValue'\n\n\t\t\t\t\tclass='name  grunion-field' \n\t\t\t\t\trequired='true' aria-required='true'  \/>\n \n\t\t\t<div id=\"g411-nom-text-error\" class=\"contact-form__input-error\" data-wp-class--has-errors=\"state.fieldHasErrors\">\n\t\t\t\t<span class=\"contact-form__warning-icon\" aria-hidden=\"true\">\n\t\t\t\t\t<svg width=\"16\" height=\"16\" viewBox=\"0 0 16 16\" fill=\"none\" xmlns=\"http:\/\/www.w3.org\/2000\/svg\">\n\t\t\t\t\t\t<path d=\"M8.50015 11.6402H7.50015V10.6402H8.50015V11.6402Z\" \/>\n\t\t\t\t\t\t<path d=\"M7.50015 9.64018H8.50015V6.30684H7.50015V9.64018Z\" \/>\n\t\t\t\t\t\t<path fill-rule=\"evenodd\" clip-rule=\"evenodd\" d=\"M6.98331 3.0947C7.42933 2.30177 8.57096 2.30177 9.01698 3.09469L13.8771 11.7349C14.3145 12.5126 13.7525 13.4735 12.8602 13.4735H3.14004C2.24774 13.4735 1.68575 12.5126 2.12321 11.7349L6.98331 3.0947ZM8.14541 3.58496C8.08169 3.47168 7.9186 3.47168 7.85488 3.58496L2.99478 12.2251C2.93229 12.3362 3.01257 12.4735 3.14004 12.4735H12.8602C12.9877 12.4735 13.068 12.3362 13.0055 12.2251L8.14541 3.58496Z\" \/>\n\t\t\t\t\t<\/svg>\n\t\t\t\t<\/span>\n\t\t\t\t<span data-wp-text=\"state.errorMessage\" id=\"g411-nom-text-error-message\"><\/span>\n\t\t\t<\/div> \n\t<\/div>\n\n<div style=\"\"  data-wp-interactive=\"jetpack\/form\" data-wp-context='{\"fieldId\":\"g411-email\",\"fieldType\":\"email\",\"fieldLabel\":\"E-mail\",\"fieldValue\":\"\",\"fieldPlaceholder\":\"\",\"fieldIsRequired\":\"1\",\"fieldErrorMessage\":\"\",\"fieldExtra\":[],\"formHash\":\"f192b6cab0281243582b8de0e9202440c7c67a7f\"}'  class='grunion-field-email-wrap grunion-field-wrap'  data-wp-init='callbacks.initializeField' data-wp-on--jetpack-form-reset='callbacks.initializeField' >\n<label\n\t\t\t\tfor='g411-email' class=\"grunion-field-label email\" >E-mail<span class=\"grunion-label-required\" aria-hidden=\"true\">(obligatoire)<\/span><\/label>\n<input\n\t\t\t\t\ttype='email'\n\t\t\t\t\tname='g411-email'\n\t\t\t\t\tid='g411-email'\n\t\t\t\t\tvalue=''\n\n\t\t\t\t\tdata-wp-bind--aria-invalid='state.fieldAriaInvalid'\n\t\t\t\t\tdata-wp-bind--value='state.getFieldValue'\n\t\t\t\t\taria-describedby='g411-email-email-error-message'\n\t\t\t\t\tdata-wp-on--input='actions.onFieldChange'\n\t\t\t\t\tdata-wp-on--blur='actions.onFieldBlur'\n\t\t\t\t\tdata-wp-class--has-value='state.hasFieldValue'\n\n\t\t\t\t\tclass='email  grunion-field' \n\t\t\t\t\trequired='true' aria-required='true'  \/>\n \n\t\t\t<div id=\"g411-email-email-error\" class=\"contact-form__input-error\" data-wp-class--has-errors=\"state.fieldHasErrors\">\n\t\t\t\t<span class=\"contact-form__warning-icon\" aria-hidden=\"true\">\n\t\t\t\t\t<svg width=\"16\" height=\"16\" viewBox=\"0 0 16 16\" fill=\"none\" xmlns=\"http:\/\/www.w3.org\/2000\/svg\">\n\t\t\t\t\t\t<path d=\"M8.50015 11.6402H7.50015V10.6402H8.50015V11.6402Z\" \/>\n\t\t\t\t\t\t<path d=\"M7.50015 9.64018H8.50015V6.30684H7.50015V9.64018Z\" \/>\n\t\t\t\t\t\t<path fill-rule=\"evenodd\" clip-rule=\"evenodd\" d=\"M6.98331 3.0947C7.42933 2.30177 8.57096 2.30177 9.01698 3.09469L13.8771 11.7349C14.3145 12.5126 13.7525 13.4735 12.8602 13.4735H3.14004C2.24774 13.4735 1.68575 12.5126 2.12321 11.7349L6.98331 3.0947ZM8.14541 3.58496C8.08169 3.47168 7.9186 3.47168 7.85488 3.58496L2.99478 12.2251C2.93229 12.3362 3.01257 12.4735 3.14004 12.4735H12.8602C12.9877 12.4735 13.068 12.3362 13.0055 12.2251L8.14541 3.58496Z\" \/>\n\t\t\t\t\t<\/svg>\n\t\t\t\t<\/span>\n\t\t\t\t<span data-wp-text=\"state.errorMessage\" id=\"g411-email-email-error-message\"><\/span>\n\t\t\t<\/div> \n\t<\/div>\n\n<div style=\"\"  data-wp-interactive=\"jetpack\/form\" data-wp-context='{\"fieldId\":\"g411-question\",\"fieldType\":\"textarea\",\"fieldLabel\":\"Question\",\"fieldValue\":\"\",\"fieldPlaceholder\":\"\",\"fieldIsRequired\":\"1\",\"fieldErrorMessage\":\"\",\"fieldExtra\":[],\"formHash\":\"f192b6cab0281243582b8de0e9202440c7c67a7f\"}'  class='grunion-field-textarea-wrap grunion-field-wrap'  data-wp-init='callbacks.initializeField' data-wp-on--jetpack-form-reset='callbacks.initializeField' >\n<label\n\t\t\t\tfor='contact-form-comment-g411-question' class=\"grunion-field-label textarea\" >Question<span class=\"grunion-label-required\" aria-hidden=\"true\">(obligatoire)<\/span><\/label>\n<textarea\n\t\t                style=''\n\t\t                name='g411-question'\n\t\t                id='contact-form-comment-g411-question'\n\t\t                rows='20'\n\t\t\t\t\t\tdata-wp-text='state.getFieldValue'\n\t\t\t\t\t\tdata-wp-on--input='actions.onFieldChange'\n\t\t\t\t\t\tdata-wp-on--blur='actions.onFieldBlur'\n\t\t\t\t\t\tdata-wp-class--has-value='state.hasFieldValue'\n\t\t\t\t\t\taria-describedby='g411-question-textarea-error-message'\n\t\t\t\t\t\tdata-wp-bind--aria-invalid='state.fieldAriaInvalid'\n\t\t\t\t\t\tclass='textarea  grunion-field'  required aria-required='true'><\/textarea>\n \n\t\t\t<div id=\"g411-question-textarea-error\" class=\"contact-form__input-error\" data-wp-class--has-errors=\"state.fieldHasErrors\">\n\t\t\t\t<span class=\"contact-form__warning-icon\" aria-hidden=\"true\">\n\t\t\t\t\t<svg width=\"16\" height=\"16\" viewBox=\"0 0 16 16\" fill=\"none\" xmlns=\"http:\/\/www.w3.org\/2000\/svg\">\n\t\t\t\t\t\t<path d=\"M8.50015 11.6402H7.50015V10.6402H8.50015V11.6402Z\" \/>\n\t\t\t\t\t\t<path d=\"M7.50015 9.64018H8.50015V6.30684H7.50015V9.64018Z\" \/>\n\t\t\t\t\t\t<path fill-rule=\"evenodd\" clip-rule=\"evenodd\" d=\"M6.98331 3.0947C7.42933 2.30177 8.57096 2.30177 9.01698 3.09469L13.8771 11.7349C14.3145 12.5126 13.7525 13.4735 12.8602 13.4735H3.14004C2.24774 13.4735 1.68575 12.5126 2.12321 11.7349L6.98331 3.0947ZM8.14541 3.58496C8.08169 3.47168 7.9186 3.47168 7.85488 3.58496L2.99478 12.2251C2.93229 12.3362 3.01257 12.4735 3.14004 12.4735H12.8602C12.9877 12.4735 13.068 12.3362 13.0055 12.2251L8.14541 3.58496Z\" \/>\n\t\t\t\t\t<\/svg>\n\t\t\t\t<\/span>\n\t\t\t\t<span data-wp-text=\"state.errorMessage\" id=\"g411-question-textarea-error-message\"><\/span>\n\t\t\t<\/div>\n\t<\/div>\n\t<p class='contact-submit'>\n<div class=\"contact-form__error\" data-wp-class--show-errors=\"state.showFormErrors\"><span class=\"contact-form__warning-icon\" aria-hidden=\"true\"><i><\/i><\/span><span class=\"contact-form__error-message\" tabindex=\"-1\" data-wp-watch=\"callbacks.focusOnValidationError\" data-wp-text=\"state.getFormErrorMessage\"><\/span><ul aria-label=\"Erreurs de formulaire\">\n\t\t\t\t<template data-wp-each=\"state.getErrorList\" data-wp-key=\"context.item.id\">\n\t\t\t\t\t<li><a data-wp-bind--href=\"context.item.anchor\" data-wp-on--click=\"actions.scrollIntoView\" data-wp-text=\"context.item.label\"><\/a><\/li>\n\t\t\t\t<\/template>\n\t\t\t\t<\/ul><\/div><div class=\"contact-form__error\" data-wp-class--show-errors=\"state.showSubmissionError\" data-wp-text=\"context.submissionError\" tabindex=\"-1\" data-wp-watch=\"callbacks.focusOnSubmissionError\"><\/div>\t\t<button type='submit' class='pushbutton-wide'>Envoyer<\/button>\t\t<input type='hidden' name='contact-form-id' value='411' \/>\n\t\t<input type='hidden' name='action' value='grunion-contact-form' \/>\n\t\t<input type='hidden' name='contact-form-hash' value='f192b6cab0281243582b8de0e9202440c7c67a7f' \/>\n\t<\/p>\n<p style=\"display: none !important;\" class=\"akismet-fields-container\" data-prefix=\"ak_\"><label>&#916;<textarea name=\"ak_hp_textarea\" cols=\"45\" rows=\"8\" maxlength=\"100\"><\/textarea><\/label><input type=\"hidden\" id=\"ak_js_1\" name=\"ak_js\" value=\"230\"\/><script>document.getElementById( \"ak_js_1\" ).setAttribute( \"value\", ( new Date() ).getTime() );<\/script><\/p><\/form>\n<\/div>\n<\/div>\n<\/div><\/div>\n<\/div>\n<\/div>\n<\/div>\n\n\n\n<p><\/p>\n","protected":false},"excerpt":{"rendered":"<p>Pause au monast\u00e8re<\/p>\n","protected":false},"author":1,"featured_media":11440,"parent":409,"menu_order":1,"comment_status":"closed","ping_status":"closed","template":"","meta":{"advanced_seo_description":"","jetpack_seo_html_title":"","jetpack_seo_noindex":false,"jetpack_post_was_ever_published":false,"footnotes":""},"class_list":["post-411","page","type-page","status-publish","has-post-thumbnail","czr-hentry"],"jetpack_sharing_enabled":true,"jetpack_shortlink":"https:\/\/wp.me\/P7P1cC-6D","jetpack-related-posts":[{"id":409,"url":"https:\/\/dominicaineslangeac.fr\/index.php\/page-jeunes\/","url_meta":{"origin":411,"position":0},"title":"Page jeunes","author":"Monast\u00e8re Ste Catherine","date":"8 octobre 2016","format":false,"excerpt":"","rel":"","context":"Article similaire","block_context":{"text":"Article similaire","link":""},"img":{"alt_text":"","src":"","width":0,"height":0},"classes":[]},{"id":346,"url":"https:\/\/dominicaineslangeac.fr\/index.php\/page-jeunes\/vocation\/","url_meta":{"origin":411,"position":1},"title":"Devenir moniale dominicaine","author":"Monast\u00e8re Ste Catherine","date":"24 ao\u00fbt 2016","format":false,"excerpt":"Les \u00e9tapes de la formation monastique : Le postulat Le postulat est un temps de d\u00e9couverte et d\u2019apprivoisement mutuel qui dure environ un an.\u00a0La postulante entre au Noviciat qui est le lieu de formation pour les cinq premi\u00e8res ann\u00e9es. Le noviciat En recevant l\u2019habit monastique, la postulante commence son noviciat\u2026","rel":"","context":"Article similaire","block_context":{"text":"Article similaire","link":""},"img":{"alt_text":"antiphonaire","src":"https:\/\/i0.wp.com\/dominicaineslangeac.fr\/wp-content\/uploads\/2016\/08\/antiphonaire-11-225x300.jpg?resize=350%2C200","width":350,"height":200},"classes":[]},{"id":893,"url":"https:\/\/dominicaineslangeac.fr\/index.php\/page-jeunes\/vocation-religieuse\/","url_meta":{"origin":411,"position":2},"title":"Vocation religieuse","author":"Monast\u00e8re Ste Catherine","date":"23 avril 2017","format":false,"excerpt":"Trouver sa vocation est la chose la plus importante de notre vie. Cette d\u00e9cision aura des implications pour tout notre futur, et notre bonheur en d\u00e9pend. Elle demande un discernement soigneux, prenant en compte tout ce que nous sommes sous le regard de Dieu (nos dons, nos d\u00e9sirs profonds, nos\u2026","rel":"","context":"Article similaire","block_context":{"text":"Article similaire","link":""},"img":{"alt_text":"","src":"https:\/\/i0.wp.com\/dominicaineslangeac.fr\/wp-content\/uploads\/2016\/08\/st-dominique2.png?resize=350%2C200","width":350,"height":200,"srcset":"https:\/\/i0.wp.com\/dominicaineslangeac.fr\/wp-content\/uploads\/2016\/08\/st-dominique2.png?resize=350%2C200 1x, https:\/\/i0.wp.com\/dominicaineslangeac.fr\/wp-content\/uploads\/2016\/08\/st-dominique2.png?resize=525%2C300 1.5x, https:\/\/i0.wp.com\/dominicaineslangeac.fr\/wp-content\/uploads\/2016\/08\/st-dominique2.png?resize=700%2C400 2x"},"classes":[]},{"id":418,"url":"https:\/\/dominicaineslangeac.fr\/index.php\/agnes-de-langeac\/la-vie-dagnes-de-langeac\/","url_meta":{"origin":411,"position":3},"title":"La vie de la bienheureuse Agn\u00e8s","author":"Monast\u00e8re Ste Catherine","date":"10 octobre 2016","format":false,"excerpt":"\u00a0Fond\u00e9e en 1623, la communaut\u00e9 compte parmi ses fondatrices une jeune fille du Puy en Velay, s\u0153ur Agn\u00e8s de J\u00e9sus Galand. N\u00e9e le 17 novembre 1602, elle est re\u00e7ue dans l\u2019Ordre de saint Dominique, comme tertiaire, en 1621. Elle aime \u00e0 entourer les futures mamans de sa sollicitude. En 1623,\u2026","rel":"","context":"Article similaire","block_context":{"text":"Article similaire","link":""},"img":{"alt_text":"","src":"https:\/\/i0.wp.com\/dominicaineslangeac.fr\/wp-content\/uploads\/2016\/10\/Bse-Agn%C3%A8s-de-Langeac-207x300.jpg?resize=350%2C200","width":350,"height":200},"classes":[]},{"id":850,"url":"https:\/\/dominicaineslangeac.fr\/index.php\/regle-de-vie\/histoire-du-monastere\/","url_meta":{"origin":411,"position":4},"title":"Histoire du Monast\u00e8re","author":"Monast\u00e8re Ste Catherine","date":"12 avril 2017","format":false,"excerpt":"La fondation du monast\u00e8re et son histoire se placent sous l\u2019angle du renouveau dominicain de la premi\u00e8re moiti\u00e9 du XVIIe si\u00e8cle en France. Trente-deux fondations voient le jour \u00e0 partir de deux souches, les monast\u00e8res de Sainte Catherine de Sienne de Toulouse et de Sainte Prax\u00e8de d\u2019Avignon. C\u2019est ce dernier\u2026","rel":"","context":"Article similaire","block_context":{"text":"Article similaire","link":""},"img":{"alt_text":"","src":"https:\/\/i0.wp.com\/dominicaineslangeac.fr\/wp-content\/uploads\/2016\/10\/The_Perugia_Altarpiece_Side_Panel_Depicting_St._Dominic.jpg?resize=350%2C200","width":350,"height":200},"classes":[]},{"id":6445,"url":"https:\/\/dominicaineslangeac.fr\/index.php\/jubile-2023\/programme-du-jubile\/","url_meta":{"origin":411,"position":5},"title":"Programme du Jubil\u00e9","author":"MONASTERE","date":"29 d\u00e9cembre 2022","format":false,"excerpt":"Dimanche 8 janvier ouverture de l\u2019ann\u00e9e jubilaire Messe solennelle de l\u2019Epiphanie, pr\u00e9sid\u00e9e par Mgr Yves Baumgarten, \u00e9v\u00eaque du Puy Mardi 4 avril V\u00eapres avec les pr\u00eatres du dioc\u00e8se au monast\u00e8re suivie de la messe Chrismale \u00e0 la coll\u00e9giale \u00e0 18h Dimanche 25 juin Journ\u00e9e des amis du monast\u00e8re et 10\u2026","rel":"","context":"Article similaire","block_context":{"text":"Article similaire","link":""},"img":{"alt_text":"","src":"","width":0,"height":0},"classes":[]}],"_links":{"self":[{"href":"https:\/\/dominicaineslangeac.fr\/index.php\/wp-json\/wp\/v2\/pages\/411","targetHints":{"allow":["GET"]}}],"collection":[{"href":"https:\/\/dominicaineslangeac.fr\/index.php\/wp-json\/wp\/v2\/pages"}],"about":[{"href":"https:\/\/dominicaineslangeac.fr\/index.php\/wp-json\/wp\/v2\/types\/page"}],"author":[{"embeddable":true,"href":"https:\/\/dominicaineslangeac.fr\/index.php\/wp-json\/wp\/v2\/users\/1"}],"replies":[{"embeddable":true,"href":"https:\/\/dominicaineslangeac.fr\/index.php\/wp-json\/wp\/v2\/comments?post=411"}],"version-history":[{"count":48,"href":"https:\/\/dominicaineslangeac.fr\/index.php\/wp-json\/wp\/v2\/pages\/411\/revisions"}],"predecessor-version":[{"id":11518,"href":"https:\/\/dominicaineslangeac.fr\/index.php\/wp-json\/wp\/v2\/pages\/411\/revisions\/11518"}],"up":[{"embeddable":true,"href":"https:\/\/dominicaineslangeac.fr\/index.php\/wp-json\/wp\/v2\/pages\/409"}],"wp:featuredmedia":[{"embeddable":true,"href":"https:\/\/dominicaineslangeac.fr\/index.php\/wp-json\/wp\/v2\/media\/11440"}],"wp:attachment":[{"href":"https:\/\/dominicaineslangeac.fr\/index.php\/wp-json\/wp\/v2\/media?parent=411"}],"curies":[{"name":"wp","href":"https:\/\/api.w.org\/{rel}","templated":true}]}}