{"id":245,"date":"2016-08-22T18:05:23","date_gmt":"2016-08-22T17:05:23","guid":{"rendered":"http:\/\/dominicaineslangeac.fr\/?page_id=245"},"modified":"2025-01-06T11:19:12","modified_gmt":"2025-01-06T10:19:12","slug":"contact","status":"publish","type":"page","link":"https:\/\/dominicaineslangeac.fr\/index.php\/contact\/","title":{"rendered":"Contact"},"content":{"rendered":"<p><iframe loading=\"lazy\" style=\"border: 0;\" src=\"https:\/\/www.google.com\/maps\/embed?pb=!1m18!1m12!1m3!1d2816.2593574031816!2d3.4957919154680708!3d45.10081026563829!2m3!1f0!2f0!3f0!3m2!1i1024!2i768!4f13.1!3m3!1m2!1s0x47f617612fca9047%3A0x40435440ed73c960!2sMonast%C3%A8re+Sainte+Catherine!5e0!3m2!1sen!2sfr!4v1471888706118\" width=\"600\" height=\"450\" frameborder=\"0\" allowfullscreen=\"allowfullscreen\"><\/iframe><\/p>\n<h4><\/h4>\n<h3>Localisation GPS de Langeac<\/h3>\n<p class=\"paragraph_style_10\"><span style=\"font-size: 12pt;\">x\u00a0: 691166 \/\u00a0y\u00a0: 2011556 ou\u00a0Longitude 3\u00b0 29\u2019 40\u2019\u2019 E \/\u00a0Latitude 45\u00b0 05\u2019 55\u2019\u2019 N<\/span><\/p>\n<h3>Venir en train<\/h3>\n<p><span style=\"font-size: 12pt;\">De nombreux trains dont le Paris-Clermont-N\u00eemes \/ Marseille -N\u00eemes-Clermont desservent les Gorges de l\u2019Allier via Langeac + Liaisons TGV \u00e0 Saint-Etienne et Lyon via Le Puy-en-Velay<\/span><\/p>\n<p><span style=\"font-size: 12pt;\"><span class=\"style_3\">Renseignements SNCF\u00a0:<\/span>\u00a0\u00a0<a href=\"http:\/\/www.ter.sncf.com\/auvergne\">http:\/\/www.ter.sncf.com\/auvergne\u00a0<\/a><\/span><\/p>\n<h3>Venir en voiture<\/h3>\n<p class=\"paragraph_style_14\"><span style=\"font-size: 12pt;\">De Clermont-Ferrand, prendre l\u2019A75 vers Montpellier \/ Le-Puy-en-Velay. Sortir en direction de Brioude (N102); 18 km apr\u00e8s Brioude, tourner \u00e0 droite (D56) vers Langeac.<\/span><\/p>\n<p class=\"paragraph_style_15\"><span style=\"font-size: 12pt;\">De Lyon, prendre l\u2019A47 vers Saint-Etienne, puis direction Le-Puy-en-Velay. En entrant au Puy-en-Velay prendre direction Clermont-Ferrand (N102) \u00e0 40 km tourner \u00e0 gauche (vers Langeac) D590<\/span><\/p>\n<p class=\"paragraph_style_15\"><span style=\"font-size: 12pt;\">De Marseille, A7 direction Lyon puis prendre en direction d\u2019Aubenas. \u00c0 Aubenas, direction Le-Puy-en-Velay (N88). Apr\u00e8s Costaros prendre direction Clermont-Ferrand (N102),\u00a0 Loudes puis Langeac (D590).<\/span><\/p>\n<h3>Venir en avion<\/h3>\n<p><span style=\"font-size: 12pt;\">L&rsquo;a\u00e9roport de Clermont (Aulnat) est desservi par AF \/ KLM.<\/span><br \/>\n<span style=\"font-size: 12pt;\">Un\u00a0petit a\u00e9roport pr\u00e8s du Puy (Loudes) avec des vols pour Paris (<a href=\"https:\/\/www.twinjet.fr\/\">https:\/\/www.twinjet.fr\/<\/a>)<\/span><\/p>\n<h2>Nous contacter<\/h2>\n<div data-test='contact-form'\n\t\t\tid='contact-form-245'\n\t\t\tclass='jetpack-contact-form-container '\n\t\t\tdata-wp-interactive='jetpack\/form' data-wp-context='{\"formId\":\"245\",\"formHash\":\"d83d83988661a72638c9261273ce18aa9b844717\",\"showErrors\":false,\"errors\":[],\"fields\":[],\"isMultiStep\":false,\"useAjax\":true,\"submissionData\":null,\"formattedSubmissionData\":[],\"submissionSuccess\":false,\"submissionError\":null,\"elementId\":\"jp-form-d83d83988661a72638c9261273ce18aa9b844717\",\"isSingleInputForm\":false,\"isForcedHorizontal\":false}'\n\t\t\tdata-wp-watch--scroll-to-wrapper=\"callbacks.scrollToWrapper\"\n\t\t>\n<div class=\"contact-form-submission contact-form-ajax-submission\" data-wp-bind--aria-hidden=\"state.isSuccessMessageAriaHidden\" data-wp-class--submission-success=\"context.submissionSuccess\" id=\"contact-form-success-d83d83988661a72638c9261273ce18aa9b844717\" tabindex=\"-1\" aria-labelledby=\"contact-form-success-header-d83d83988661a72638c9261273ce18aa9b844717\"><p class=\"go-back-message\"><a class=\"link\" role=\"button\" tabindex=\"0\" data-wp-on--click=\"actions.goBack\" href=\"\/index.php\/wp-json\/wp\/v2\/pages\/245\">\u2190 Retour<\/a><\/p><h4 data-wp-bind--aria-hidden=\"state.isSuccessMessageAriaHidden\" id=\"contact-form-success-header-d83d83988661a72638c9261273ce18aa9b844717\">Merci pour votre r\u00e9ponse. \u2728<\/h4>\n\n<template data-wp-each--submission=\"context.formattedSubmissionData\">\n\t\t\t\t\t<div class=\"jetpack_forms_contact-form-success-summary\">\n\t\t\t\t\t\t<div class=\"field-name-wrapper\">\n\t\t\t\t\t\t\t<div class=\"field-type-icon\" data-wp-watch=\"callbacks.watchFieldTypeIcon\"><\/div>\n\t\t\t\t\t\t\t<div class=\"field-name\" data-wp-text=\"context.submission.label\" data-wp-bind--hidden=\"!context.submission.label\"><\/div>\n\t\t\t\t\t\t<\/div>\n\t\t\t\t\t\t<div class=\"field-value\" data-wp-text=\"context.submission.value\" data-wp-bind--hidden=\"!context.submission.showPlainValue\"><\/div>\n\t\t\t\t\t\t<a class=\"field-url\" data-wp-bind--href=\"context.submission.url\" data-wp-text=\"context.submission.value\" data-wp-bind--hidden=\"!context.submission.url\" target=\"_blank\" rel=\"noopener noreferrer\"><\/a>\n\t\t\t\t\t\t<div class=\"field-rating\" data-wp-bind--hidden=\"!context.submission.rating\" data-wp-watch=\"callbacks.watchRatingIcons\"><\/div>\n\t\t\t\t\t\t<div class=\"field-images\" data-wp-bind--hidden=\"!context.submission.images\">\n\t\t\t\t\t\t\t<template data-wp-each--image=\"context.submission.images\">\n\t\t\t\t\t\t\t\t<div class=\"field-image-option\" data-wp-class--is-empty=\"!context.image.src\">\n\t\t\t\t\t\t\t\t\t<figure class=\"field-image-option__image\" data-wp-class--is-empty=\"!context.image.src\">\n\t\t\t\t\t\t\t\t\t\t<img data-wp-bind--src=\"context.image.src\" data-wp-bind--hidden=\"!context.image.src\" \/>\n\t\t\t\t\t\t\t\t\t\t<img decoding=\"async\" src=\"data:image\/gif;base64,R0lGODlhAQABAAD\/ACwAAAAAAQABAAACADs=\" data-wp-bind--hidden=\"context.image.src\" \/>\n\t\t\t\t\t\t\t\t\t<\/figure>\n\t\t\t\t\t\t\t\t\t<div class=\"field-image-option__label-wrapper\">\n\t\t\t\t\t\t\t\t\t\t<span class=\"field-image-option__label-code\" data-wp-text=\"context.image.letterCode\"><\/span>\n\t\t\t\t\t\t\t\t\t\t<span class=\"field-image-option__label\" data-wp-text=\"context.image.label\" data-wp-bind--hidden=\"!context.image.label\"><\/span>\n\t\t\t\t\t\t\t\t\t<\/div>\n\t\t\t\t\t\t\t\t<\/div>\n\t\t\t\t\t\t\t<\/template>\n\t\t\t\t\t\t<\/div>\n\t\t\t\t\t\t<div class=\"field-files\" data-wp-bind--hidden=\"!context.submission.files\">\n\t\t\t\t\t\t\t<template data-wp-each--file=\"context.submission.files\">\n\t\t\t\t\t\t\t\t<div class=\"field-file\">\n\t\t\t\t\t\t\t\t\t<div class=\"field-file__thumbnail\" data-wp-style--background-image=\"context.file.previewUrl\" data-wp-style--mask-image=\"context.file.iconUrl\" data-wp-bind--hidden=\"!context.file.hasPreview\"><\/div>\n\t\t\t\t\t\t\t\t\t<svg class=\"field-file__icon\" data-wp-bind--hidden=\"context.file.hasPreview\" width=\"20\" height=\"20\" viewBox=\"0 0 24 24\" fill=\"none\" xmlns=\"http:\/\/www.w3.org\/2000\/svg\" aria-hidden=\"true\">\n\t\t\t\t\t\t\t\t\t\t<path d=\"M14 2H6C4.9 2 4 2.9 4 4V20C4 21.1 4.89 22 5.99 22H18C19.1 22 20 21.1 20 20V8L14 2ZM18 20H6V4H13V9H18V20Z\" fill=\"currentColor\"\/>\n\t\t\t\t\t\t\t\t\t<\/svg>\n\t\t\t\t\t\t\t\t\t<span class=\"field-file__name\" data-wp-text=\"context.file.name\"><\/span>\n\t\t\t\t\t\t\t\t\t<span class=\"field-file__size\" data-wp-text=\"context.file.size\"><\/span>\n\t\t\t\t\t\t\t\t<\/div>\n\t\t\t\t\t\t\t<\/template>\n\t\t\t\t\t\t<\/div>\n\t\t\t\t\t<\/div>\n\t\t\t\t<\/template><\/div><form action='https:\/\/dominicaineslangeac.fr\/index.php\/contact\/'\n\t\t\t\tid='jp-form-d83d83988661a72638c9261273ce18aa9b844717'\n\t\t\t\tmethod='post'\n\t\t\t\tclass='contact-form commentsblock jetpack-contact-form__form has-no-jetpack-form-layout' aria-label=\"Contact\"\n\t\t\t\tdata-wp-on--submit=\"actions.onFormSubmit\"\n\t\t\t\tdata-wp-on--reset=\"actions.onFormReset\"\n\t\t\t\tdata-wp-class--submission-success=\"context.submissionSuccess\"\n\t\t\t\tdata-wp-class--is-first-step=\"state.isFirstStep\"\n\t\t\t\tdata-wp-class--is-last-step=\"state.isLastStep\"\n\t\t\t\tdata-wp-class--is-ajax-form=\"context.useAjax\"\n\t\t\t\tnovalidate >\n<input type='hidden' name='jetpack_contact_form_jwt' value='eyJ0eXAiOiJKV1QiLCJhbGciOiJIUzI1NiJ9.eyJlbmNyeXB0ZWRfYXR0cmlidXRlcyI6IjI4SnlkV1h6MHNHNGZNK1AwL3JEMEtibzF3aGE1Z1RERmZzSzI5cTZidysyTEZucjh1dFlpUlNvZTRSZkJzeXQ1aSt2VHVKanNWbVBuN1dQeDFuVVRwMmlGY0I2aEl1aVJjUFVOUjQraE5NcUNSV3JoQlFsa04yVFgxNVdKWHdQaHV5ajYxbGxueUowYXpqL0x2WVRnbWtyNXcyZ3k3NlFwVXpEUXFEN3padkRxM3NUQVZtQVZQakZkVWJUckdoM3VaYlNxdkZHb3hIaWp4elF2K3k1ejMxL2ZOcXVNaDZmRE5MZWcvK3NyS1NGQ2xzTkcraDgwZ21jK0tyallTc1pxSTZ4Q2JaMnN0V2VFcjJQbk9xUDZ3YmtHNHQ2QW1KMVU0NVRSVlU1K1RVdkZQY3ZwK1pPMUNUMGYrVHo5YUFUNDZjQXZPcDQ0bVdLZmpBd05qUXY3MkFadDc0eFYyL3c1dSt0aUlQYm13WS9RYVQyamtDdU5KMGxqTmN0M09DZTJiVklqRS9UK3pPMVhaTTZFNDJNRnErSGZucy9VYW9mTm53Z3JOaTdoTnlidVNBUXloRWJpc1NvcmljRFZhR3cwb3ZkSmRaWUhhb3E4OENlSjVwQllOcHBrM3lVMWtaWU1QRHVWbmJqb0lsaWpwOG5DelM3LzBCd1dCU3VGWHVOWjVGQXdQOERZYlZsRUduMWN3UTB2MzQzQTVaLzYrRWtEdExnQ0xXZFRuc21qT0NzMm56VmNWM01FbkYvQzRHS1ZjZ2FleUY5Nk5rVk5mbm5HZzcxTG1HVDBZNVNGMXBjV2FWZmlTSzl5ZjlFVkd6MS9BK3gzNkt5bndLWWJTZVd6d2RsYXdHanc3K0xlUkJkZWNIQWlGdS9Eemh5R0NaNkJWK2JGeFI4Sk9haGJPUncwaG5qYnNkVjlaWlZCbm1hWjVPM09MRmlPdC9zL3o3T255YW5zTFc5cDlZbU1nOU5vaUxaeklFb3k2ZFlmbTVUN0tlZjNWZEQrTks5Rkw4VGZEY29sS25sWDZxZ1RYVnFlWTJySjVFWlBBQ1k5RjJreDdGbDM1b1dqS0t4MTV5ejNPZFpkc2cyRlA4UEZyWnhSeEVOdWRDdEJHRE9wVEh5SDNvbGFNYml4eFdQSVFpZGU5ZmdBVFBsTzkrUUlsWXlKa3hMNHhIMUxPK1hzZndONm5LanRqN1dCVkxaQ1EzbnkzMDk4V2ZscUN5YjRRPT0iLCJjb250ZW50IjoiW2NvbnRhY3QtZmllbGQgbGFiZWw9J05vbScgdHlwZT0nbmFtZScgcmVxdWlyZWQ9JzEnL11bY29udGFjdC1maWVsZCBsYWJlbD0nRS1tYWlsJyB0eXBlPSdlbWFpbCcgcmVxdWlyZWQ9JzEnL11bY29udGFjdC1maWVsZCBsYWJlbD0nRGVtYW5kZSA6JyB0eXBlPSd0ZXh0YXJlYScgcmVxdWlyZWQ9JzEnL10iLCJoYXNoIjoiZDgzZDgzOTg4NjYxYTcyNjM4YzkyNjEyNzNjZTE4YWE5Yjg0NDcxNyIsInNvdXJjZSI6eyJlbnRyeV90aXRsZSI6IkNvbnRhY3QiLCJlbnRyeV9wYWdlIjoxLCJzb3VyY2VfaWQiOjI0NSwic291cmNlX3R5cGUiOiJzaW5nbGUiLCJyZXF1ZXN0X3VybCI6Imh0dHBzOi8vZG9taW5pY2FpbmVzbGFuZ2VhYy5mci93cC1qc29uL3dwL3YyL3BhZ2VzLzI0NSJ9LCJ2ZXJzaW9uIjoyLCJjaXBoZXIiOiJhZXMtMjU2LWdjbSJ9.QAAmtktJlJuZkvXD1vbONF_5bF-oXVUyjlcR_gK27JM' \/>\n\n<div style=\"\"  data-wp-interactive=\"jetpack\/form\" data-wp-context='{\"fieldId\":\"g245-nom\",\"fieldType\":\"name\",\"fieldLabel\":\"Nom\",\"fieldValue\":\"\",\"fieldPlaceholder\":\"\",\"fieldIsRequired\":\"1\",\"fieldErrorMessage\":\"\",\"fieldExtra\":[],\"formHash\":\"d83d83988661a72638c9261273ce18aa9b844717\"}'  class='grunion-field-name-wrap grunion-field-wrap'  data-wp-init='callbacks.initializeField' data-wp-on--jetpack-form-reset='callbacks.initializeField' >\n<label\n\t\t\t\tfor='g245-nom' class=\"grunion-field-label name\" >Nom<span class=\"grunion-label-required\" aria-hidden=\"true\">(obligatoire)<\/span><\/label>\n<input\n\t\t\t\t\ttype='text'\n\t\t\t\t\tname='g245-nom'\n\t\t\t\t\tid='g245-nom'\n\t\t\t\t\tvalue=''\n\n\t\t\t\t\tdata-wp-bind--aria-invalid='state.fieldAriaInvalid'\n\t\t\t\t\tdata-wp-bind--value='state.getFieldValue'\n\t\t\t\t\taria-describedby='g245-nom-text-error-message'\n\t\t\t\t\tdata-wp-on--input='actions.onFieldChange'\n\t\t\t\t\tdata-wp-on--blur='actions.onFieldBlur'\n\t\t\t\t\tdata-wp-class--has-value='state.hasFieldValue'\n\n\t\t\t\t\tclass='name  grunion-field' \n\t\t\t\t\trequired='true' aria-required='true'  \/>\n \n\t\t\t<div id=\"g245-nom-text-error\" class=\"contact-form__input-error\" data-wp-class--has-errors=\"state.fieldHasErrors\">\n\t\t\t\t<span class=\"contact-form__warning-icon\" aria-hidden=\"true\">\n\t\t\t\t\t<svg width=\"16\" height=\"16\" viewBox=\"0 0 16 16\" fill=\"none\" xmlns=\"http:\/\/www.w3.org\/2000\/svg\">\n\t\t\t\t\t\t<path d=\"M8.50015 11.6402H7.50015V10.6402H8.50015V11.6402Z\" \/>\n\t\t\t\t\t\t<path d=\"M7.50015 9.64018H8.50015V6.30684H7.50015V9.64018Z\" \/>\n\t\t\t\t\t\t<path fill-rule=\"evenodd\" clip-rule=\"evenodd\" d=\"M6.98331 3.0947C7.42933 2.30177 8.57096 2.30177 9.01698 3.09469L13.8771 11.7349C14.3145 12.5126 13.7525 13.4735 12.8602 13.4735H3.14004C2.24774 13.4735 1.68575 12.5126 2.12321 11.7349L6.98331 3.0947ZM8.14541 3.58496C8.08169 3.47168 7.9186 3.47168 7.85488 3.58496L2.99478 12.2251C2.93229 12.3362 3.01257 12.4735 3.14004 12.4735H12.8602C12.9877 12.4735 13.068 12.3362 13.0055 12.2251L8.14541 3.58496Z\" \/>\n\t\t\t\t\t<\/svg>\n\t\t\t\t<\/span>\n\t\t\t\t<span data-wp-text=\"state.errorMessage\" id=\"g245-nom-text-error-message\"><\/span>\n\t\t\t<\/div> \n\t<\/div>\n\n<div style=\"\"  data-wp-interactive=\"jetpack\/form\" data-wp-context='{\"fieldId\":\"g245-email\",\"fieldType\":\"email\",\"fieldLabel\":\"E-mail\",\"fieldValue\":\"\",\"fieldPlaceholder\":\"\",\"fieldIsRequired\":\"1\",\"fieldErrorMessage\":\"\",\"fieldExtra\":[],\"formHash\":\"d83d83988661a72638c9261273ce18aa9b844717\"}'  class='grunion-field-email-wrap grunion-field-wrap'  data-wp-init='callbacks.initializeField' data-wp-on--jetpack-form-reset='callbacks.initializeField' >\n<label\n\t\t\t\tfor='g245-email' class=\"grunion-field-label email\" >E-mail<span class=\"grunion-label-required\" aria-hidden=\"true\">(obligatoire)<\/span><\/label>\n<input\n\t\t\t\t\ttype='email'\n\t\t\t\t\tname='g245-email'\n\t\t\t\t\tid='g245-email'\n\t\t\t\t\tvalue=''\n\n\t\t\t\t\tdata-wp-bind--aria-invalid='state.fieldAriaInvalid'\n\t\t\t\t\tdata-wp-bind--value='state.getFieldValue'\n\t\t\t\t\taria-describedby='g245-email-email-error-message'\n\t\t\t\t\tdata-wp-on--input='actions.onFieldChange'\n\t\t\t\t\tdata-wp-on--blur='actions.onFieldBlur'\n\t\t\t\t\tdata-wp-class--has-value='state.hasFieldValue'\n\n\t\t\t\t\tclass='email  grunion-field' \n\t\t\t\t\trequired='true' aria-required='true'  \/>\n \n\t\t\t<div id=\"g245-email-email-error\" class=\"contact-form__input-error\" data-wp-class--has-errors=\"state.fieldHasErrors\">\n\t\t\t\t<span class=\"contact-form__warning-icon\" aria-hidden=\"true\">\n\t\t\t\t\t<svg width=\"16\" height=\"16\" viewBox=\"0 0 16 16\" fill=\"none\" xmlns=\"http:\/\/www.w3.org\/2000\/svg\">\n\t\t\t\t\t\t<path d=\"M8.50015 11.6402H7.50015V10.6402H8.50015V11.6402Z\" \/>\n\t\t\t\t\t\t<path d=\"M7.50015 9.64018H8.50015V6.30684H7.50015V9.64018Z\" \/>\n\t\t\t\t\t\t<path fill-rule=\"evenodd\" clip-rule=\"evenodd\" d=\"M6.98331 3.0947C7.42933 2.30177 8.57096 2.30177 9.01698 3.09469L13.8771 11.7349C14.3145 12.5126 13.7525 13.4735 12.8602 13.4735H3.14004C2.24774 13.4735 1.68575 12.5126 2.12321 11.7349L6.98331 3.0947ZM8.14541 3.58496C8.08169 3.47168 7.9186 3.47168 7.85488 3.58496L2.99478 12.2251C2.93229 12.3362 3.01257 12.4735 3.14004 12.4735H12.8602C12.9877 12.4735 13.068 12.3362 13.0055 12.2251L8.14541 3.58496Z\" \/>\n\t\t\t\t\t<\/svg>\n\t\t\t\t<\/span>\n\t\t\t\t<span data-wp-text=\"state.errorMessage\" id=\"g245-email-email-error-message\"><\/span>\n\t\t\t<\/div> \n\t<\/div>\n\n<div style=\"\"  data-wp-interactive=\"jetpack\/form\" data-wp-context='{\"fieldId\":\"g245-demande\",\"fieldType\":\"textarea\",\"fieldLabel\":\"Demande :\",\"fieldValue\":\"\",\"fieldPlaceholder\":\"\",\"fieldIsRequired\":\"1\",\"fieldErrorMessage\":\"\",\"fieldExtra\":[],\"formHash\":\"d83d83988661a72638c9261273ce18aa9b844717\"}'  class='grunion-field-textarea-wrap grunion-field-wrap'  data-wp-init='callbacks.initializeField' data-wp-on--jetpack-form-reset='callbacks.initializeField' >\n<label\n\t\t\t\tfor='contact-form-comment-g245-demande' class=\"grunion-field-label textarea\" >Demande :<span class=\"grunion-label-required\" aria-hidden=\"true\">(obligatoire)<\/span><\/label>\n<textarea\n\t\t                style=''\n\t\t                name='g245-demande'\n\t\t                id='contact-form-comment-g245-demande'\n\t\t                rows='20'\n\t\t\t\t\t\tdata-wp-text='state.getFieldValue'\n\t\t\t\t\t\tdata-wp-on--input='actions.onFieldChange'\n\t\t\t\t\t\tdata-wp-on--blur='actions.onFieldBlur'\n\t\t\t\t\t\tdata-wp-class--has-value='state.hasFieldValue'\n\t\t\t\t\t\taria-describedby='g245-demande-textarea-error-message'\n\t\t\t\t\t\tdata-wp-bind--aria-invalid='state.fieldAriaInvalid'\n\t\t\t\t\t\tclass='textarea  grunion-field'  required aria-required='true'><\/textarea>\n \n\t\t\t<div id=\"g245-demande-textarea-error\" class=\"contact-form__input-error\" data-wp-class--has-errors=\"state.fieldHasErrors\">\n\t\t\t\t<span class=\"contact-form__warning-icon\" aria-hidden=\"true\">\n\t\t\t\t\t<svg width=\"16\" height=\"16\" viewBox=\"0 0 16 16\" fill=\"none\" xmlns=\"http:\/\/www.w3.org\/2000\/svg\">\n\t\t\t\t\t\t<path d=\"M8.50015 11.6402H7.50015V10.6402H8.50015V11.6402Z\" \/>\n\t\t\t\t\t\t<path d=\"M7.50015 9.64018H8.50015V6.30684H7.50015V9.64018Z\" \/>\n\t\t\t\t\t\t<path fill-rule=\"evenodd\" clip-rule=\"evenodd\" d=\"M6.98331 3.0947C7.42933 2.30177 8.57096 2.30177 9.01698 3.09469L13.8771 11.7349C14.3145 12.5126 13.7525 13.4735 12.8602 13.4735H3.14004C2.24774 13.4735 1.68575 12.5126 2.12321 11.7349L6.98331 3.0947ZM8.14541 3.58496C8.08169 3.47168 7.9186 3.47168 7.85488 3.58496L2.99478 12.2251C2.93229 12.3362 3.01257 12.4735 3.14004 12.4735H12.8602C12.9877 12.4735 13.068 12.3362 13.0055 12.2251L8.14541 3.58496Z\" \/>\n\t\t\t\t\t<\/svg>\n\t\t\t\t<\/span>\n\t\t\t\t<span data-wp-text=\"state.errorMessage\" id=\"g245-demande-textarea-error-message\"><\/span>\n\t\t\t<\/div>\n\t<\/div>\n\t<p class='contact-submit'>\n<div class=\"contact-form__error\" data-wp-class--show-errors=\"state.showFormErrors\"><span class=\"contact-form__warning-icon\" aria-hidden=\"true\"><i><\/i><\/span><span class=\"contact-form__error-message\" tabindex=\"-1\" data-wp-watch=\"callbacks.focusOnValidationError\" data-wp-text=\"state.getFormErrorMessage\"><\/span><ul aria-label=\"Erreurs de formulaire\">\n\t\t\t\t<template data-wp-each=\"state.getErrorList\" data-wp-key=\"context.item.id\">\n\t\t\t\t\t<li><a data-wp-bind--href=\"context.item.anchor\" data-wp-on--click=\"actions.scrollIntoView\" data-wp-text=\"context.item.label\"><\/a><\/li>\n\t\t\t\t<\/template>\n\t\t\t\t<\/ul><\/div><div class=\"contact-form__error\" data-wp-class--show-errors=\"state.showSubmissionError\" data-wp-text=\"context.submissionError\" tabindex=\"-1\" data-wp-watch=\"callbacks.focusOnSubmissionError\"><\/div>\t\t<button type='submit' class='pushbutton-wide'>Envoyer<\/button>\t\t<input type='hidden' name='contact-form-id' value='245' \/>\n\t\t<input type='hidden' name='action' value='grunion-contact-form' \/>\n\t\t<input type='hidden' name='contact-form-hash' value='d83d83988661a72638c9261273ce18aa9b844717' \/>\n\t<\/p>\n<p style=\"display: none !important;\" class=\"akismet-fields-container\" data-prefix=\"ak_\"><label>&#916;<textarea name=\"ak_hp_textarea\" cols=\"45\" rows=\"8\" maxlength=\"100\"><\/textarea><\/label><input type=\"hidden\" id=\"ak_js_1\" name=\"ak_js\" value=\"65\"\/><script>document.getElementById( \"ak_js_1\" ).setAttribute( \"value\", ( new Date() ).getTime() );<\/script><\/p><\/form>\n<\/div>\n","protected":false},"excerpt":{"rendered":"<p>Localisation GPS de Langeac x\u00a0: 691166 \/\u00a0y\u00a0: 2011556 ou\u00a0Longitude 3\u00b0 29\u2019 40\u2019\u2019 E \/\u00a0Latitude 45\u00b0 05\u2019 55\u2019\u2019 N Venir en train De nombreux trains dont le Paris-Clermont-N\u00eemes \/ Marseille -N\u00eemes-Clermont desservent les Gorges de l\u2019Allier via Langeac + Liaisons TGV \u00e0 Saint-Etienne et Lyon via Le Puy-en-Velay Renseignements SNCF\u00a0:\u00a0\u00a0http:\/\/www.ter.sncf.com\/auvergne\u00a0 Venir en voiture De Clermont-Ferrand, prendre [&hellip;]<\/p>\n","protected":false},"author":1,"featured_media":0,"parent":0,"menu_order":8,"comment_status":"closed","ping_status":"closed","template":"","meta":{"advanced_seo_description":"","jetpack_seo_html_title":"","jetpack_seo_noindex":false,"jetpack_post_was_ever_published":false,"footnotes":""},"class_list":["post-245","page","type-page","status-publish","czr-hentry"],"jetpack_sharing_enabled":true,"jetpack_shortlink":"https:\/\/wp.me\/P7P1cC-3X","jetpack-related-posts":[{"id":429,"url":"https:\/\/dominicaineslangeac.fr\/index.php\/regle-de-vie\/ordre-dominicain\/","url_meta":{"origin":245,"position":0},"title":"Ordre dominicain","author":"Monast\u00e8re Ste Catherine","date":"10 octobre 2016","format":false,"excerpt":"A la suite de saint Dominique N\u00e9 au XIIIe si\u00e8cle du d\u00e9sir br\u00fblant de saint Dominique de \u00ab\u00a0se donner tout entier au salut des hommes comme le Christ l\u2019a fait lui-m\u00eame\u00a0\u00bb, l\u2019Ordre des Pr\u00eacheurs est au service de l\u2019annonce de la Parole de Dieu et de la V\u00e9rit\u00e9 de l\u2019\u00c9vangile.\u2026","rel":"","context":"Article similaire","block_context":{"text":"Article similaire","link":""},"img":{"alt_text":"","src":"https:\/\/i0.wp.com\/dominicaineslangeac.fr\/wp-content\/uploads\/2016\/10\/Statue-St-Dom-encadre-182x300.jpg?resize=350%2C200","width":350,"height":200},"classes":[]},{"id":418,"url":"https:\/\/dominicaineslangeac.fr\/index.php\/agnes-de-langeac\/la-vie-dagnes-de-langeac\/","url_meta":{"origin":245,"position":1},"title":"La vie de la bienheureuse Agn\u00e8s","author":"Monast\u00e8re Ste Catherine","date":"10 octobre 2016","format":false,"excerpt":"\u00a0Fond\u00e9e en 1623, la communaut\u00e9 compte parmi ses fondatrices une jeune fille du Puy en Velay, s\u0153ur Agn\u00e8s de J\u00e9sus Galand. N\u00e9e le 17 novembre 1602, elle est re\u00e7ue dans l\u2019Ordre de saint Dominique, comme tertiaire, en 1621. Elle aime \u00e0 entourer les futures mamans de sa sollicitude. En 1623,\u2026","rel":"","context":"Article similaire","block_context":{"text":"Article similaire","link":""},"img":{"alt_text":"","src":"https:\/\/i0.wp.com\/dominicaineslangeac.fr\/wp-content\/uploads\/2016\/10\/Bse-Agn%C3%A8s-de-Langeac-207x300.jpg?resize=350%2C200","width":350,"height":200},"classes":[]},{"id":850,"url":"https:\/\/dominicaineslangeac.fr\/index.php\/regle-de-vie\/histoire-du-monastere\/","url_meta":{"origin":245,"position":2},"title":"Histoire du Monast\u00e8re","author":"Monast\u00e8re Ste Catherine","date":"12 avril 2017","format":false,"excerpt":"La fondation du monast\u00e8re et son histoire se placent sous l\u2019angle du renouveau dominicain de la premi\u00e8re moiti\u00e9 du XVIIe si\u00e8cle en France. Trente-deux fondations voient le jour \u00e0 partir de deux souches, les monast\u00e8res de Sainte Catherine de Sienne de Toulouse et de Sainte Prax\u00e8de d\u2019Avignon. C\u2019est ce dernier\u2026","rel":"","context":"Article similaire","block_context":{"text":"Article similaire","link":""},"img":{"alt_text":"","src":"https:\/\/i0.wp.com\/dominicaineslangeac.fr\/wp-content\/uploads\/2016\/10\/The_Perugia_Altarpiece_Side_Panel_Depicting_St._Dominic.jpg?resize=350%2C200","width":350,"height":200},"classes":[]},{"id":463,"url":"https:\/\/dominicaineslangeac.fr\/index.php\/agnes-de-langeac\/chemin-mere-agnes\/","url_meta":{"origin":245,"position":3},"title":"Chemin M\u00e8re Agn\u00e8s","author":"Monast\u00e8re Ste Catherine","date":"20 f\u00e9vrier 2017","format":false,"excerpt":"Du Puy en Velay \u00e0 Langeac\u00a0sur les pas d\u2019une mystique\u00a0du Grand si\u00e8cle. Agn\u00e8s de J\u00e9sus Galand (Le Puy-en-Velay 1602\u00a0-\u00a0Langeac 1634) fut tertiaire dominicaine au Puy avant d\u2019entrer au monast\u00e8re de Langeac. Toute la vie d\u2019Agn\u00e8s est un enseignement, la pr\u00e9cocit\u00e9 de sa cons\u00e9cration \u00e0 Marie et son v\u0153u de virginit\u00e9,\u2026","rel":"","context":"Article similaire","block_context":{"text":"Article similaire","link":""},"img":{"alt_text":"","src":"https:\/\/i0.wp.com\/dominicaineslangeac.fr\/wp-content\/uploads\/2017\/02\/Promenade-5.jpg?fit=1200%2C900&ssl=1&resize=350%2C200","width":350,"height":200,"srcset":"https:\/\/i0.wp.com\/dominicaineslangeac.fr\/wp-content\/uploads\/2017\/02\/Promenade-5.jpg?fit=1200%2C900&ssl=1&resize=350%2C200 1x, https:\/\/i0.wp.com\/dominicaineslangeac.fr\/wp-content\/uploads\/2017\/02\/Promenade-5.jpg?fit=1200%2C900&ssl=1&resize=525%2C300 1.5x, https:\/\/i0.wp.com\/dominicaineslangeac.fr\/wp-content\/uploads\/2017\/02\/Promenade-5.jpg?fit=1200%2C900&ssl=1&resize=700%2C400 2x, https:\/\/i0.wp.com\/dominicaineslangeac.fr\/wp-content\/uploads\/2017\/02\/Promenade-5.jpg?fit=1200%2C900&ssl=1&resize=1050%2C600 3x"},"classes":[]},{"id":21,"url":"https:\/\/dominicaineslangeac.fr\/index.php\/nos-activites\/magasin\/","url_meta":{"origin":245,"position":4},"title":"Magasin","author":"Monast\u00e8re Ste Catherine","date":"20 ao\u00fbt 2016","format":false,"excerpt":"Vente sur place ou par correspondance Ic\u00f4nes coll\u00e9es Plusieurs formats : 7\u20ac - 28\u20ac Cartes personnalis\u00e9es Merci Anniversaires Citations Bienheureuse Agn\u00e8s Avec enveloppe : 2,50 \u20ac Chapelets et rosaires Dizainier : 3,20 \u20ac - 6,30 \u20ac Chapelet : 8,40 \u20ac Rosaire : 15 \u20ac Livres Sur Agn\u00e8s de Langeac M\u00e9moires\u2026","rel":"","context":"Article similaire","block_context":{"text":"Article similaire","link":""},"img":{"alt_text":"","src":"https:\/\/i0.wp.com\/dominicaineslangeac.fr\/wp-content\/uploads\/2016\/08\/magasin-700x413.jpg?resize=350%2C200","width":350,"height":200,"srcset":"https:\/\/i0.wp.com\/dominicaineslangeac.fr\/wp-content\/uploads\/2016\/08\/magasin-700x413.jpg?resize=350%2C200 1x, https:\/\/i0.wp.com\/dominicaineslangeac.fr\/wp-content\/uploads\/2016\/08\/magasin-700x413.jpg?resize=525%2C300 1.5x, https:\/\/i0.wp.com\/dominicaineslangeac.fr\/wp-content\/uploads\/2016\/08\/magasin-700x413.jpg?resize=700%2C400 2x"},"classes":[]},{"id":893,"url":"https:\/\/dominicaineslangeac.fr\/index.php\/page-jeunes\/vocation-religieuse\/","url_meta":{"origin":245,"position":5},"title":"Vocation religieuse","author":"Monast\u00e8re Ste Catherine","date":"23 avril 2017","format":false,"excerpt":"Trouver sa vocation est la chose la plus importante de notre vie. Cette d\u00e9cision aura des implications pour tout notre futur, et notre bonheur en d\u00e9pend. Elle demande un discernement soigneux, prenant en compte tout ce que nous sommes sous le regard de Dieu (nos dons, nos d\u00e9sirs profonds, nos\u2026","rel":"","context":"Article similaire","block_context":{"text":"Article similaire","link":""},"img":{"alt_text":"","src":"https:\/\/i0.wp.com\/dominicaineslangeac.fr\/wp-content\/uploads\/2016\/08\/st-dominique2.png?resize=350%2C200","width":350,"height":200,"srcset":"https:\/\/i0.wp.com\/dominicaineslangeac.fr\/wp-content\/uploads\/2016\/08\/st-dominique2.png?resize=350%2C200 1x, https:\/\/i0.wp.com\/dominicaineslangeac.fr\/wp-content\/uploads\/2016\/08\/st-dominique2.png?resize=525%2C300 1.5x, https:\/\/i0.wp.com\/dominicaineslangeac.fr\/wp-content\/uploads\/2016\/08\/st-dominique2.png?resize=700%2C400 2x"},"classes":[]}],"_links":{"self":[{"href":"https:\/\/dominicaineslangeac.fr\/index.php\/wp-json\/wp\/v2\/pages\/245","targetHints":{"allow":["GET"]}}],"collection":[{"href":"https:\/\/dominicaineslangeac.fr\/index.php\/wp-json\/wp\/v2\/pages"}],"about":[{"href":"https:\/\/dominicaineslangeac.fr\/index.php\/wp-json\/wp\/v2\/types\/page"}],"author":[{"embeddable":true,"href":"https:\/\/dominicaineslangeac.fr\/index.php\/wp-json\/wp\/v2\/users\/1"}],"replies":[{"embeddable":true,"href":"https:\/\/dominicaineslangeac.fr\/index.php\/wp-json\/wp\/v2\/comments?post=245"}],"version-history":[{"count":21,"href":"https:\/\/dominicaineslangeac.fr\/index.php\/wp-json\/wp\/v2\/pages\/245\/revisions"}],"predecessor-version":[{"id":4362,"href":"https:\/\/dominicaineslangeac.fr\/index.php\/wp-json\/wp\/v2\/pages\/245\/revisions\/4362"}],"wp:attachment":[{"href":"https:\/\/dominicaineslangeac.fr\/index.php\/wp-json\/wp\/v2\/media?parent=245"}],"curies":[{"name":"wp","href":"https:\/\/api.w.org\/{rel}","templated":true}]}}