{"id":23,"date":"2017-02-20T10:48:13","date_gmt":"2017-02-20T09:48:13","guid":{"rendered":"http:\/\/dominicaineslangeac.fr\/?page_id=23"},"modified":"2017-04-12T15:41:28","modified_gmt":"2017-04-12T14:41:28","slug":"imprimerie","status":"publish","type":"page","link":"https:\/\/dominicaineslangeac.fr\/index.php\/nos-activites\/imprimerie\/","title":{"rendered":"Reliure artisanale traditionnelle"},"content":{"rendered":"<p>&nbsp;<\/p>\n<p><span style=\"font-size: 12pt;\"><img data-recalc-dims=\"1\" loading=\"lazy\" decoding=\"async\" data-attachment-id=\"845\" data-permalink=\"https:\/\/dominicaineslangeac.fr\/index.php\/nos-activites\/imprimerie\/img_1704\/\" data-orig-file=\"https:\/\/i0.wp.com\/dominicaineslangeac.fr\/wp-content\/uploads\/2017\/02\/IMG_1704.jpg?fit=3648%2C2736&amp;ssl=1\" data-orig-size=\"3648,2736\" data-comments-opened=\"0\" data-image-meta=\"{&quot;aperture&quot;:&quot;2.7&quot;,&quot;credit&quot;:&quot;&quot;,&quot;camera&quot;:&quot;Canon PowerShot A3000 IS&quot;,&quot;caption&quot;:&quot;&quot;,&quot;created_timestamp&quot;:&quot;1367835364&quot;,&quot;copyright&quot;:&quot;&quot;,&quot;focal_length&quot;:&quot;6.2&quot;,&quot;iso&quot;:&quot;250&quot;,&quot;shutter_speed&quot;:&quot;0.016666666666667&quot;,&quot;title&quot;:&quot;&quot;,&quot;orientation&quot;:&quot;1&quot;}\" data-image-title=\"IMG_1704\" data-image-description=\"\" data-image-caption=\"\" data-large-file=\"https:\/\/i0.wp.com\/dominicaineslangeac.fr\/wp-content\/uploads\/2017\/02\/IMG_1704.jpg?fit=700%2C525&amp;ssl=1\" class=\"alignnone size-medium wp-image-845\" src=\"https:\/\/i0.wp.com\/dominicaineslangeac.fr\/wp-content\/uploads\/2017\/02\/IMG_1704-300x225.jpg?resize=300%2C225\" alt=\"\" width=\"300\" height=\"225\" srcset=\"https:\/\/i0.wp.com\/dominicaineslangeac.fr\/wp-content\/uploads\/2017\/02\/IMG_1704.jpg?resize=300%2C225&amp;ssl=1 300w, https:\/\/i0.wp.com\/dominicaineslangeac.fr\/wp-content\/uploads\/2017\/02\/IMG_1704.jpg?resize=768%2C576&amp;ssl=1 768w, https:\/\/i0.wp.com\/dominicaineslangeac.fr\/wp-content\/uploads\/2017\/02\/IMG_1704.jpg?resize=700%2C525&amp;ssl=1 700w, https:\/\/i0.wp.com\/dominicaineslangeac.fr\/wp-content\/uploads\/2017\/02\/IMG_1704.jpg?w=2340&amp;ssl=1 2340w, https:\/\/i0.wp.com\/dominicaineslangeac.fr\/wp-content\/uploads\/2017\/02\/IMG_1704.jpg?w=3510&amp;ssl=1 3510w\" sizes=\"auto, (max-width: 300px) 100vw, 300px\" \/><\/span><\/p>\n<hr \/>\n<p><span style=\"font-size: 12pt;\">Vous d\u00e9sirez conserver et mettre en valeur vos documents de travail.<\/span><br \/>\n<span style=\"font-size: 12pt;\"> Vous aimez les beaux livres,\u00a0ou encore vous cherchez une id\u00e9e de cadeau.<\/span><br \/>\n<span style=\"font-size: 12pt;\"> <span class=\"style_3\">Une reliure solide, <\/span><span class=\"style_4\">sobre en cuir ou en toile pour conserver tout ouvrage pr\u00e9cieux ou indispensable.<\/span><\/span><\/p>\n<hr \/>\n<p><img data-recalc-dims=\"1\" loading=\"lazy\" decoding=\"async\" data-attachment-id=\"843\" data-permalink=\"https:\/\/dominicaineslangeac.fr\/index.php\/nos-activites\/imprimerie\/dsc02882\/\" data-orig-file=\"https:\/\/i0.wp.com\/dominicaineslangeac.fr\/wp-content\/uploads\/2017\/02\/DSC02882.jpg?fit=4896%2C3672&amp;ssl=1\" data-orig-size=\"4896,3672\" data-comments-opened=\"0\" data-image-meta=\"{&quot;aperture&quot;:&quot;3.5&quot;,&quot;credit&quot;:&quot;&quot;,&quot;camera&quot;:&quot;DSC-HX90&quot;,&quot;caption&quot;:&quot;&quot;,&quot;created_timestamp&quot;:&quot;1490270352&quot;,&quot;copyright&quot;:&quot;&quot;,&quot;focal_length&quot;:&quot;4.1&quot;,&quot;iso&quot;:&quot;200&quot;,&quot;shutter_speed&quot;:&quot;0.033333333333333&quot;,&quot;title&quot;:&quot;&quot;,&quot;orientation&quot;:&quot;1&quot;}\" data-image-title=\"DSC02882\" data-image-description=\"\" data-image-caption=\"\" data-large-file=\"https:\/\/i0.wp.com\/dominicaineslangeac.fr\/wp-content\/uploads\/2017\/02\/DSC02882.jpg?fit=700%2C525&amp;ssl=1\" class=\"wp-image-843 size-large alignnone\" src=\"https:\/\/i0.wp.com\/dominicaineslangeac.fr\/wp-content\/uploads\/2017\/02\/DSC02882-700x525.jpg?resize=700%2C525\" width=\"700\" height=\"525\" srcset=\"https:\/\/i0.wp.com\/dominicaineslangeac.fr\/wp-content\/uploads\/2017\/02\/DSC02882.jpg?resize=700%2C525&amp;ssl=1 700w, https:\/\/i0.wp.com\/dominicaineslangeac.fr\/wp-content\/uploads\/2017\/02\/DSC02882.jpg?resize=300%2C225&amp;ssl=1 300w, https:\/\/i0.wp.com\/dominicaineslangeac.fr\/wp-content\/uploads\/2017\/02\/DSC02882.jpg?resize=768%2C576&amp;ssl=1 768w, https:\/\/i0.wp.com\/dominicaineslangeac.fr\/wp-content\/uploads\/2017\/02\/DSC02882.jpg?w=2340&amp;ssl=1 2340w, https:\/\/i0.wp.com\/dominicaineslangeac.fr\/wp-content\/uploads\/2017\/02\/DSC02882.jpg?w=3510&amp;ssl=1 3510w\" sizes=\"auto, (max-width: 700px) 100vw, 700px\" \/><\/p>\n<hr \/>\n<p>Contacter l&rsquo;atelier de reliure:<\/p>\n<p><img data-recalc-dims=\"1\" loading=\"lazy\" decoding=\"async\" data-attachment-id=\"751\" data-permalink=\"https:\/\/dominicaineslangeac.fr\/index.php\/nos-activites\/imprimerie-2\/reliure_coord\/\" data-orig-file=\"https:\/\/i0.wp.com\/dominicaineslangeac.fr\/wp-content\/uploads\/2017\/02\/reliure_coord.jpg?fit=300%2C96&amp;ssl=1\" data-orig-size=\"300,96\" data-comments-opened=\"0\" data-image-meta=\"{&quot;aperture&quot;:&quot;0&quot;,&quot;credit&quot;:&quot;&quot;,&quot;camera&quot;:&quot;&quot;,&quot;caption&quot;:&quot;&quot;,&quot;created_timestamp&quot;:&quot;1417085427&quot;,&quot;copyright&quot;:&quot;&quot;,&quot;focal_length&quot;:&quot;0&quot;,&quot;iso&quot;:&quot;0&quot;,&quot;shutter_speed&quot;:&quot;0&quot;,&quot;title&quot;:&quot;&quot;,&quot;orientation&quot;:&quot;0&quot;}\" data-image-title=\"reliure_coord\" data-image-description=\"\" data-image-caption=\"\" data-large-file=\"https:\/\/i0.wp.com\/dominicaineslangeac.fr\/wp-content\/uploads\/2017\/02\/reliure_coord.jpg?fit=300%2C96&amp;ssl=1\" class=\"wp-image-751 size-full alignleft\" src=\"https:\/\/i0.wp.com\/dominicaineslangeac.fr\/wp-content\/uploads\/2017\/02\/reliure_coord.jpg?resize=300%2C96\" width=\"300\" height=\"96\" \/><\/p>\n","protected":false},"excerpt":{"rendered":"<p>&nbsp; Vous d\u00e9sirez conserver et mettre en valeur vos documents de travail. Vous aimez les beaux livres,\u00a0ou encore vous cherchez une id\u00e9e de cadeau. Une reliure solide, sobre en cuir ou en toile pour conserver tout ouvrage pr\u00e9cieux ou indispensable. Contacter l&rsquo;atelier de reliure:<\/p>\n","protected":false},"author":1,"featured_media":478,"parent":7,"menu_order":3,"comment_status":"closed","ping_status":"closed","template":"","meta":{"advanced_seo_description":"","jetpack_seo_html_title":"","jetpack_seo_noindex":false,"jetpack_post_was_ever_published":false,"footnotes":""},"class_list":["post-23","page","type-page","status-publish","has-post-thumbnail","czr-hentry"],"jetpack_sharing_enabled":false,"jetpack_shortlink":"https:\/\/wp.me\/P7P1cC-n","jetpack-related-posts":[{"id":452,"url":"https:\/\/dominicaineslangeac.fr\/index.php\/nos-activites\/imprimerie-2\/","url_meta":{"origin":23,"position":0},"title":"Imprimerie","author":"Monast\u00e8re Ste Catherine","date":"18 f\u00e9vrier 2017","format":false,"excerpt":"\u00a0 impression num\u00e9rique noir et blanc et couleur livres, revues, plaquettes cartes de visite, de pr\u00e9sentation faire-part classiques de mariage et de naissance en-t\u00eates, factures, tracts et d\u00e9pliants reprographie couleur et noir et blanc reliure routage Contacter l'imprimerie: \u00a0\u00a0 \u00a0 \u00a0","rel":"","context":"Article similaire","block_context":{"text":"Article similaire","link":""},"img":{"alt_text":"","src":"https:\/\/i0.wp.com\/dominicaineslangeac.fr\/wp-content\/uploads\/2017\/02\/44-e1487583089698.jpg?fit=1200%2C561&ssl=1&resize=350%2C200","width":350,"height":200,"srcset":"https:\/\/i0.wp.com\/dominicaineslangeac.fr\/wp-content\/uploads\/2017\/02\/44-e1487583089698.jpg?fit=1200%2C561&ssl=1&resize=350%2C200 1x, https:\/\/i0.wp.com\/dominicaineslangeac.fr\/wp-content\/uploads\/2017\/02\/44-e1487583089698.jpg?fit=1200%2C561&ssl=1&resize=525%2C300 1.5x, https:\/\/i0.wp.com\/dominicaineslangeac.fr\/wp-content\/uploads\/2017\/02\/44-e1487583089698.jpg?fit=1200%2C561&ssl=1&resize=700%2C400 2x, https:\/\/i0.wp.com\/dominicaineslangeac.fr\/wp-content\/uploads\/2017\/02\/44-e1487583089698.jpg?fit=1200%2C561&ssl=1&resize=1050%2C600 3x"},"classes":[]}],"_links":{"self":[{"href":"https:\/\/dominicaineslangeac.fr\/index.php\/wp-json\/wp\/v2\/pages\/23","targetHints":{"allow":["GET"]}}],"collection":[{"href":"https:\/\/dominicaineslangeac.fr\/index.php\/wp-json\/wp\/v2\/pages"}],"about":[{"href":"https:\/\/dominicaineslangeac.fr\/index.php\/wp-json\/wp\/v2\/types\/page"}],"author":[{"embeddable":true,"href":"https:\/\/dominicaineslangeac.fr\/index.php\/wp-json\/wp\/v2\/users\/1"}],"replies":[{"embeddable":true,"href":"https:\/\/dominicaineslangeac.fr\/index.php\/wp-json\/wp\/v2\/comments?post=23"}],"version-history":[{"count":26,"href":"https:\/\/dominicaineslangeac.fr\/index.php\/wp-json\/wp\/v2\/pages\/23\/revisions"}],"predecessor-version":[{"id":849,"href":"https:\/\/dominicaineslangeac.fr\/index.php\/wp-json\/wp\/v2\/pages\/23\/revisions\/849"}],"up":[{"embeddable":true,"href":"https:\/\/dominicaineslangeac.fr\/index.php\/wp-json\/wp\/v2\/pages\/7"}],"wp:featuredmedia":[{"embeddable":true,"href":"https:\/\/dominicaineslangeac.fr\/index.php\/wp-json\/wp\/v2\/media\/478"}],"wp:attachment":[{"href":"https:\/\/dominicaineslangeac.fr\/index.php\/wp-json\/wp\/v2\/media?parent=23"}],"curies":[{"name":"wp","href":"https:\/\/api.w.org\/{rel}","templated":true}]}}