{"id":2,"date":"2016-08-19T17:51:42","date_gmt":"2016-08-19T16:51:42","guid":{"rendered":"http:\/\/dominicaineslangeac.fr\/?page_id=2"},"modified":"2025-01-06T11:17:11","modified_gmt":"2025-01-06T10:17:11","slug":"agnes-de-langeac","status":"publish","type":"page","link":"https:\/\/dominicaineslangeac.fr\/index.php\/agnes-de-langeac\/","title":{"rendered":"Agn\u00e8s de Langeac"},"content":{"rendered":"","protected":false},"excerpt":{"rendered":"","protected":false},"author":1,"featured_media":378,"parent":0,"menu_order":4,"comment_status":"closed","ping_status":"closed","template":"","meta":{"advanced_seo_description":"","jetpack_seo_html_title":"","jetpack_seo_noindex":false,"jetpack_post_was_ever_published":false,"footnotes":""},"class_list":["post-2","page","type-page","status-publish","has-post-thumbnail","czr-hentry"],"jetpack_sharing_enabled":true,"jetpack_shortlink":"https:\/\/wp.me\/P7P1cC-2","jetpack-related-posts":[{"id":21,"url":"https:\/\/dominicaineslangeac.fr\/index.php\/nos-activites\/magasin\/","url_meta":{"origin":2,"position":0},"title":"Magasin","author":"Monast\u00e8re Ste Catherine","date":"20 ao\u00fbt 2016","format":false,"excerpt":"Vente sur place ou par correspondance Ic\u00f4nes coll\u00e9es Plusieurs formats : 7\u20ac - 28\u20ac Cartes personnalis\u00e9es Merci Anniversaires Citations Bienheureuse Agn\u00e8s Avec enveloppe : 2,50 \u20ac Chapelets et rosaires Dizainier : 3,20 \u20ac - 6,30 \u20ac Chapelet : 8,40 \u20ac Rosaire : 15 \u20ac Livres Sur Agn\u00e8s de Langeac M\u00e9moires\u2026","rel":"","context":"Article similaire","block_context":{"text":"Article similaire","link":""},"img":{"alt_text":"","src":"https:\/\/i0.wp.com\/dominicaineslangeac.fr\/wp-content\/uploads\/2016\/08\/magasin-700x413.jpg?resize=350%2C200","width":350,"height":200,"srcset":"https:\/\/i0.wp.com\/dominicaineslangeac.fr\/wp-content\/uploads\/2016\/08\/magasin-700x413.jpg?resize=350%2C200 1x, https:\/\/i0.wp.com\/dominicaineslangeac.fr\/wp-content\/uploads\/2016\/08\/magasin-700x413.jpg?resize=525%2C300 1.5x, https:\/\/i0.wp.com\/dominicaineslangeac.fr\/wp-content\/uploads\/2016\/08\/magasin-700x413.jpg?resize=700%2C400 2x"},"classes":[]},{"id":702,"url":"https:\/\/dominicaineslangeac.fr\/index.php\/agnes-de-langeac\/pelerinage\/","url_meta":{"origin":2,"position":1},"title":"Lieu de p\u00e8lerinage","author":"Monast\u00e8re Ste Catherine","date":"7 mars 2017","format":false,"excerpt":"\u00a0 M\u00e8re Agn\u00e8s a \u00e9t\u00e9 proclam\u00e9e \u00a0\"v\u00e9n\u00e9rable\" par le pape Pie VII le 19. mars 1808.\u00a0\u00a0Elle a \u00e9t\u00e9 b\u00e9atifi\u00e9e par le pape\u00a0Jean-Paul II\u00a0\u00a0le 20 novembre 1994. Son corps repose dans la chapelle des dominicaines de Langeac. \u00a0Vous \u00eates invit\u00e9 \u00e0 d\u00e9poser vos intentions aupr\u00e8s de sa ch\u00e2sse.","rel":"","context":"Article similaire","block_context":{"text":"Article similaire","link":""},"img":{"alt_text":"","src":"https:\/\/i0.wp.com\/dominicaineslangeac.fr\/wp-content\/uploads\/2017\/03\/Ch%C3%A2sse-1bis-700x463.jpg?resize=350%2C200","width":350,"height":200},"classes":[]},{"id":418,"url":"https:\/\/dominicaineslangeac.fr\/index.php\/agnes-de-langeac\/la-vie-dagnes-de-langeac\/","url_meta":{"origin":2,"position":2},"title":"La vie de la bienheureuse Agn\u00e8s","author":"Monast\u00e8re Ste Catherine","date":"10 octobre 2016","format":false,"excerpt":"\u00a0Fond\u00e9e en 1623, la communaut\u00e9 compte parmi ses fondatrices une jeune fille du Puy en Velay, s\u0153ur Agn\u00e8s de J\u00e9sus Galand. N\u00e9e le 17 novembre 1602, elle est re\u00e7ue dans l\u2019Ordre de saint Dominique, comme tertiaire, en 1621. Elle aime \u00e0 entourer les futures mamans de sa sollicitude. En 1623,\u2026","rel":"","context":"Article similaire","block_context":{"text":"Article similaire","link":""},"img":{"alt_text":"","src":"https:\/\/i0.wp.com\/dominicaineslangeac.fr\/wp-content\/uploads\/2016\/10\/Bse-Agn%C3%A8s-de-Langeac-207x300.jpg?resize=350%2C200","width":350,"height":200},"classes":[]},{"id":463,"url":"https:\/\/dominicaineslangeac.fr\/index.php\/agnes-de-langeac\/chemin-mere-agnes\/","url_meta":{"origin":2,"position":3},"title":"Chemin M\u00e8re Agn\u00e8s","author":"Monast\u00e8re Ste Catherine","date":"20 f\u00e9vrier 2017","format":false,"excerpt":"Du Puy en Velay \u00e0 Langeac\u00a0sur les pas d\u2019une mystique\u00a0du Grand si\u00e8cle. Agn\u00e8s de J\u00e9sus Galand (Le Puy-en-Velay 1602\u00a0-\u00a0Langeac 1634) fut tertiaire dominicaine au Puy avant d\u2019entrer au monast\u00e8re de Langeac. Toute la vie d\u2019Agn\u00e8s est un enseignement, la pr\u00e9cocit\u00e9 de sa cons\u00e9cration \u00e0 Marie et son v\u0153u de virginit\u00e9,\u2026","rel":"","context":"Article similaire","block_context":{"text":"Article similaire","link":""},"img":{"alt_text":"","src":"https:\/\/i0.wp.com\/dominicaineslangeac.fr\/wp-content\/uploads\/2017\/02\/Promenade-5.jpg?fit=1200%2C900&ssl=1&resize=350%2C200","width":350,"height":200,"srcset":"https:\/\/i0.wp.com\/dominicaineslangeac.fr\/wp-content\/uploads\/2017\/02\/Promenade-5.jpg?fit=1200%2C900&ssl=1&resize=350%2C200 1x, https:\/\/i0.wp.com\/dominicaineslangeac.fr\/wp-content\/uploads\/2017\/02\/Promenade-5.jpg?fit=1200%2C900&ssl=1&resize=525%2C300 1.5x, https:\/\/i0.wp.com\/dominicaineslangeac.fr\/wp-content\/uploads\/2017\/02\/Promenade-5.jpg?fit=1200%2C900&ssl=1&resize=700%2C400 2x, https:\/\/i0.wp.com\/dominicaineslangeac.fr\/wp-content\/uploads\/2017\/02\/Promenade-5.jpg?fit=1200%2C900&ssl=1&resize=1050%2C600 3x"},"classes":[]},{"id":12486,"url":"https:\/\/dominicaineslangeac.fr\/index.php\/agnes-de-langeac\/historial-mere-agnes-2025\/","url_meta":{"origin":2,"position":4},"title":"Historial M\u00e8re Agn\u00e8s 2025","author":"MONASTERE","date":"31 mai 2025","format":false,"excerpt":"\u00c9t\u00e9 2025 : ouverture tous les jours de 15h \u00e0 18h sauf le dimanche Pr\u00e9sence du fr\u00e8re Julien , dominicain, historien de l'art, du 14 au 30 juillet 2025 AdresseRue Saint-Pierre de Chavanon43300 LangeacCoordonn\u00e9es45\u00b0\u00a005\u2032\u00a055\u2033\u00a0N, 3\u00b0\u00a029\u2032\u00a047\u2033\u00a0E Le mus\u00e9e se situe dans l'ancien monast\u00e8re des moniales dominicaines dont elles ont \u00e9t\u00e9 chass\u00e9es\u2026","rel":"","context":"Article similaire","block_context":{"text":"Article similaire","link":""},"img":{"alt_text":"","src":"https:\/\/i0.wp.com\/dominicaineslangeac.fr\/wp-content\/uploads\/2017\/03\/monastere-primitif-scaled.jpg?resize=350%2C200&ssl=1","width":350,"height":200,"srcset":"https:\/\/i0.wp.com\/dominicaineslangeac.fr\/wp-content\/uploads\/2017\/03\/monastere-primitif-scaled.jpg?resize=350%2C200&ssl=1 1x, https:\/\/i0.wp.com\/dominicaineslangeac.fr\/wp-content\/uploads\/2017\/03\/monastere-primitif-scaled.jpg?resize=525%2C300&ssl=1 1.5x, https:\/\/i0.wp.com\/dominicaineslangeac.fr\/wp-content\/uploads\/2017\/03\/monastere-primitif-scaled.jpg?resize=700%2C400&ssl=1 2x, https:\/\/i0.wp.com\/dominicaineslangeac.fr\/wp-content\/uploads\/2017\/03\/monastere-primitif-scaled.jpg?resize=1050%2C600&ssl=1 3x, https:\/\/i0.wp.com\/dominicaineslangeac.fr\/wp-content\/uploads\/2017\/03\/monastere-primitif-scaled.jpg?resize=1400%2C800&ssl=1 4x"},"classes":[]},{"id":421,"url":"https:\/\/dominicaineslangeac.fr\/index.php\/agnes-de-langeac\/prieres-a-la-bienheureuse-agnes\/","url_meta":{"origin":2,"position":5},"title":"Pri\u00e8res \u00e0 la bienheureuse Agn\u00e8s","author":"Monast\u00e8re Ste Catherine","date":"10 octobre 2016","format":false,"excerpt":"Pri\u00e8re pour un enfant \u00e0 na\u00eetre Agn\u00e8s de J\u00e9sus, Ardente fille de saint Dominique, T\u00e9moin de la Bonne Nouvelle Et de la mis\u00e9ricorde de Dieu, Tu \u00e9tais pleine de compassion Et toujours si proche des besoins des autres. Maintenant que tu es au Ciel Contemplant la gloire de Dieu, Interc\u00e8de\u2026","rel":"","context":"Article similaire","block_context":{"text":"Article similaire","link":""},"img":{"alt_text":"","src":"https:\/\/i0.wp.com\/dominicaineslangeac.fr\/wp-content\/uploads\/2016\/08\/Agnes2-300x204.jpg?resize=350%2C200","width":350,"height":200},"classes":[]}],"_links":{"self":[{"href":"https:\/\/dominicaineslangeac.fr\/index.php\/wp-json\/wp\/v2\/pages\/2","targetHints":{"allow":["GET"]}}],"collection":[{"href":"https:\/\/dominicaineslangeac.fr\/index.php\/wp-json\/wp\/v2\/pages"}],"about":[{"href":"https:\/\/dominicaineslangeac.fr\/index.php\/wp-json\/wp\/v2\/types\/page"}],"author":[{"embeddable":true,"href":"https:\/\/dominicaineslangeac.fr\/index.php\/wp-json\/wp\/v2\/users\/1"}],"replies":[{"embeddable":true,"href":"https:\/\/dominicaineslangeac.fr\/index.php\/wp-json\/wp\/v2\/comments?post=2"}],"version-history":[{"count":18,"href":"https:\/\/dominicaineslangeac.fr\/index.php\/wp-json\/wp\/v2\/pages\/2\/revisions"}],"predecessor-version":[{"id":425,"href":"https:\/\/dominicaineslangeac.fr\/index.php\/wp-json\/wp\/v2\/pages\/2\/revisions\/425"}],"wp:featuredmedia":[{"embeddable":true,"href":"https:\/\/dominicaineslangeac.fr\/index.php\/wp-json\/wp\/v2\/media\/378"}],"wp:attachment":[{"href":"https:\/\/dominicaineslangeac.fr\/index.php\/wp-json\/wp\/v2\/media?parent=2"}],"curies":[{"name":"wp","href":"https:\/\/api.w.org\/{rel}","templated":true}]}}