{"id":12486,"date":"2025-05-31T14:59:27","date_gmt":"2025-05-31T13:59:27","guid":{"rendered":"https:\/\/dominicaineslangeac.fr\/?page_id=12486"},"modified":"2025-05-31T14:59:28","modified_gmt":"2025-05-31T13:59:28","slug":"historial-mere-agnes-2025","status":"publish","type":"page","link":"https:\/\/dominicaineslangeac.fr\/index.php\/agnes-de-langeac\/historial-mere-agnes-2025\/","title":{"rendered":"Historial M\u00e8re Agn\u00e8s 2025"},"content":{"rendered":"\n<p class=\"has-medium-font-size\">\u00c9t\u00e9 2025 : ouverture tous les jours de 15h \u00e0 18h sauf le dimanche<\/p>\n\n\n\n<p class=\"has-medium-font-size\">Pr\u00e9sence du fr\u00e8re Julien , dominicain, historien de l&rsquo;art, du 14 au 30 juillet 2025 <\/p>\n\n\n\n<div class=\"wp-block-media-text is-stacked-on-mobile\"><figure class=\"wp-block-media-text__media\"><img data-recalc-dims=\"1\" loading=\"lazy\" decoding=\"async\" width=\"700\" height=\"933\" data-attachment-id=\"6238\" data-permalink=\"https:\/\/dominicaineslangeac.fr\/index.php\/2017\/03\/02\/lettre-aux-amis\/monastere-primitif\/\" data-orig-file=\"https:\/\/i0.wp.com\/dominicaineslangeac.fr\/wp-content\/uploads\/2017\/03\/monastere-primitif-scaled.jpg?fit=1920%2C2560&amp;ssl=1\" data-orig-size=\"1920,2560\" data-comments-opened=\"0\" data-image-meta=\"{&quot;aperture&quot;:&quot;2.4&quot;,&quot;credit&quot;:&quot;&quot;,&quot;camera&quot;:&quot;SM-G960F&quot;,&quot;caption&quot;:&quot;&quot;,&quot;created_timestamp&quot;:&quot;1665591460&quot;,&quot;copyright&quot;:&quot;&quot;,&quot;focal_length&quot;:&quot;4.3&quot;,&quot;iso&quot;:&quot;64&quot;,&quot;shutter_speed&quot;:&quot;0.01&quot;,&quot;title&quot;:&quot;&quot;,&quot;orientation&quot;:&quot;1&quot;}\" data-image-title=\"monastere primitif\" data-image-description=\"\" data-image-caption=\"\" data-large-file=\"https:\/\/i0.wp.com\/dominicaineslangeac.fr\/wp-content\/uploads\/2017\/03\/monastere-primitif-scaled.jpg?fit=700%2C933&amp;ssl=1\" src=\"https:\/\/i0.wp.com\/dominicaineslangeac.fr\/wp-content\/uploads\/2017\/03\/monastere-primitif.jpg?resize=700%2C933&#038;ssl=1\" alt=\"\" class=\"wp-image-6238 size-full\" srcset=\"https:\/\/i0.wp.com\/dominicaineslangeac.fr\/wp-content\/uploads\/2017\/03\/monastere-primitif-scaled.jpg?resize=700%2C933&amp;ssl=1 700w, https:\/\/i0.wp.com\/dominicaineslangeac.fr\/wp-content\/uploads\/2017\/03\/monastere-primitif-scaled.jpg?resize=225%2C300&amp;ssl=1 225w, https:\/\/i0.wp.com\/dominicaineslangeac.fr\/wp-content\/uploads\/2017\/03\/monastere-primitif-scaled.jpg?resize=768%2C1024&amp;ssl=1 768w, https:\/\/i0.wp.com\/dominicaineslangeac.fr\/wp-content\/uploads\/2017\/03\/monastere-primitif-scaled.jpg?resize=1152%2C1536&amp;ssl=1 1152w, https:\/\/i0.wp.com\/dominicaineslangeac.fr\/wp-content\/uploads\/2017\/03\/monastere-primitif-scaled.jpg?resize=1536%2C2048&amp;ssl=1 1536w, https:\/\/i0.wp.com\/dominicaineslangeac.fr\/wp-content\/uploads\/2017\/03\/monastere-primitif-scaled.jpg?w=1920&amp;ssl=1 1920w\" sizes=\"auto, (max-width: 700px) 100vw, 700px\" \/><\/figure><div class=\"wp-block-media-text__content\">\n<p><\/p>\n\n\n\n<figure class=\"wp-block-table\"><table class=\"has-fixed-layout\"><tbody><tr><th>Adresse<\/th><td>Rue Saint-Pierre de Chavanon<br>43300 Langeac<\/td><\/tr><tr><th>Coordonn\u00e9es<\/th><td><a href=\"https:\/\/fr.wikipedia.org\/wiki\/Historial_Agn%C3%A8s_de_Langeac#\/maplink\/1\">45\u00b0&nbsp;05\u2032&nbsp;55\u2033&nbsp;N, 3\u00b0&nbsp;29\u2032&nbsp;47\u2033&nbsp;E<\/a><\/td><\/tr><\/tbody><\/table><\/figure>\n\n\n\n<p class=\"has-black-color has-text-color has-link-color wp-elements-48a0bf6723a030c891ac38b44dc71ac4\">Le mus\u00e9e se situe dans l&rsquo;ancien monast\u00e8re des moniales dominicaines dont elles ont \u00e9t\u00e9 chass\u00e9es \u00e0 la r\u00e9volution.<\/p>\n<\/div><\/div>\n\n\n\n<p class=\"has-black-color has-text-color has-link-color wp-elements-cd5abe8d5cdcb8736c90d5f5d4b8a730\">Il pr\u00e9sente une collection d&rsquo;ornements <a href=\"https:\/\/fr.wikipedia.org\/wiki\/Liturgie\">liturgiques<\/a>, allant du XVIII<sup>e<\/sup> au XX<sup>e<\/sup>\u00a0si\u00e8cle. Parmi les pi\u00e8ces notables, on trouve des <a href=\"https:\/\/fr.wikipedia.org\/wiki\/Chasuble\">chasubles<\/a>, <a href=\"https:\/\/fr.wikipedia.org\/wiki\/%C3%89tole\">\u00e9toles<\/a>, <a href=\"https:\/\/fr.wikipedia.org\/wiki\/Manipule_(liturgie)\">manipules<\/a>, <a href=\"https:\/\/fr.wikipedia.org\/wiki\/Voile_de_calice\">voiles de calice<\/a> et <a href=\"https:\/\/fr.wikipedia.org\/wiki\/Bourse_(liturgie)\">bourses<\/a> de <a href=\"https:\/\/fr.wikipedia.org\/wiki\/Corporal\">corporal<\/a>. Les tissus utilis\u00e9s incluent le drap d&rsquo;or, le velours, le satin et le gros de Tours,Certaines pi\u00e8ces se distinguent par leur fabrication \u00e0 la machine Corn\u00e9ly et l&rsquo;inclusion de broderies en soie peinte.<\/p>\n\n\n\n<p>Le parloir authentique o\u00f9 ont eu lieu les pr\u00e9cieux entretiens entre la bienheureuse Agn\u00e8s de Langeac et Jean-Jacques Olier fondateur de la compagnie de Saint Sulpice.<\/p>\n\n\n\n<p class=\"has-black-color has-text-color has-link-color wp-elements-f4b6c8f40ca909ddcb170421a5d910be\">Une salle pr\u00e9sente les <a href=\"https:\/\/fr.wikipedia.org\/wiki\/Enluminure\">enluminures<\/a> du <em><a href=\"https:\/\/fr.wikipedia.org\/wiki\/Livre_d%27heures\">livre d&rsquo;heures<\/a> de la Vierge<\/em> <em>du<abbr title=\"15\u1d49 si\u00e8cle\"> XV<sup>e<\/sup><\/abbr>\u00a0si\u00e8cle<\/em>, command\u00e9 par Jacques de Langhac<\/p>\n\n\n\n<p class=\"has-black-color has-text-color has-link-color wp-elements-ec8193f7d74b0e856f464f34a488d798\">Figure \u00e9galement dans la chapelle une reproduction de <a href=\"https:\/\/fr.wikipedia.org\/wiki\/La_C%C3%A8ne_(L%C3%A9onard_de_Vinci)\"><em>La C\u00e8ne<\/em><\/a> de <a href=\"https:\/\/fr.wikipedia.org\/wiki\/L%C3%A9onard_de_Vinci\">L\u00e9onard de Vinci<\/a>, <\/p>\n\n\n\n<p><\/p>\n","protected":false},"excerpt":{"rendered":"<p>\u00c9t\u00e9 2025 : ouverture tous les jours de 15h \u00e0 18h sauf le dimanche Pr\u00e9sence du fr\u00e8re Julien , dominicain, historien de l&rsquo;art, du 14 au 30 juillet 2025 Adresse Rue Saint-Pierre de Chavanon43300 Langeac Coordonn\u00e9es 45\u00b0&nbsp;05\u2032&nbsp;55\u2033&nbsp;N, 3\u00b0&nbsp;29\u2032&nbsp;47\u2033&nbsp;E Le mus\u00e9e se situe dans l&rsquo;ancien monast\u00e8re des moniales dominicaines dont elles ont \u00e9t\u00e9 chass\u00e9es \u00e0 la [&hellip;]<\/p>\n","protected":false},"author":2,"featured_media":0,"parent":2,"menu_order":4,"comment_status":"closed","ping_status":"closed","template":"","meta":{"advanced_seo_description":"","jetpack_seo_html_title":"","jetpack_seo_noindex":false,"jetpack_post_was_ever_published":false,"footnotes":""},"class_list":["post-12486","page","type-page","status-publish","czr-hentry"],"jetpack_sharing_enabled":true,"jetpack_shortlink":"https:\/\/wp.me\/P7P1cC-3fo","jetpack-related-posts":[],"_links":{"self":[{"href":"https:\/\/dominicaineslangeac.fr\/index.php\/wp-json\/wp\/v2\/pages\/12486","targetHints":{"allow":["GET"]}}],"collection":[{"href":"https:\/\/dominicaineslangeac.fr\/index.php\/wp-json\/wp\/v2\/pages"}],"about":[{"href":"https:\/\/dominicaineslangeac.fr\/index.php\/wp-json\/wp\/v2\/types\/page"}],"author":[{"embeddable":true,"href":"https:\/\/dominicaineslangeac.fr\/index.php\/wp-json\/wp\/v2\/users\/2"}],"replies":[{"embeddable":true,"href":"https:\/\/dominicaineslangeac.fr\/index.php\/wp-json\/wp\/v2\/comments?post=12486"}],"version-history":[{"count":2,"href":"https:\/\/dominicaineslangeac.fr\/index.php\/wp-json\/wp\/v2\/pages\/12486\/revisions"}],"predecessor-version":[{"id":12489,"href":"https:\/\/dominicaineslangeac.fr\/index.php\/wp-json\/wp\/v2\/pages\/12486\/revisions\/12489"}],"up":[{"embeddable":true,"href":"https:\/\/dominicaineslangeac.fr\/index.php\/wp-json\/wp\/v2\/pages\/2"}],"wp:attachment":[{"href":"https:\/\/dominicaineslangeac.fr\/index.php\/wp-json\/wp\/v2\/media?parent=12486"}],"curies":[{"name":"wp","href":"https:\/\/api.w.org\/{rel}","templated":true}]}}