{"id":120,"date":"2016-08-21T13:50:11","date_gmt":"2016-08-21T12:50:11","guid":{"rendered":"http:\/\/dominicaineslangeac.fr\/?page_id=120"},"modified":"2025-10-27T17:48:58","modified_gmt":"2025-10-27T16:48:58","slug":"accueil-monastqiue","status":"publish","type":"page","link":"https:\/\/dominicaineslangeac.fr\/index.php\/nos-activites\/accueil-monastqiue\/","title":{"rendered":"Accueil monastique"},"content":{"rendered":"<p class=\"paragraph_style\"><img data-recalc-dims=\"1\" loading=\"lazy\" decoding=\"async\" data-attachment-id=\"214\" data-permalink=\"https:\/\/dominicaineslangeac.fr\/index.php\/aamdl\/attachment\/14\/\" data-orig-file=\"https:\/\/i0.wp.com\/dominicaineslangeac.fr\/wp-content\/uploads\/2016\/08\/14.jpg?fit=3648%2C2048&amp;ssl=1\" data-orig-size=\"3648,2048\" data-comments-opened=\"0\" data-image-meta=\"{&quot;aperture&quot;:&quot;8&quot;,&quot;credit&quot;:&quot;&quot;,&quot;camera&quot;:&quot;Canon PowerShot A3000 IS&quot;,&quot;caption&quot;:&quot;&quot;,&quot;created_timestamp&quot;:&quot;1403016440&quot;,&quot;copyright&quot;:&quot;&quot;,&quot;focal_length&quot;:&quot;6.2&quot;,&quot;iso&quot;:&quot;100&quot;,&quot;shutter_speed&quot;:&quot;0.005&quot;,&quot;title&quot;:&quot;&quot;,&quot;orientation&quot;:&quot;1&quot;}\" data-image-title=\"Accueil du monast\u00e8re\" data-image-description=\"\" data-image-caption=\"\" data-large-file=\"https:\/\/i0.wp.com\/dominicaineslangeac.fr\/wp-content\/uploads\/2016\/08\/14.jpg?fit=700%2C393&amp;ssl=1\" class=\"wp-image-214 alignnone\" src=\"https:\/\/i0.wp.com\/dominicaineslangeac.fr\/wp-content\/uploads\/2016\/08\/14-300x168.jpg?resize=800%2C449\" alt=\"Accueil du monast\u00e8re\" width=\"800\" height=\"449\" srcset=\"https:\/\/i0.wp.com\/dominicaineslangeac.fr\/wp-content\/uploads\/2016\/08\/14.jpg?resize=300%2C168&amp;ssl=1 300w, https:\/\/i0.wp.com\/dominicaineslangeac.fr\/wp-content\/uploads\/2016\/08\/14.jpg?resize=768%2C431&amp;ssl=1 768w, https:\/\/i0.wp.com\/dominicaineslangeac.fr\/wp-content\/uploads\/2016\/08\/14.jpg?resize=1024%2C575&amp;ssl=1 1024w, https:\/\/i0.wp.com\/dominicaineslangeac.fr\/wp-content\/uploads\/2016\/08\/14.jpg?resize=100%2C55&amp;ssl=1 100w, https:\/\/i0.wp.com\/dominicaineslangeac.fr\/wp-content\/uploads\/2016\/08\/14.jpg?w=2340&amp;ssl=1 2340w, https:\/\/i0.wp.com\/dominicaineslangeac.fr\/wp-content\/uploads\/2016\/08\/14.jpg?w=3510&amp;ssl=1 3510w\" sizes=\"auto, (max-width: 800px) 100vw, 800px\" \/><\/p>\n<hr \/>\n<p><span style=\"font-size: 14pt;\">Le monast\u00e8re accueille tous ceux et celles qui, seuls ou en groupe, cherchent un lieu pour prier, se poser, r\u00e9fl\u00e9chir, en lien avec une communaut\u00e9 de vie et de pri\u00e8re, anim\u00e9e par l\u2019esprit de saint Dominique.<\/span><\/p>\n<p><span style=\"font-size: 14pt;\">S\u2019ils le souhaitent, nos h\u00f4tes sont invit\u00e9s \u00e0 partager avec nous la pri\u00e8re liturgique de louange et d\u2019intercession qui rythme notre journ\u00e9e. La liturgie est en effet le c\u0153ur de toute notre vie.<\/span><\/p>\n<p><span style=\"font-size: 14pt;\">Nous accueillons en individuel, couples, familles et groupes organis\u00e9s (jusqu\u2019\u00e0 25 personnes environ).<br \/>\nNombre de chambres\u00a0: 17.<\/span><\/p>\n<p><span style=\"font-size: 14pt;\">Nous ne proposons pas de retraite organis\u00e9e, mais r\u00e9pondons aux demandes des groupes pour des interventions, et aux personnes individuelles qui souhaitent rencontrer une s\u0153ur.<\/span><\/p>\n<p>Contact par t\u00e9l\u00e9phone (04 71 77 73 82)\u00a0: 10h \u00e0 11h30 et de 16h \u00e0 17h, courriel, ou lettre.<\/p>\n<p class=\"paragraph_style\" style=\"text-align: justify;\"><span style=\"font-size: 12pt;\">Pour plus d&rsquo;informations sur \u00ab\u00a0la Ferme,\u00a0\u00bb <\/span><a style=\"font-size: 12pt;\" href=\"http:\/\/dominicaineslangeac.fr\/index.php\/2017\/03\/15\/laferme\/\">cliquer ici<\/a><span style=\"font-size: 12pt;\">.<\/span><\/p>\n<div id=\"attachment_149\" style=\"width: 810px\" class=\"wp-caption alignleft\"><img data-recalc-dims=\"1\" loading=\"lazy\" decoding=\"async\" aria-describedby=\"caption-attachment-149\" data-attachment-id=\"149\" data-permalink=\"https:\/\/dominicaineslangeac.fr\/index.php\/2017\/03\/15\/laferme\/nouvelle-ferme\/\" data-orig-file=\"https:\/\/i0.wp.com\/dominicaineslangeac.fr\/wp-content\/uploads\/2016\/08\/nouvelle-ferme.jpg?fit=1200%2C900&amp;ssl=1\" data-orig-size=\"1200,900\" data-comments-opened=\"0\" data-image-meta=\"{&quot;aperture&quot;:&quot;0&quot;,&quot;credit&quot;:&quot;&quot;,&quot;camera&quot;:&quot;&quot;,&quot;caption&quot;:&quot;&quot;,&quot;created_timestamp&quot;:&quot;0&quot;,&quot;copyright&quot;:&quot;&quot;,&quot;focal_length&quot;:&quot;0&quot;,&quot;iso&quot;:&quot;0&quot;,&quot;shutter_speed&quot;:&quot;0&quot;,&quot;title&quot;:&quot;&quot;,&quot;orientation&quot;:&quot;0&quot;}\" data-image-title=\"La ferme 2016\" data-image-description=\"\" data-image-caption=\"\" data-large-file=\"https:\/\/i0.wp.com\/dominicaineslangeac.fr\/wp-content\/uploads\/2016\/08\/nouvelle-ferme.jpg?fit=700%2C525&amp;ssl=1\" class=\"wp-image-149\" src=\"https:\/\/i0.wp.com\/dominicaineslangeac.fr\/wp-content\/uploads\/2016\/08\/nouvelle-ferme-1024x768.jpg?resize=800%2C600\" alt=\"La ferme 2016\" width=\"800\" height=\"600\" srcset=\"https:\/\/i0.wp.com\/dominicaineslangeac.fr\/wp-content\/uploads\/2016\/08\/nouvelle-ferme.jpg?resize=1024%2C768&amp;ssl=1 1024w, https:\/\/i0.wp.com\/dominicaineslangeac.fr\/wp-content\/uploads\/2016\/08\/nouvelle-ferme.jpg?resize=300%2C225&amp;ssl=1 300w, https:\/\/i0.wp.com\/dominicaineslangeac.fr\/wp-content\/uploads\/2016\/08\/nouvelle-ferme.jpg?resize=768%2C576&amp;ssl=1 768w, https:\/\/i0.wp.com\/dominicaineslangeac.fr\/wp-content\/uploads\/2016\/08\/nouvelle-ferme.jpg?w=1200&amp;ssl=1 1200w\" sizes=\"auto, (max-width: 800px) 100vw, 800px\" \/><p id=\"caption-attachment-149\" class=\"wp-caption-text\"><span style=\"font-size: 12pt;\">\u00ab\u00a0La Ferme\u00a0\u00bb<\/span><\/p><\/div>\n<p>Modalit\u00e9s des r\u00e9servations :<\/p>\n<ul>\n<li style=\"list-style-type: none;\">\n<ul>\n<li class=\"full-width\">\n<p class=\"paragraph_style_5\">L\u2019accueil se fait toute l\u2019ann\u00e9e, sauf 15 jours en septembre et durant une semaine \u00e0 date\u00a0 variable<\/p>\n<\/li>\n<\/ul>\n<\/li>\n<\/ul>\n<ul>\n<li class=\"full-width\">\n<p class=\"paragraph_style_5\"><span style=\"font-size: 12pt;\">Dur\u00e9e maximum de s\u00e9jour :\u00a08 jours<\/span><\/p>\n<\/li>\n<li>Groupes : \u00e0 la journ\u00e9e 40 personnes. Repas\u00a0: maximum 25 personnes.<\/li>\n<\/ul>\n<ul>\n<li style=\"list-style-type: none;\">\n<ul>\n<li class=\"full-width\">\n<p class=\"paragraph_style_5\"><span style=\"font-size: 12pt;\">Salle \u00a0\u00e0 disposition pour les groupes<\/span><\/p>\n<\/li>\n<\/ul>\n<\/li>\n<\/ul>\n<ul>\n<li style=\"list-style-type: none;\">\n<ul>\n<li class=\"full-width\">\n<p class=\"paragraph_style_5\"><span style=\"font-size: 12pt;\">Merci d\u2019apporter, si possible, draps, sacs de couchage, serviettes et gants de toilette<\/span><\/p>\n<\/li>\n<\/ul>\n<\/li>\n<\/ul>\n<ul>\n<li class=\"full-width\">\n<p class=\"paragraph_style_5\"><span style=\"font-size: 12pt;\">Participation aux frais : suivant le co\u00fbt de la vie ; elle est laiss\u00e9e aux possibilit\u00e9s de chacun.\u00a0<\/span>U<span style=\"font-size: 12pt;\">ne solidarit\u00e9 se vit entre ceux qui peuvent plus et d\u2019autres plus d\u00e9munis.<\/span><\/p>\n<\/li>\n<\/ul>\n<p class=\"paragraph_style_5\"><span style=\"font-size: 12pt;\">Comment nous trouver, <a href=\"http:\/\/dominicaineslangeac.fr\/index.php\/contact\/\">cliquer ici.<\/a><\/span><\/p>\n<h3 class=\"paragraph_style_5\">Inscription ou questions :<\/h3>\n\n<div class=\"wpcf7 no-js\" id=\"wpcf7-f1008-o1\" lang=\"fr-FR\" dir=\"ltr\" data-wpcf7-id=\"1008\">\n<div class=\"screen-reader-response\"><p role=\"status\" aria-live=\"polite\" aria-atomic=\"true\"><\/p> <ul><\/ul><\/div>\n<form action=\"\/index.php\/wp-json\/wp\/v2\/pages\/120#wpcf7-f1008-o1\" method=\"post\" class=\"wpcf7-form init\" aria-label=\"Formulaire de contact\" novalidate=\"novalidate\" data-status=\"init\">\n<fieldset class=\"hidden-fields-container\"><input type=\"hidden\" name=\"_wpcf7\" value=\"1008\" \/><input type=\"hidden\" name=\"_wpcf7_version\" value=\"6.1.5\" \/><input type=\"hidden\" name=\"_wpcf7_locale\" value=\"fr_FR\" \/><input type=\"hidden\" name=\"_wpcf7_unit_tag\" value=\"wpcf7-f1008-o1\" \/><input type=\"hidden\" name=\"_wpcf7_container_post\" value=\"0\" \/><input type=\"hidden\" name=\"_wpcf7_posted_data_hash\" value=\"\" \/>\n<\/fieldset>\n<p><label> Votre nom (obligatoire)<br \/>\n<span class=\"wpcf7-form-control-wrap\" data-name=\"your-name\"><input size=\"40\" maxlength=\"400\" class=\"wpcf7-form-control wpcf7-text wpcf7-validates-as-required\" aria-required=\"true\" aria-invalid=\"false\" value=\"\" type=\"text\" name=\"your-name\" \/><\/span> <\/label>\n<\/p>\n<p><label> Votre e-mail (obligatoire)<br \/>\n<span class=\"wpcf7-form-control-wrap\" data-name=\"your-email\"><input size=\"40\" maxlength=\"400\" class=\"wpcf7-form-control wpcf7-email wpcf7-validates-as-required wpcf7-text wpcf7-validates-as-email\" aria-required=\"true\" aria-invalid=\"false\" value=\"\" type=\"email\" name=\"your-email\" \/><\/span> <\/label>\n<\/p>\n<p><label> S\u00e9jour<br \/>\n<span class=\"wpcf7-form-control-wrap\" data-name=\"your-subject\"><input size=\"40\" maxlength=\"400\" class=\"wpcf7-form-control wpcf7-text\" aria-invalid=\"false\" value=\"\" type=\"text\" name=\"your-subject\" \/><\/span> <\/label>\n<\/p>\n<p><label> Votre demande<br \/>\n<span class=\"wpcf7-form-control-wrap\" data-name=\"your-message\"><textarea cols=\"40\" rows=\"10\" maxlength=\"2000\" class=\"wpcf7-form-control wpcf7-textarea\" aria-invalid=\"false\" name=\"your-message\"><\/textarea><\/span> <\/label>\n<\/p>\n<p><input class=\"wpcf7-form-control wpcf7-submit has-spinner\" type=\"submit\" value=\"Envoyer\" \/>\n<\/p><p style=\"display: none !important;\" class=\"akismet-fields-container\" data-prefix=\"_wpcf7_ak_\"><label>&#916;<textarea name=\"_wpcf7_ak_hp_textarea\" cols=\"45\" rows=\"8\" maxlength=\"100\"><\/textarea><\/label><input type=\"hidden\" id=\"ak_js_1\" name=\"_wpcf7_ak_js\" value=\"142\"\/><script type=\"text\/javascript\">\n\/* <![CDATA[ *\/\ndocument.getElementById( \"ak_js_1\" ).setAttribute( \"value\", ( new Date() ).getTime() );\n\/* ]]> *\/\n<\/script>\n<\/p><div class=\"wpcf7-response-output\" aria-hidden=\"true\"><\/div>\n<\/form>\n<\/div>\n\n<p><a href=\"https:\/\/i0.wp.com\/dominicaineslangeac.fr\/wp-content\/uploads\/2019\/05\/hotellerie.jpg\"><img data-recalc-dims=\"1\" loading=\"lazy\" decoding=\"async\" data-attachment-id=\"1365\" data-permalink=\"https:\/\/dominicaineslangeac.fr\/index.php\/nos-activites\/accueil-monastqiue\/hotellerie\/\" data-orig-file=\"https:\/\/i0.wp.com\/dominicaineslangeac.fr\/wp-content\/uploads\/2019\/05\/hotellerie.jpg?fit=924%2C614&amp;ssl=1\" data-orig-size=\"924,614\" data-comments-opened=\"0\" data-image-meta=\"{&quot;aperture&quot;:&quot;0&quot;,&quot;credit&quot;:&quot;&quot;,&quot;camera&quot;:&quot;&quot;,&quot;caption&quot;:&quot;&quot;,&quot;created_timestamp&quot;:&quot;0&quot;,&quot;copyright&quot;:&quot;&quot;,&quot;focal_length&quot;:&quot;0&quot;,&quot;iso&quot;:&quot;0&quot;,&quot;shutter_speed&quot;:&quot;0&quot;,&quot;title&quot;:&quot;&quot;,&quot;orientation&quot;:&quot;0&quot;}\" data-image-title=\"hotellerie\" data-image-description=\"\" data-image-caption=\"\" data-large-file=\"https:\/\/i0.wp.com\/dominicaineslangeac.fr\/wp-content\/uploads\/2019\/05\/hotellerie.jpg?fit=700%2C465&amp;ssl=1\" class=\"alignnone size-full wp-image-1365\" src=\"https:\/\/i0.wp.com\/dominicaineslangeac.fr\/wp-content\/uploads\/2019\/05\/hotellerie.jpg?resize=924%2C614\" alt=\"\" width=\"924\" height=\"614\" srcset=\"https:\/\/i0.wp.com\/dominicaineslangeac.fr\/wp-content\/uploads\/2019\/05\/hotellerie.jpg?w=924&amp;ssl=1 924w, https:\/\/i0.wp.com\/dominicaineslangeac.fr\/wp-content\/uploads\/2019\/05\/hotellerie.jpg?resize=300%2C199&amp;ssl=1 300w, https:\/\/i0.wp.com\/dominicaineslangeac.fr\/wp-content\/uploads\/2019\/05\/hotellerie.jpg?resize=768%2C510&amp;ssl=1 768w, https:\/\/i0.wp.com\/dominicaineslangeac.fr\/wp-content\/uploads\/2019\/05\/hotellerie.jpg?resize=700%2C465&amp;ssl=1 700w\" sizes=\"auto, (max-width: 924px) 100vw, 924px\" \/><\/a><\/p>\n","protected":false},"excerpt":{"rendered":"<p>Le monast\u00e8re accueille tous ceux et celles qui, seuls ou en groupe, cherchent un lieu pour prier, se poser, r\u00e9fl\u00e9chir, en lien avec une communaut\u00e9 de vie et de pri\u00e8re, anim\u00e9e par l\u2019esprit de saint Dominique. S\u2019ils le souhaitent, nos h\u00f4tes sont invit\u00e9s \u00e0 partager avec nous la pri\u00e8re liturgique de louange et d\u2019intercession qui [&hellip;]<\/p>\n","protected":false},"author":1,"featured_media":214,"parent":7,"menu_order":1,"comment_status":"closed","ping_status":"closed","template":"","meta":{"advanced_seo_description":"","jetpack_seo_html_title":"","jetpack_seo_noindex":false,"jetpack_post_was_ever_published":false,"footnotes":""},"class_list":["post-120","page","type-page","status-publish","has-post-thumbnail","czr-hentry"],"jetpack_sharing_enabled":true,"jetpack_shortlink":"https:\/\/wp.me\/P7P1cC-1W","jetpack-related-posts":[{"id":431,"url":"https:\/\/dominicaineslangeac.fr\/index.php\/regle-de-vie\/moniales-dominicaines\/","url_meta":{"origin":120,"position":0},"title":"Moniales dominicaines","author":"Monast\u00e8re Ste Catherine","date":"10 octobre 2016","format":false,"excerpt":"Nous sommes douze moniales dominicaines vivant dans un monast\u00e8re \u00e0 Langeac en Auvergne. Nous appartenons \u00e0 l\u2019Ordre des Pr\u00eacheurs, un Ordre religieux au sein de l\u2019\u00c9glise Catholique. Ce site pr\u00e9sente notre vie, nos activit\u00e9s et comment vous pouvez apprendre \u00e0 nous connaitre. Le propos fondamental Les moniales de l\u2019Ordre des\u2026","rel":"","context":"Article similaire","block_context":{"text":"Article similaire","link":""},"img":{"alt_text":"","src":"https:\/\/i0.wp.com\/dominicaineslangeac.fr\/wp-content\/uploads\/2020\/06\/ct%C3%A9-genets.jpg?fit=910%2C666&ssl=1&resize=350%2C200","width":350,"height":200,"srcset":"https:\/\/i0.wp.com\/dominicaineslangeac.fr\/wp-content\/uploads\/2020\/06\/ct%C3%A9-genets.jpg?fit=910%2C666&ssl=1&resize=350%2C200 1x, https:\/\/i0.wp.com\/dominicaineslangeac.fr\/wp-content\/uploads\/2020\/06\/ct%C3%A9-genets.jpg?fit=910%2C666&ssl=1&resize=525%2C300 1.5x, https:\/\/i0.wp.com\/dominicaineslangeac.fr\/wp-content\/uploads\/2020\/06\/ct%C3%A9-genets.jpg?fit=910%2C666&ssl=1&resize=700%2C400 2x"},"classes":[]},{"id":7059,"url":"https:\/\/dominicaineslangeac.fr\/index.php\/jubile-2023\/we-des-familles-celebrer-la-vie\/","url_meta":{"origin":120,"position":1},"title":"26-27 ao\u00fbt: WE des familles \u00ab\u00a0C\u00e9l\u00e9brer la Vie\u00a0\u00bb","author":"MONASTERE","date":"19 mai 2023","format":false,"excerpt":"WE des familles \"c\u00e9l\u00e9brer la Vie\"","rel":"","context":"Article similaire","block_context":{"text":"Article similaire","link":""},"img":{"alt_text":"","src":"https:\/\/i0.wp.com\/dominicaineslangeac.fr\/wp-content\/uploads\/2023\/05\/Flyer.png?fit=437%2C613&ssl=1&resize=350%2C200","width":350,"height":200},"classes":[]},{"id":421,"url":"https:\/\/dominicaineslangeac.fr\/index.php\/agnes-de-langeac\/prieres-a-la-bienheureuse-agnes\/","url_meta":{"origin":120,"position":2},"title":"Pri\u00e8res \u00e0 la bienheureuse Agn\u00e8s","author":"Monast\u00e8re Ste Catherine","date":"10 octobre 2016","format":false,"excerpt":"Pri\u00e8re pour un enfant \u00e0 na\u00eetre Agn\u00e8s de J\u00e9sus, Ardente fille de saint Dominique, T\u00e9moin de la Bonne Nouvelle Et de la mis\u00e9ricorde de Dieu, Tu \u00e9tais pleine de compassion Et toujours si proche des besoins des autres. Maintenant que tu es au Ciel Contemplant la gloire de Dieu, Interc\u00e8de\u2026","rel":"","context":"Article similaire","block_context":{"text":"Article similaire","link":""},"img":{"alt_text":"","src":"https:\/\/i0.wp.com\/dominicaineslangeac.fr\/wp-content\/uploads\/2016\/08\/Agnes2-300x204.jpg?resize=350%2C200","width":350,"height":200},"classes":[]},{"id":850,"url":"https:\/\/dominicaineslangeac.fr\/index.php\/regle-de-vie\/histoire-du-monastere\/","url_meta":{"origin":120,"position":3},"title":"Histoire du Monast\u00e8re","author":"Monast\u00e8re Ste Catherine","date":"12 avril 2017","format":false,"excerpt":"La fondation du monast\u00e8re et son histoire se placent sous l\u2019angle du renouveau dominicain de la premi\u00e8re moiti\u00e9 du XVIIe si\u00e8cle en France. Trente-deux fondations voient le jour \u00e0 partir de deux souches, les monast\u00e8res de Sainte Catherine de Sienne de Toulouse et de Sainte Prax\u00e8de d\u2019Avignon. C\u2019est ce dernier\u2026","rel":"","context":"Article similaire","block_context":{"text":"Article similaire","link":""},"img":{"alt_text":"","src":"https:\/\/i0.wp.com\/dominicaineslangeac.fr\/wp-content\/uploads\/2016\/10\/The_Perugia_Altarpiece_Side_Panel_Depicting_St._Dominic.jpg?resize=350%2C200","width":350,"height":200},"classes":[]},{"id":463,"url":"https:\/\/dominicaineslangeac.fr\/index.php\/agnes-de-langeac\/chemin-mere-agnes\/","url_meta":{"origin":120,"position":4},"title":"Chemin M\u00e8re Agn\u00e8s","author":"Monast\u00e8re Ste Catherine","date":"20 f\u00e9vrier 2017","format":false,"excerpt":"Du Puy en Velay \u00e0 Langeac\u00a0sur les pas d\u2019une mystique\u00a0du Grand si\u00e8cle. Agn\u00e8s de J\u00e9sus Galand (Le Puy-en-Velay 1602\u00a0-\u00a0Langeac 1634) fut tertiaire dominicaine au Puy avant d\u2019entrer au monast\u00e8re de Langeac. Toute la vie d\u2019Agn\u00e8s est un enseignement, la pr\u00e9cocit\u00e9 de sa cons\u00e9cration \u00e0 Marie et son v\u0153u de virginit\u00e9,\u2026","rel":"","context":"Article similaire","block_context":{"text":"Article similaire","link":""},"img":{"alt_text":"","src":"https:\/\/i0.wp.com\/dominicaineslangeac.fr\/wp-content\/uploads\/2017\/02\/Promenade-5.jpg?fit=1200%2C900&ssl=1&resize=350%2C200","width":350,"height":200,"srcset":"https:\/\/i0.wp.com\/dominicaineslangeac.fr\/wp-content\/uploads\/2017\/02\/Promenade-5.jpg?fit=1200%2C900&ssl=1&resize=350%2C200 1x, https:\/\/i0.wp.com\/dominicaineslangeac.fr\/wp-content\/uploads\/2017\/02\/Promenade-5.jpg?fit=1200%2C900&ssl=1&resize=525%2C300 1.5x, https:\/\/i0.wp.com\/dominicaineslangeac.fr\/wp-content\/uploads\/2017\/02\/Promenade-5.jpg?fit=1200%2C900&ssl=1&resize=700%2C400 2x, https:\/\/i0.wp.com\/dominicaineslangeac.fr\/wp-content\/uploads\/2017\/02\/Promenade-5.jpg?fit=1200%2C900&ssl=1&resize=1050%2C600 3x"},"classes":[]},{"id":78,"url":"https:\/\/dominicaineslangeac.fr\/index.php\/regle-de-vie\/loffice-et-priere\/","url_meta":{"origin":120,"position":5},"title":"Messe et offices","author":"Monast\u00e8re Ste Catherine","date":"20 ao\u00fbt 2016","format":false,"excerpt":"Messe Dimanche : 8h30 Du lundi au samedi : 8h15 Offices 7h30 Laudes\u00a0 12h\u00a0Heure M\u00e9diane\u00a0 17h40 V\u00eapres 20h30 Vigiles Chapelet 17h20 tous les jours Exposition du Saint Sacrement Vendredi 18h10-19h10 Un dimanche par mois \u00a010h30-12h et 15h-17h20 Pour les grandes f\u00eates les\u00a0horaires\u00a0changent Ecoutez Exultet de la nuit de P\u00e2ques","rel":"","context":"Article similaire","block_context":{"text":"Article similaire","link":""},"img":{"alt_text":"22","src":"https:\/\/i0.wp.com\/dominicaineslangeac.fr\/wp-content\/uploads\/2016\/08\/22-1024x575.jpg?resize=350%2C200","width":350,"height":200},"classes":[]}],"_links":{"self":[{"href":"https:\/\/dominicaineslangeac.fr\/index.php\/wp-json\/wp\/v2\/pages\/120","targetHints":{"allow":["GET"]}}],"collection":[{"href":"https:\/\/dominicaineslangeac.fr\/index.php\/wp-json\/wp\/v2\/pages"}],"about":[{"href":"https:\/\/dominicaineslangeac.fr\/index.php\/wp-json\/wp\/v2\/types\/page"}],"author":[{"embeddable":true,"href":"https:\/\/dominicaineslangeac.fr\/index.php\/wp-json\/wp\/v2\/users\/1"}],"replies":[{"embeddable":true,"href":"https:\/\/dominicaineslangeac.fr\/index.php\/wp-json\/wp\/v2\/comments?post=120"}],"version-history":[{"count":42,"href":"https:\/\/dominicaineslangeac.fr\/index.php\/wp-json\/wp\/v2\/pages\/120\/revisions"}],"predecessor-version":[{"id":19766,"href":"https:\/\/dominicaineslangeac.fr\/index.php\/wp-json\/wp\/v2\/pages\/120\/revisions\/19766"}],"up":[{"embeddable":true,"href":"https:\/\/dominicaineslangeac.fr\/index.php\/wp-json\/wp\/v2\/pages\/7"}],"wp:featuredmedia":[{"embeddable":true,"href":"https:\/\/dominicaineslangeac.fr\/index.php\/wp-json\/wp\/v2\/media\/214"}],"wp:attachment":[{"href":"https:\/\/dominicaineslangeac.fr\/index.php\/wp-json\/wp\/v2\/media?parent=120"}],"curies":[{"name":"wp","href":"https:\/\/api.w.org\/{rel}","templated":true}]}}