{"id":1199,"date":"2018-11-09T18:27:11","date_gmt":"2018-11-09T17:27:11","guid":{"rendered":"http:\/\/dominicaineslangeac.fr\/?page_id=1199"},"modified":"2025-11-27T10:17:47","modified_gmt":"2025-11-27T09:17:47","slug":"nous-aider","status":"publish","type":"page","link":"https:\/\/dominicaineslangeac.fr\/index.php\/nous-aider\/","title":{"rendered":"Nous aider"},"content":{"rendered":"<header class=\"entry-header\">\n<h2 class=\"entry-title \">Vous pouvez nous aider en \u00a0adressant \u00a0un don \u00e0 la Fondation \u00a0des \u00a0Monast\u00e8res.<\/h2>\n<h2 class=\"entry-title \"><img data-recalc-dims=\"1\" loading=\"lazy\" decoding=\"async\" data-attachment-id=\"1202\" data-permalink=\"https:\/\/dominicaineslangeac.fr\/index.php\/nous-aider\/fondmon2018\/\" data-orig-file=\"https:\/\/i0.wp.com\/dominicaineslangeac.fr\/wp-content\/uploads\/2018\/11\/fondmon2018.jpg?fit=1200%2C800&amp;ssl=1\" data-orig-size=\"1200,800\" data-comments-opened=\"0\" data-image-meta=\"{&quot;aperture&quot;:&quot;0&quot;,&quot;credit&quot;:&quot;&quot;,&quot;camera&quot;:&quot;&quot;,&quot;caption&quot;:&quot;&quot;,&quot;created_timestamp&quot;:&quot;0&quot;,&quot;copyright&quot;:&quot;&quot;,&quot;focal_length&quot;:&quot;0&quot;,&quot;iso&quot;:&quot;0&quot;,&quot;shutter_speed&quot;:&quot;0&quot;,&quot;title&quot;:&quot;&quot;,&quot;orientation&quot;:&quot;0&quot;}\" data-image-title=\"Fondation des monast\u00e8res\" data-image-description=\"\" data-image-caption=\"\" data-large-file=\"https:\/\/i0.wp.com\/dominicaineslangeac.fr\/wp-content\/uploads\/2018\/11\/fondmon2018.jpg?fit=700%2C467&amp;ssl=1\" class=\"alignnone size-full wp-image-1202\" src=\"https:\/\/i0.wp.com\/dominicaineslangeac.fr\/wp-content\/uploads\/2018\/11\/fondmon2018.jpg?resize=1170%2C780\" alt=\"\" width=\"1170\" height=\"780\" srcset=\"https:\/\/i0.wp.com\/dominicaineslangeac.fr\/wp-content\/uploads\/2018\/11\/fondmon2018.jpg?w=1200&amp;ssl=1 1200w, https:\/\/i0.wp.com\/dominicaineslangeac.fr\/wp-content\/uploads\/2018\/11\/fondmon2018.jpg?resize=300%2C200&amp;ssl=1 300w, https:\/\/i0.wp.com\/dominicaineslangeac.fr\/wp-content\/uploads\/2018\/11\/fondmon2018.jpg?resize=768%2C512&amp;ssl=1 768w, https:\/\/i0.wp.com\/dominicaineslangeac.fr\/wp-content\/uploads\/2018\/11\/fondmon2018.jpg?resize=700%2C467&amp;ssl=1 700w\" sizes=\"auto, (max-width: 1170px) 100vw, 1170px\" \/><\/h2>\n<\/header>\n<div class=\"entry-content\">\n<div class=\"wp-caption alignnone\"><\/div>\n<p class=\"paragraph_style_6\">La Fondation des Monast\u00e8res, fondation reconnue d&rsquo;utilit\u00e9 publique,<\/p>\n<p class=\"paragraph_style_6\">14 rue Brunel &#8211; 75017 Paris &#8211; 01 45 31 02 02 &#8211; <a title=\"http:\/\/www.fondationdesmonasteres.org\" href=\"http:\/\/www.fondationdesmonasteres.org\/\" target=\"_blank\" rel=\"noopener noreferrer\"><span class=\"style_4\">www.<\/span><span class=\"style_5\">fondationdesmonasteres<\/span><span class=\"style_4\">.org<\/span><\/a><\/p>\n<p class=\"paragraph_style_6\">est habilit\u00e9e \u00e0 recevoir les dons d\u00e9ductibles fiscalement, pour son oeuvre de soutien charitable aux membres des communaut\u00e9s religieuses et monastiques. 5% du montant de votre don sera vers\u00e9 au fonds de solidarit\u00e9 de la Fondation des Monast\u00e8res, pour aider d&rsquo;autres communaut\u00e9s. La Fondation des Monast\u00e8res d\u00e9livre syst\u00e9matiquement un re\u00e7u fiscal.<\/p>\n<hr \/>\n<h4 class=\"paragraph_style_7\">Pour \u00a0les \u00a0particuliers\u00a0<span class=\"style\">les r\u00e9ductions fiscales en vigueur sont :<br \/>\n<\/span><\/h4>\n<ul>\n<li class=\"paragraph_style_6\"><span class=\"style\">pour l\u2019imp\u00f4t sur le revenu, de 66% du montant du don (dans la \u00a0limite de 20% du\u00a0revenu imposable)<br \/>\n<\/span><\/li>\n<li class=\"paragraph_style_6\"><span class=\"style\">pour les \u00a0particuliers soumis \u00e0 l\u2019Imp\u00f4t sur la fortune immobili\u00e8re, les r\u00e9ductions fiscales en vigueur, de 75% du montant du don <\/span><span class=\"style_1\">(dans la limite de 50 000 \u20ac).<br \/>\n<\/span><\/li>\n<\/ul>\n<h4 class=\"paragraph_style_7\">Les don des \u00a0entreprises :<\/h4>\n<ul>\n<li class=\"paragraph_style_8\">donnent lieu \u00a0\u00e0 une r\u00e9duction d\u2019imp\u00f4ts \u00e9gale \u00e0 60% de leur montant, dans la limite de 5 pour mille \u00a0du chiffre d\u2019affaires.<\/li>\n<\/ul>\n<hr \/>\n<h2 class=\"paragraph_style_9\">Comment proc\u00e9der :<\/h2>\n<p class=\"paragraph_style_9\">Vous pouvez faire votre don en ligne ou par courrier postal<\/p>\n<h4 class=\"paragraph_style_10\">En ligne :<\/h4>\n<ul>\n<li class=\"paragraph_style_10\">Vous rendre sur le site\u00a0<a title=\"http:\/\/www.fondationdesmonasteres.org\" href=\"http:\/\/www.fondationdesmonasteres.org\/\" target=\"_blank\" rel=\"noopener noreferrer\"><span class=\"style_4\">www.<\/span><span class=\"style_5\">fondationdesmonasteres<\/span><span class=\"style_4\">.org<\/span><\/a><\/li>\n<li class=\"paragraph_style_10\">cliquer\u00a0sur \u00a0le \u00a0lien\u00a0<a title=\"http:\/\/www.fondationdesmonasteres.net\/cplus\/dons.php\" href=\"https:\/\/don.fondationdesmonasteres.org\/soutenir\" target=\"_blank\" rel=\"noopener noreferrer\">dons en ligne<\/a><\/li>\n<\/ul>\n<p class=\"paragraph_style_11\">Il est n\u00e9cessaire de cocher la case : Je pr\u00e9f\u00e8re consacrer mon don \u00e0 une communaut\u00e9 monastique, puis pr\u00e9ciser\u00a0 Langeac,<\/p>\n<p class=\"paragraph_style_11\">affectation\u00a0 : Monastere Ste-Catherine des Dominicaines travaux<\/p>\n<p class=\"gmail-paragraphstyle11\"><strong>Par courrier postal<\/strong> :<\/p>\n<ul>\n<li class=\"gmail-paragraphstyle11\">en\u00a0 r\u00e9digeant votre ch\u00e8que \u00e0 \u00a0<span class=\"gmail-style2\">l\u2019ordre \u00a0de \u00a0la \u00a0Fondation \u00a0des \u00a0Monast\u00e8res<\/span>\u00a0en \u00a0inscrivant \u00a0au \u00a0dos \u00ab\u00a0Monast\u00e8re Ste-Catherine de Sienne de Langeac<span class=\"gmail-style3\">\u00a0, affectation travaux \u00bb<\/span>\u00a0 et \u00a0en l\u2019adressant \u00a0\u00e0 Fondation \u00a0des \u00a0Monast\u00e8res &#8211; 14 rue Brunel &#8211; 75017 Paris.<\/li>\n<\/ul>\n<h4 class=\"paragraph_style_13\"><\/h4>\n<\/div>\n","protected":false},"excerpt":{"rendered":"<p>Vous pouvez nous aider en \u00a0adressant \u00a0un don \u00e0 la Fondation \u00a0des \u00a0Monast\u00e8res. La Fondation des Monast\u00e8res, fondation reconnue d&rsquo;utilit\u00e9 publique, 14 rue Brunel &#8211; 75017 Paris &#8211; 01 45 31 02 02 &#8211; www.fondationdesmonasteres.org est habilit\u00e9e \u00e0 recevoir les dons d\u00e9ductibles fiscalement, pour son oeuvre de soutien charitable aux membres des communaut\u00e9s religieuses et [&hellip;]<\/p>\n","protected":false},"author":2,"featured_media":0,"parent":0,"menu_order":9,"comment_status":"closed","ping_status":"closed","template":"","meta":{"advanced_seo_description":"","jetpack_seo_html_title":"","jetpack_seo_noindex":false,"jetpack_post_was_ever_published":false,"footnotes":""},"class_list":["post-1199","page","type-page","status-publish","czr-hentry"],"jetpack_sharing_enabled":true,"jetpack_shortlink":"https:\/\/wp.me\/P7P1cC-jl","jetpack-related-posts":[{"id":6744,"url":"https:\/\/dominicaineslangeac.fr\/index.php\/jubile-2023\/colloque-22-23-sept\/","url_meta":{"origin":1199,"position":0},"title":"Colloque 22-23 sept.","author":"MONASTERE","date":"4 mars 2023","format":false,"excerpt":"Colloque historique: En 1623, fondation du monast\u00e8re des dominicaines de Langeac. Avec Bernard Dompnier approfondir la longue histoire du monast\u00e8re et l'h\u00e9ritage de la Bse Agn\u00e8s de J\u00e9sus. Conclusion avec un concert de l'ensemble Ars Figuralis","rel":"","context":"Article similaire","block_context":{"text":"Article similaire","link":""},"img":{"alt_text":"","src":"https:\/\/i0.wp.com\/dominicaineslangeac.fr\/wp-content\/uploads\/2023\/03\/Capture-decran-2023-03-04-225043.png?resize=350%2C200&ssl=1","width":350,"height":200,"srcset":"https:\/\/i0.wp.com\/dominicaineslangeac.fr\/wp-content\/uploads\/2023\/03\/Capture-decran-2023-03-04-225043.png?resize=350%2C200&ssl=1 1x, https:\/\/i0.wp.com\/dominicaineslangeac.fr\/wp-content\/uploads\/2023\/03\/Capture-decran-2023-03-04-225043.png?resize=525%2C300&ssl=1 1.5x, https:\/\/i0.wp.com\/dominicaineslangeac.fr\/wp-content\/uploads\/2023\/03\/Capture-decran-2023-03-04-225043.png?resize=700%2C400&ssl=1 2x, https:\/\/i0.wp.com\/dominicaineslangeac.fr\/wp-content\/uploads\/2023\/03\/Capture-decran-2023-03-04-225043.png?resize=1050%2C600&ssl=1 3x"},"classes":[]},{"id":6443,"url":"https:\/\/dominicaineslangeac.fr\/index.php\/jubile-2023\/priere-du-jubile\/","url_meta":{"origin":1199,"position":1},"title":"Pri\u00e8re du Jubil\u00e9","author":"MONASTERE","date":"29 d\u00e9cembre 2022","format":false,"excerpt":"Dieu de Mis\u00e9ricorde,dans ta sagesse \u00e9ternelle, tu as appel\u00e9 ton serviteur Dominique\u00e0 se mettre en route dans la foi, comme p\u00e8lerin itin\u00e9rantet pr\u00e9dicateur de la gr\u00e2ce. Il d\u00e9sira associer \u00e0 la Sainte Pr\u00e9dication nos premi\u00e8res s\u0153urs moniales,en leur confiant de chercher le Seigneur, de penser \u00e0 Lui,de l\u2019invoquer dans le\u2026","rel":"","context":"Article similaire","block_context":{"text":"Article similaire","link":""},"img":{"alt_text":"","src":"https:\/\/i0.wp.com\/dominicaineslangeac.fr\/wp-content\/uploads\/2023\/01\/DSC00077-scaled.jpg?resize=350%2C200","width":350,"height":200},"classes":[]},{"id":418,"url":"https:\/\/dominicaineslangeac.fr\/index.php\/agnes-de-langeac\/la-vie-dagnes-de-langeac\/","url_meta":{"origin":1199,"position":2},"title":"La vie de la bienheureuse Agn\u00e8s","author":"Monast\u00e8re Ste Catherine","date":"10 octobre 2016","format":false,"excerpt":"\u00a0Fond\u00e9e en 1623, la communaut\u00e9 compte parmi ses fondatrices une jeune fille du Puy en Velay, s\u0153ur Agn\u00e8s de J\u00e9sus Galand. N\u00e9e le 17 novembre 1602, elle est re\u00e7ue dans l\u2019Ordre de saint Dominique, comme tertiaire, en 1621. Elle aime \u00e0 entourer les futures mamans de sa sollicitude. En 1623,\u2026","rel":"","context":"Article similaire","block_context":{"text":"Article similaire","link":""},"img":{"alt_text":"","src":"https:\/\/i0.wp.com\/dominicaineslangeac.fr\/wp-content\/uploads\/2016\/10\/Bse-Agn%C3%A8s-de-Langeac-207x300.jpg?resize=350%2C200","width":350,"height":200},"classes":[]},{"id":850,"url":"https:\/\/dominicaineslangeac.fr\/index.php\/regle-de-vie\/histoire-du-monastere\/","url_meta":{"origin":1199,"position":3},"title":"Histoire du Monast\u00e8re","author":"Monast\u00e8re Ste Catherine","date":"12 avril 2017","format":false,"excerpt":"La fondation du monast\u00e8re et son histoire se placent sous l\u2019angle du renouveau dominicain de la premi\u00e8re moiti\u00e9 du XVIIe si\u00e8cle en France. Trente-deux fondations voient le jour \u00e0 partir de deux souches, les monast\u00e8res de Sainte Catherine de Sienne de Toulouse et de Sainte Prax\u00e8de d\u2019Avignon. C\u2019est ce dernier\u2026","rel":"","context":"Article similaire","block_context":{"text":"Article similaire","link":""},"img":{"alt_text":"","src":"https:\/\/i0.wp.com\/dominicaineslangeac.fr\/wp-content\/uploads\/2016\/10\/The_Perugia_Altarpiece_Side_Panel_Depicting_St._Dominic.jpg?resize=350%2C200","width":350,"height":200},"classes":[]},{"id":6445,"url":"https:\/\/dominicaineslangeac.fr\/index.php\/jubile-2023\/programme-du-jubile\/","url_meta":{"origin":1199,"position":4},"title":"Programme du Jubil\u00e9","author":"MONASTERE","date":"29 d\u00e9cembre 2022","format":false,"excerpt":"Dimanche 8 janvier ouverture de l\u2019ann\u00e9e jubilaire Messe solennelle de l\u2019Epiphanie, pr\u00e9sid\u00e9e par Mgr Yves Baumgarten, \u00e9v\u00eaque du Puy Mardi 4 avril V\u00eapres avec les pr\u00eatres du dioc\u00e8se au monast\u00e8re suivie de la messe Chrismale \u00e0 la coll\u00e9giale \u00e0 18h Dimanche 25 juin Journ\u00e9e des amis du monast\u00e8re et 10\u2026","rel":"","context":"Article similaire","block_context":{"text":"Article similaire","link":""},"img":{"alt_text":"","src":"","width":0,"height":0},"classes":[]},{"id":67,"url":"https:\/\/dominicaineslangeac.fr\/index.php\/aamdl\/","url_meta":{"origin":1199,"position":5},"title":"AAMDL","author":"Monast\u00e8re Ste Catherine","date":"20 ao\u00fbt 2016","format":false,"excerpt":"r L'Association des Amis des Moniales Dominicaines de Langeac L\u2019association est ouverte \u00e0 tous ceux qui veulent aider les s\u0153urs \u00e0 poursuivre leur mission : maintenir vivante la vie monastique dominicaine en Auvergne et promouvoir l\u2019h\u00e9ritage spirituel de la Bienheureuse Agn\u00e8s de J\u00e9sus. Elle a pour objet de d\u00e9velopper et\u2026","rel":"","context":"Article similaire","block_context":{"text":"Article similaire","link":""},"img":{"alt_text":"","src":"https:\/\/i0.wp.com\/dominicaineslangeac.fr\/wp-content\/uploads\/2016\/08\/AAMDL_LogoHoriz_Quadri-2-court-.jpg?fit=596%2C650&ssl=1&resize=350%2C200","width":350,"height":200,"srcset":"https:\/\/i0.wp.com\/dominicaineslangeac.fr\/wp-content\/uploads\/2016\/08\/AAMDL_LogoHoriz_Quadri-2-court-.jpg?fit=596%2C650&ssl=1&resize=350%2C200 1x, https:\/\/i0.wp.com\/dominicaineslangeac.fr\/wp-content\/uploads\/2016\/08\/AAMDL_LogoHoriz_Quadri-2-court-.jpg?fit=596%2C650&ssl=1&resize=525%2C300 1.5x"},"classes":[]}],"_links":{"self":[{"href":"https:\/\/dominicaineslangeac.fr\/index.php\/wp-json\/wp\/v2\/pages\/1199","targetHints":{"allow":["GET"]}}],"collection":[{"href":"https:\/\/dominicaineslangeac.fr\/index.php\/wp-json\/wp\/v2\/pages"}],"about":[{"href":"https:\/\/dominicaineslangeac.fr\/index.php\/wp-json\/wp\/v2\/types\/page"}],"author":[{"embeddable":true,"href":"https:\/\/dominicaineslangeac.fr\/index.php\/wp-json\/wp\/v2\/users\/2"}],"replies":[{"embeddable":true,"href":"https:\/\/dominicaineslangeac.fr\/index.php\/wp-json\/wp\/v2\/comments?post=1199"}],"version-history":[{"count":8,"href":"https:\/\/dominicaineslangeac.fr\/index.php\/wp-json\/wp\/v2\/pages\/1199\/revisions"}],"predecessor-version":[{"id":19919,"href":"https:\/\/dominicaineslangeac.fr\/index.php\/wp-json\/wp\/v2\/pages\/1199\/revisions\/19919"}],"wp:attachment":[{"href":"https:\/\/dominicaineslangeac.fr\/index.php\/wp-json\/wp\/v2\/media?parent=1199"}],"curies":[{"name":"wp","href":"https:\/\/api.w.org\/{rel}","templated":true}]}}